{"id":3931,"date":"2021-03-22T20:49:02","date_gmt":"2021-03-22T18:49:02","guid":{"rendered":"https:\/\/quintett.eu\/?product=proel-direct100a"},"modified":"2021-03-23T10:43:17","modified_gmt":"2021-03-23T08:43:17","slug":"proel-direct100a","status":"publish","type":"product","link":"https:\/\/quintett.eu\/?product=proel-direct100a","title":{"rendered":"Proel DIRECT100A"},"content":{"rendered":"<p>DI box activ\u00a0Proel DIRECT100A<\/p>\n<ul>\n<li>Impedanta de intrare: &gt; 250 Kohm<\/li>\n<li>Nivel maxim de intrare: +6 (PAD la 0) \/ +26 (PAD la 20) dBu<\/li>\n<li>Conectori: 1 x XLR-F + 1 x Jack 6.3mm nebalansat<\/li>\n<li>Link: 1 x Jack 6.3mm nebalansat<\/li>\n<li>Impedan\u021b\u0103 de \u00eenc\u0103rcare: 600 ohmi sau mai mult<\/li>\n<li>Conector Iesire: XLR-M\u00a0<\/li>\n<li>Distorsiune THD 50 \u00f7 20k Hz 0dBu: &lt;0,005%<\/li>\n<li>Zgomot: &lt;-105 dBu neweighted\u00a0<\/li>\n<li>R\u0103spunsul in frecven\u021b\u0103: 10 Hz p\u00e2n\u0103 la 40 kHz (-3 dB)\u00a0<\/li>\n<li>Controale: ON\/OFF, PAD -20, GND LIFT<\/li>\n<li>Indicatori: Power<\/li>\n<li>Phantom Power: +18 V DC la + 48 V DC\u00a0<\/li>\n<li>Alimentare: baterie 9V tip PP3 alcalin<\/li>\n<li>Dimensiuni (L x \u00ce x \u00ce): 152 x 50 x 134 mm<\/li>\n<li>Greutate (exclusiv baterii):0,70 kg<\/li>\n<\/ul>\n","protected":false},"excerpt":{"rendered":"<p>DI box activ\u00a0Proel DIRECT100A cu carcasa din\u00a0<span>aluminiu extrudat\u0103 si \u0219asiu metalic robust cu posibilitate de stivuire.<\/span><\/p>\n","protected":false},"featured_media":3930,"comment_status":"open","ping_status":"closed","template":"","meta":[],"product_brand":[],"product_cat":[292],"product_tag":[291],"class_list":{"0":"post-3931","1":"product","2":"type-product","3":"status-publish","4":"has-post-thumbnail","6":"product_cat-proel","7":"product_tag-proel","9":"first","10":"instock","11":"taxable","12":"shipping-taxable","13":"purchasable","14":"product-type-simple"},"jetpack_sharing_enabled":true,"_links":{"self":[{"href":"https:\/\/quintett.eu\/index.php?rest_route=\/wp\/v2\/product\/3931","targetHints":{"allow":["GET"]}}],"collection":[{"href":"https:\/\/quintett.eu\/index.php?rest_route=\/wp\/v2\/product"}],"about":[{"href":"https:\/\/quintett.eu\/index.php?rest_route=\/wp\/v2\/types\/product"}],"replies":[{"embeddable":true,"href":"https:\/\/quintett.eu\/index.php?rest_route=%2Fwp%2Fv2%2Fcomments&post=3931"}],"wp:featuredmedia":[{"embeddable":true,"href":"https:\/\/quintett.eu\/index.php?rest_route=\/wp\/v2\/media\/3930"}],"wp:attachment":[{"href":"https:\/\/quintett.eu\/index.php?rest_route=%2Fwp%2Fv2%2Fmedia&parent=3931"}],"wp:term":[{"taxonomy":"product_brand","embeddable":true,"href":"https:\/\/quintett.eu\/index.php?rest_route=%2Fwp%2Fv2%2Fproduct_brand&post=3931"},{"taxonomy":"product_cat","embeddable":true,"href":"https:\/\/quintett.eu\/index.php?rest_route=%2Fwp%2Fv2%2Fproduct_cat&post=3931"},{"taxonomy":"product_tag","embeddable":true,"href":"https:\/\/quintett.eu\/index.php?rest_route=%2Fwp%2Fv2%2Fproduct_tag&post=3931"}],"curies":[{"name":"wp","href":"https:\/\/api.w.org\/{rel}","templated":true}]}}