{"id":3998,"date":"2021-03-22T20:50:28","date_gmt":"2021-03-22T18:50:28","guid":{"rendered":"https:\/\/quintett.eu\/?product=proel-hpamp104"},"modified":"2021-03-23T10:45:34","modified_gmt":"2021-03-23T08:45:34","slug":"proel-hpamp104","status":"publish","type":"product","link":"https:\/\/quintett.eu\/?product=proel-hpamp104","title":{"rendered":"Proel HPAMP104"},"content":{"rendered":"<p>Amplificator casti\u00a0Proel HPAMP104<\/p>\n<ul>\n<li>intr\u0103ri: 1 stereo<\/li>\n<li>impedanta de intrare: 500 Kohm<\/li>\n<li>nivel maxim de intrare: +15 dBu<\/li>\n<li>conectori: 1\/4 &#8222;jack stereo, 2 x RCA<\/li>\n<li>ie\u015firi:4 stereo<\/li>\n<li>puterea maxim\u0103: (2x) 45mW la 100 ohmi (fiecare)<\/li>\n<li>impedan\u021b\u0103 de \u00eenc\u0103rcare: minim 16 ohmi pe canal<\/li>\n<li>conector: Jack stereo de 1\/4 &#8222;(fiecare ie\u0219ire)<\/li>\n<li>controale: nivel de iesire, swich<\/li>\n<li>indicatori LED\u00a0<\/li>\n<li>alimentare electric\u0103: 12-18V DC (aalimentator inclus)<\/li>\n<li>Dimensiuni(L x \u00ce x \u00ce): 152 x 50 x 72 mm<\/li>\n<li>Greutate: 0,8 kg<\/li>\n<\/ul>\n","protected":false},"excerpt":{"rendered":"<p>Amplificator casti\u00a0Proel HPAMP104 cu 4 canale foarte compact \u0219i portabil<\/p>\n","protected":false},"featured_media":3997,"comment_status":"open","ping_status":"closed","template":"","meta":[],"product_brand":[],"product_cat":[292],"product_tag":[291],"class_list":{"0":"post-3998","1":"product","2":"type-product","3":"status-publish","4":"has-post-thumbnail","6":"product_cat-proel","7":"product_tag-proel","9":"first","10":"instock","11":"taxable","12":"shipping-taxable","13":"purchasable","14":"product-type-simple"},"jetpack_sharing_enabled":true,"_links":{"self":[{"href":"https:\/\/quintett.eu\/index.php?rest_route=\/wp\/v2\/product\/3998","targetHints":{"allow":["GET"]}}],"collection":[{"href":"https:\/\/quintett.eu\/index.php?rest_route=\/wp\/v2\/product"}],"about":[{"href":"https:\/\/quintett.eu\/index.php?rest_route=\/wp\/v2\/types\/product"}],"replies":[{"embeddable":true,"href":"https:\/\/quintett.eu\/index.php?rest_route=%2Fwp%2Fv2%2Fcomments&post=3998"}],"wp:featuredmedia":[{"embeddable":true,"href":"https:\/\/quintett.eu\/index.php?rest_route=\/wp\/v2\/media\/3997"}],"wp:attachment":[{"href":"https:\/\/quintett.eu\/index.php?rest_route=%2Fwp%2Fv2%2Fmedia&parent=3998"}],"wp:term":[{"taxonomy":"product_brand","embeddable":true,"href":"https:\/\/quintett.eu\/index.php?rest_route=%2Fwp%2Fv2%2Fproduct_brand&post=3998"},{"taxonomy":"product_cat","embeddable":true,"href":"https:\/\/quintett.eu\/index.php?rest_route=%2Fwp%2Fv2%2Fproduct_cat&post=3998"},{"taxonomy":"product_tag","embeddable":true,"href":"https:\/\/quintett.eu\/index.php?rest_route=%2Fwp%2Fv2%2Fproduct_tag&post=3998"}],"curies":[{"name":"wp","href":"https:\/\/api.w.org\/{rel}","templated":true}]}}