{"id":4022,"date":"2021-03-22T20:50:51","date_gmt":"2021-03-22T18:50:51","guid":{"rendered":"https:\/\/quintett.eu\/?product=se-electronics-v-kick"},"modified":"2021-03-22T20:50:51","modified_gmt":"2021-03-22T18:50:51","slug":"se-electronics-v-kick","status":"publish","type":"product","link":"https:\/\/quintett.eu\/?product=se-electronics-v-kick","title":{"rendered":"sE Electronics V KICK"},"content":{"rendered":"<p>sE Electronics V KICK<\/p>\n<ul>\n<li>microfon dinamic pentru toba mare<\/li>\n<li>capsula: dinamica<\/li>\n<li>bobina:\u00a0aluminu<\/li>\n<li>magnet: Neodymium<\/li>\n<li>petern directional:\u00a0Supercardioid<\/li>\n<li>raspuns frecventa: 20 Hz &#8211; 19 kHz<\/li>\n<li>impedanta: 300 Ohms<\/li>\n<li>sensibilitate:\u00a00.2 \/ 0.4 mV\/Pa (-69 \/ -75 dBV)<\/li>\n<li>conectivitate: 3-pin XLR tata<\/li>\n<li>inaltime: 60 mm x \u00a0lungime: 135 mm<\/li>\n<li>greutate:\u00a0468g<\/li>\n<\/ul>\n<p><iframe width=\"425\" height=\"350\" src=\"http:\/\/www.youtube.com\/embed\/Ppf8Ul7j_30\"><\/iframe><\/p>\n","protected":false},"excerpt":{"rendered":"<p>Microfon toba mare sE Electronics V KICK.\u00a0V KICK este cel mai compact \u0219i versatil microfon din clasa sa, destinat utiliz\u0103rii cu\u00a0tobe mari \u0219i alte surse, cum ar fi cabinetele pentru chitar\u0103 bass, tobe de podea sau alte tobe mari, unde energia cu frecven\u021b\u0103 redus\u0103 este de maxim\u0103 importan\u021b\u0103.<\/p>\n","protected":false},"featured_media":4021,"comment_status":"open","ping_status":"closed","template":"","meta":[],"product_brand":[],"product_cat":[300],"product_tag":[299],"class_list":{"0":"post-4022","1":"product","2":"type-product","3":"status-publish","4":"has-post-thumbnail","6":"product_cat-se-electronics","7":"product_tag-se-electronics","9":"first","10":"instock","11":"taxable","12":"shipping-taxable","13":"purchasable","14":"product-type-simple"},"jetpack_sharing_enabled":true,"_links":{"self":[{"href":"https:\/\/quintett.eu\/index.php?rest_route=\/wp\/v2\/product\/4022","targetHints":{"allow":["GET"]}}],"collection":[{"href":"https:\/\/quintett.eu\/index.php?rest_route=\/wp\/v2\/product"}],"about":[{"href":"https:\/\/quintett.eu\/index.php?rest_route=\/wp\/v2\/types\/product"}],"replies":[{"embeddable":true,"href":"https:\/\/quintett.eu\/index.php?rest_route=%2Fwp%2Fv2%2Fcomments&post=4022"}],"wp:featuredmedia":[{"embeddable":true,"href":"https:\/\/quintett.eu\/index.php?rest_route=\/wp\/v2\/media\/4021"}],"wp:attachment":[{"href":"https:\/\/quintett.eu\/index.php?rest_route=%2Fwp%2Fv2%2Fmedia&parent=4022"}],"wp:term":[{"taxonomy":"product_brand","embeddable":true,"href":"https:\/\/quintett.eu\/index.php?rest_route=%2Fwp%2Fv2%2Fproduct_brand&post=4022"},{"taxonomy":"product_cat","embeddable":true,"href":"https:\/\/quintett.eu\/index.php?rest_route=%2Fwp%2Fv2%2Fproduct_cat&post=4022"},{"taxonomy":"product_tag","embeddable":true,"href":"https:\/\/quintett.eu\/index.php?rest_route=%2Fwp%2Fv2%2Fproduct_tag&post=4022"}],"curies":[{"name":"wp","href":"https:\/\/api.w.org\/{rel}","templated":true}]}}