{"id":4024,"date":"2021-03-22T20:50:57","date_gmt":"2021-03-22T18:50:57","guid":{"rendered":"https:\/\/quintett.eu\/?product=se-electronics-v-beat"},"modified":"2021-03-22T20:50:57","modified_gmt":"2021-03-22T18:50:57","slug":"se-electronics-v-beat","status":"publish","type":"product","link":"https:\/\/quintett.eu\/?product=se-electronics-v-beat","title":{"rendered":"sE Electronics V BEAT"},"content":{"rendered":"<p><span>sE Electronics V BEAT<\/span><\/p>\n<ul>\n<li><span>microfon pentru premier sau tom<\/span><\/li>\n<li><span>capsula: dinamica<\/span><\/li>\n<li><span>bobina:\u00a0aluminu<\/span><\/li>\n<li><span>magnet: Neodymium<\/span><\/li>\n<li><span>petern directional:\u00a0Supercardioid<\/span><\/li>\n<li><span>raspuns frecventa:\u00a030 Hz &#8211; 19 kHz<\/span><\/li>\n<li><span>impedanta: 300 Ohms<\/span><\/li>\n<li><span>sensibilitate:\u00a00.2 \/ 0.4 mV\/Pa (-69 \/ -75 dBV)<\/span><\/li>\n<li><span>conectivitate: 3-pin XLR tata<\/span><\/li>\n<li><span>inaltime: 61 mm x \u00a0lungime: 110\u00a0mm<\/span><\/li>\n<li><span>greutate:\u00a0347g<\/span><\/li>\n<\/ul>\n<p><span><iframe width=\"425\" height=\"350\" src=\"http:\/\/www.youtube.com\/embed\/Ppf8Ul7j_30\"><\/iframe><\/span><\/p>\n","protected":false},"excerpt":{"rendered":"<p><span>Microfon premier \/ tom\u00a0<\/span><span>sE Electronics V BEAT.\u00a0<\/span><span>V BEAT este cel mai compact microfon din tobe din clasa sa, destinat utiliz\u0103rii cu\u00a0<\/span><span>tom-uri<\/span><span>\u00a0sau\u00a0<\/span><span>premiere<\/span><span>. Spre deosebire de V7, care este optimizat pentru voce, V BEAT este dotat cu aceea\u0219i performan\u021b\u0103 sonic\u0103 de \u00eenalt\u0103 calitate ca \u0219i dinamica instrumentului V7 X, dar \u00eentr-un factor dedicat,\u00a0<\/span><span>tobelor<\/span><span>.<\/span><\/p>\n","protected":false},"featured_media":4023,"comment_status":"open","ping_status":"closed","template":"","meta":[],"product_brand":[],"product_cat":[300],"product_tag":[299],"class_list":{"0":"post-4024","1":"product","2":"type-product","3":"status-publish","4":"has-post-thumbnail","6":"product_cat-se-electronics","7":"product_tag-se-electronics","9":"first","10":"instock","11":"taxable","12":"shipping-taxable","13":"purchasable","14":"product-type-simple"},"jetpack_sharing_enabled":true,"_links":{"self":[{"href":"https:\/\/quintett.eu\/index.php?rest_route=\/wp\/v2\/product\/4024","targetHints":{"allow":["GET"]}}],"collection":[{"href":"https:\/\/quintett.eu\/index.php?rest_route=\/wp\/v2\/product"}],"about":[{"href":"https:\/\/quintett.eu\/index.php?rest_route=\/wp\/v2\/types\/product"}],"replies":[{"embeddable":true,"href":"https:\/\/quintett.eu\/index.php?rest_route=%2Fwp%2Fv2%2Fcomments&post=4024"}],"wp:featuredmedia":[{"embeddable":true,"href":"https:\/\/quintett.eu\/index.php?rest_route=\/wp\/v2\/media\/4023"}],"wp:attachment":[{"href":"https:\/\/quintett.eu\/index.php?rest_route=%2Fwp%2Fv2%2Fmedia&parent=4024"}],"wp:term":[{"taxonomy":"product_brand","embeddable":true,"href":"https:\/\/quintett.eu\/index.php?rest_route=%2Fwp%2Fv2%2Fproduct_brand&post=4024"},{"taxonomy":"product_cat","embeddable":true,"href":"https:\/\/quintett.eu\/index.php?rest_route=%2Fwp%2Fv2%2Fproduct_cat&post=4024"},{"taxonomy":"product_tag","embeddable":true,"href":"https:\/\/quintett.eu\/index.php?rest_route=%2Fwp%2Fv2%2Fproduct_tag&post=4024"}],"curies":[{"name":"wp","href":"https:\/\/api.w.org\/{rel}","templated":true}]}}