{"id":4042,"date":"2021-03-22T20:51:24","date_gmt":"2021-03-22T18:51:24","guid":{"rendered":"https:\/\/quintett.eu\/?product=alto-stealth-wireless"},"modified":"2023-08-31T16:30:57","modified_gmt":"2023-08-31T14:30:57","slug":"alto-stealth-wireless","status":"publish","type":"product","link":"https:\/\/quintett.eu\/?product=alto-stealth-wireless","title":{"rendered":"Alto Stealth Wireless"},"content":{"rendered":"<p>Alto Stealth Wireless<\/p>\n<ul class=\"prod-features\">\n<li><span><span><span>Compatibil cu toate difuzoarele active<\/span><\/span><\/span><\/li>\n<li><span><span><span>Set\u0103ri mai rapide \u0219i teardowns<\/span><\/span><\/span><\/li>\n<li><span><span><span>Elimin\u0103 cablurile deranjante<\/span><\/span><\/span><\/li>\n<li><span><span><span>Emi\u021b\u0103tor cu dou\u0103 canale cu dou\u0103 intr\u0103ri XLR \/ 6.3 mm<\/span><\/span><\/span><\/li>\n<li><span><span><span>2 receptoare cu un singur canal cu o ie\u0219ire XLR (pe unitate)<\/span><\/span><\/span><\/li>\n<li><span><span><span>\u00cenlocuieste cablul p\u00e2n\u0103 la 60 m<\/span><\/span><\/span><\/li>\n<li><span><span><span>Nu exist\u0103 compromisuri \u00een ceea ce prive\u0219te calitatea audio<\/span><\/span><\/span><\/li>\n<li><span><span><span>Banda UHF<\/span><\/span><\/span><\/li>\n<li><span><span><span>16 Canale selectabile<\/span><\/span><\/span><\/li>\n<li><span><span><span>Interferen\u021bele sunt suprimate<\/span><\/span><\/span><\/li>\n<li><span><span><span>Expansiune cu p\u00e2n\u0103 la zece difuzoare<\/span><\/span><\/span><\/li>\n<li><span><span><span>Transmi\u021b\u0103toare: (2) intr\u0103ri XLR + 6,3 mm<\/span><\/span><\/span><\/li>\n<li><span><span><span>Receptor: (1) Ie\u0219ire XLR (pe receptor)<\/span><\/span><\/span><\/li>\n<li><span><span><span>Interval de frecven\u021b\u0103: 863 &#8211; 865 MHz<\/span><\/span><\/span><\/li>\n<\/ul>\n","protected":false},"excerpt":{"rendered":"<p>Alto Stealth Wireless &#8211; sistem wireless, compatibil cu toate difuzoarele active, setari rapide, emitator cu doua canale cu 2 intrari XLR\/6.3 mm, 2 receptoare cu un singur canal cu o iesire XLR ( pe unitate), nu exista compromisuri in ceea ce priveste calitatea audio, banda UHF, 16 canale selectabile, interval de frecventa: 863-865 MHz<\/p>\n","protected":false},"featured_media":4041,"comment_status":"open","ping_status":"closed","template":"","meta":[],"product_brand":[],"product_cat":[298],"product_tag":[297],"class_list":{"0":"post-4042","1":"product","2":"type-product","3":"status-publish","4":"has-post-thumbnail","6":"product_cat-alto","7":"product_tag-alto","9":"first","10":"outofstock","11":"taxable","12":"shipping-taxable","13":"purchasable","14":"product-type-simple"},"jetpack_sharing_enabled":true,"_links":{"self":[{"href":"https:\/\/quintett.eu\/index.php?rest_route=\/wp\/v2\/product\/4042","targetHints":{"allow":["GET"]}}],"collection":[{"href":"https:\/\/quintett.eu\/index.php?rest_route=\/wp\/v2\/product"}],"about":[{"href":"https:\/\/quintett.eu\/index.php?rest_route=\/wp\/v2\/types\/product"}],"replies":[{"embeddable":true,"href":"https:\/\/quintett.eu\/index.php?rest_route=%2Fwp%2Fv2%2Fcomments&post=4042"}],"wp:featuredmedia":[{"embeddable":true,"href":"https:\/\/quintett.eu\/index.php?rest_route=\/wp\/v2\/media\/4041"}],"wp:attachment":[{"href":"https:\/\/quintett.eu\/index.php?rest_route=%2Fwp%2Fv2%2Fmedia&parent=4042"}],"wp:term":[{"taxonomy":"product_brand","embeddable":true,"href":"https:\/\/quintett.eu\/index.php?rest_route=%2Fwp%2Fv2%2Fproduct_brand&post=4042"},{"taxonomy":"product_cat","embeddable":true,"href":"https:\/\/quintett.eu\/index.php?rest_route=%2Fwp%2Fv2%2Fproduct_cat&post=4042"},{"taxonomy":"product_tag","embeddable":true,"href":"https:\/\/quintett.eu\/index.php?rest_route=%2Fwp%2Fv2%2Fproduct_tag&post=4042"}],"curies":[{"name":"wp","href":"https:\/\/api.w.org\/{rel}","templated":true}]}}