{"id":4060,"date":"2021-03-22T20:51:39","date_gmt":"2021-03-22T18:51:39","guid":{"rendered":"https:\/\/quintett.eu\/?product=alto-uber-lt"},"modified":"2023-08-31T16:30:46","modified_gmt":"2023-08-31T14:30:46","slug":"alto-uber-lt","status":"publish","type":"product","link":"https:\/\/quintett.eu\/?product=alto-uber-lt","title":{"rendered":"Alto Uber LT"},"content":{"rendered":"<p>Sistem PA portabil Alto Uber LT<\/p>\n<ul>\n<li>Boxa portabila cu auto-func\u021bionare<\/li>\n<li>Port de \u00eenc\u0103rcare USB pentru telefon, tablet\u0103 sau alt dispozitiv<\/li>\n<li>Tava de stocare la nivel superior pentru smartphone-uri, chei, etc<\/li>\n<li>Design robust cu m\u00e2nerul din spate integrat pentru transportul facil<\/li>\n<li>baterie re\u00eenc\u0103rcabil\u0103 ce poate oferi p\u00e2n\u0103 la 15 de ore de utilizare continu\u0103<\/li>\n<li>Putere de ie\u0219ire:\n<ul>\n<li>50 W PEAK (varf)<\/li>\n<li>25 W RMS (continuu)<\/li>\n<\/ul>\n<\/li>\n<li>Driver LF: woofer de 6,5&#8243; (165,1 mm)<\/li>\n<li>Driver HF: tweeter de 2&#8243; (50,8 mm)<\/li>\n<li>R\u0103spunsul de frecven\u021b\u0103: 90 Hz &#8211; 20 kHz<\/li>\n<li>Conectori:\n<ul>\n<li>doua intrari de canal Line \/ Mic cu mufe combo XLR\/Jack 6,35 mm TRS<\/li>\n<li>o intrare Jack 3,5 mm (stereo)<\/li>\n<li>o ie\u0219ire Jack 6.35 mm<\/li>\n<li>conector de \u00eenc\u0103rcare USB + 5V 1A<\/li>\n<li>Bluetooth (V 4.2)<\/li>\n<\/ul>\n<\/li>\n<li>Controale:\n<ul>\n<li>Comenzi de volum pentru canalele Line \/ Mic<\/li>\n<li>Selectori Line \/ Mic<\/li>\n<li>Controlul volumului pentru canalele Bluetooth\u00ae \u0219i Aux, Master Volume<\/li>\n<li>Buton de asociere Bluetooth\u00ae<\/li>\n<\/ul>\n<\/li>\n<li>Indicatori:\n<ul>\n<li>Power On<\/li>\n<li>nivel al bateriei\/acumulatorului<\/li>\n<li>starea de asociere Bluetooth\u00ae.<\/li>\n<\/ul>\n<\/li>\n<li>Bluetooth\u00ae:\n<ul>\n<li>Profil: A2DP, AVRCP<\/li>\n<li>Interval: P\u00e2n\u0103 la 30,5 metri<\/li>\n<li>Conexiune Bluetooth\u00ae: asociere manual\u0103 sau NFC<\/li>\n<\/ul>\n<\/li>\n<li>Tip baterie: 12 V, 2.8 Ah SLA<\/li>\n<li>Putere: 100-240V AC, 50\/60 Hz, 50W<\/li>\n<li>Alimentare tensiune AC \/ siguran\u021b\u0103: 100-240V \/ T630mAL AC250V<\/li>\n<li>Dimensiuni: (H x W x D): 338 mm x 334 mm x 254 mm<\/li>\n<li>Greutate: 5,8 kg.<\/li>\n<\/ul>\n","protected":false},"excerpt":{"rendered":"<p>Sistem PA portabil Alto Uber LT cu acumulator si transmisie wireless Bluetooth\u00ae si port de incarcare USB.<\/p>\n","protected":false},"featured_media":4059,"comment_status":"open","ping_status":"closed","template":"","meta":[],"product_brand":[],"product_cat":[298],"product_tag":[297],"class_list":{"0":"post-4060","1":"product","2":"type-product","3":"status-publish","4":"has-post-thumbnail","6":"product_cat-alto","7":"product_tag-alto","9":"first","10":"outofstock","11":"taxable","12":"shipping-taxable","13":"purchasable","14":"product-type-simple"},"jetpack_sharing_enabled":true,"_links":{"self":[{"href":"https:\/\/quintett.eu\/index.php?rest_route=\/wp\/v2\/product\/4060","targetHints":{"allow":["GET"]}}],"collection":[{"href":"https:\/\/quintett.eu\/index.php?rest_route=\/wp\/v2\/product"}],"about":[{"href":"https:\/\/quintett.eu\/index.php?rest_route=\/wp\/v2\/types\/product"}],"replies":[{"embeddable":true,"href":"https:\/\/quintett.eu\/index.php?rest_route=%2Fwp%2Fv2%2Fcomments&post=4060"}],"wp:featuredmedia":[{"embeddable":true,"href":"https:\/\/quintett.eu\/index.php?rest_route=\/wp\/v2\/media\/4059"}],"wp:attachment":[{"href":"https:\/\/quintett.eu\/index.php?rest_route=%2Fwp%2Fv2%2Fmedia&parent=4060"}],"wp:term":[{"taxonomy":"product_brand","embeddable":true,"href":"https:\/\/quintett.eu\/index.php?rest_route=%2Fwp%2Fv2%2Fproduct_brand&post=4060"},{"taxonomy":"product_cat","embeddable":true,"href":"https:\/\/quintett.eu\/index.php?rest_route=%2Fwp%2Fv2%2Fproduct_cat&post=4060"},{"taxonomy":"product_tag","embeddable":true,"href":"https:\/\/quintett.eu\/index.php?rest_route=%2Fwp%2Fv2%2Fproduct_tag&post=4060"}],"curies":[{"name":"wp","href":"https:\/\/api.w.org\/{rel}","templated":true}]}}