{"id":4066,"date":"2021-03-22T20:51:45","date_gmt":"2021-03-22T18:51:45","guid":{"rendered":"https:\/\/quintett.eu\/?product=proel-flash8xp"},"modified":"2021-03-22T20:51:45","modified_gmt":"2021-03-22T18:51:45","slug":"proel-flash8xp","status":"publish","type":"product","link":"https:\/\/quintett.eu\/?product=proel-flash8xp","title":{"rendered":"Proel FLASH8XP"},"content":{"rendered":"<p>Boxa pasiva\u00a0Proel FLASH8XP<\/p>\n<ul>\n<li>Tip sistem cu doua cai<\/li>\n<li>Driver\u00a0de inalta frecventa 1 &#8220; cu Voice Coil de 1.35 &#8222;si diafragma de titan<\/li>\n<li>Difuzor de joasa frecventa: 12&#8243; cu 2,5 VC<\/li>\n<li>Unghi de acoperire: 90 \u00b0 H x 60 \u00b0 V<\/li>\n<li>Impedanta nominala: 8 \u03a9<\/li>\n<li>Putere nominala (continua): 300 W<\/li>\n<li>Putere nominala (program): 600 W<\/li>\n<li>Putere nominala (varf): 1200 W<\/li>\n<li>Raspuns frecventa: 60 Hz &#8211; 20 kHz<\/li>\n<li>Sensibilitate: 99 dB @ 1 W \/ 1 m<\/li>\n<li>Frecventa\u00a0Crossover: 2000 Hz<\/li>\n<li>Conectori: 2 x SPEAKON in link<\/li>\n<li>Greutate: 18,5 kg\u00a0<\/li>\n<li>Sistemul de suspendare: 4 x M10 &#8211; de sus \/ de jos<\/li>\n<li>Material carcasa: polipropilena<\/li>\n<li>Manere 2 x laturi, 1 x top &#8211; aluminiu<\/li>\n<li>Flansa\u00a0de montare: 1 x dedesubt<\/li>\n<li>Dimensiuni (L x I xl): 390 x 623 x 350 mm<\/li>\n<\/ul>\n","protected":false},"excerpt":{"rendered":"<p>Boxa pasiva\u00a0Proel FLASH8XP din\u00a0<span>cea de-a treia generatie a unei serii de difuzoare care reprezinta o referinta pentru sisteme compacte si portabile de ani de zile.\u00a0C<\/span><span>ontinu\u0103 o lung\u0103 istorie a sunetului de \u00eenalt\u0103 defini\u021bie, a fiabilit\u0103\u021bii \u0219i a construc\u021biei robuste \u00eentr-un pachet accesibil, ad\u0103ug\u00e2nd acum pa\u0219i importan\u021bi \u00een tehnologie \u0219i un stil nou, oferind totodat\u0103 cele mai bune performan\u021be.<\/span><\/p>\n","protected":false},"featured_media":4065,"comment_status":"open","ping_status":"closed","template":"","meta":[],"product_brand":[],"product_cat":[292],"product_tag":[291],"class_list":{"0":"post-4066","1":"product","2":"type-product","3":"status-publish","4":"has-post-thumbnail","6":"product_cat-proel","7":"product_tag-proel","9":"first","10":"instock","11":"taxable","12":"shipping-taxable","13":"purchasable","14":"product-type-simple"},"jetpack_sharing_enabled":true,"_links":{"self":[{"href":"https:\/\/quintett.eu\/index.php?rest_route=\/wp\/v2\/product\/4066","targetHints":{"allow":["GET"]}}],"collection":[{"href":"https:\/\/quintett.eu\/index.php?rest_route=\/wp\/v2\/product"}],"about":[{"href":"https:\/\/quintett.eu\/index.php?rest_route=\/wp\/v2\/types\/product"}],"replies":[{"embeddable":true,"href":"https:\/\/quintett.eu\/index.php?rest_route=%2Fwp%2Fv2%2Fcomments&post=4066"}],"wp:featuredmedia":[{"embeddable":true,"href":"https:\/\/quintett.eu\/index.php?rest_route=\/wp\/v2\/media\/4065"}],"wp:attachment":[{"href":"https:\/\/quintett.eu\/index.php?rest_route=%2Fwp%2Fv2%2Fmedia&parent=4066"}],"wp:term":[{"taxonomy":"product_brand","embeddable":true,"href":"https:\/\/quintett.eu\/index.php?rest_route=%2Fwp%2Fv2%2Fproduct_brand&post=4066"},{"taxonomy":"product_cat","embeddable":true,"href":"https:\/\/quintett.eu\/index.php?rest_route=%2Fwp%2Fv2%2Fproduct_cat&post=4066"},{"taxonomy":"product_tag","embeddable":true,"href":"https:\/\/quintett.eu\/index.php?rest_route=%2Fwp%2Fv2%2Fproduct_tag&post=4066"}],"curies":[{"name":"wp","href":"https:\/\/api.w.org\/{rel}","templated":true}]}}