{"id":4112,"date":"2021-03-22T20:52:45","date_gmt":"2021-03-22T18:52:45","guid":{"rendered":"https:\/\/quintett.eu\/?product=casio-lk-s250"},"modified":"2021-03-22T20:52:45","modified_gmt":"2021-03-22T18:52:45","slug":"casio-lk-s250","status":"publish","type":"product","link":"https:\/\/quintett.eu\/?product=casio-lk-s250","title":{"rendered":"Casio LK-S250"},"content":{"rendered":"<p>Aranjor\u00a0Casio LK-S250<\/p>\n<ul>\n<li>61 de clape dinamice luminate<\/li>\n<li>maner de transport<\/li>\n<li><span>polifonie pe 48 note<\/span><\/li>\n<li>400 sunete<\/li>\n<li><span>77 de tipuri de ritmuri\u00a0<\/span><\/li>\n<li><span><span>Efecte:\u00a0Dance Music<\/span><\/span><\/li>\n<li><span><span><span>Func\u021bia de \u00eenv\u0103\u021bare: m\u00e2na st\u00e2ng\u0103, m\u00e2na dreapt\u0103, ambele m\u00e2ini<\/span><\/span><\/span><\/li>\n<li><span>Conexiune USB<\/span><\/li>\n<li><span><span>Ecran LCD<\/span><\/span><\/li>\n<li><span>Functia Transpose<\/span><\/li>\n<li><span><span>Metronom<\/span><\/span><\/li>\n<li>Posibilitate de conectare la aplicatia gratuita\u00a0Chordana Play<\/li>\n<li><span>F<\/span><span>unctioneaza si pe baterii<\/span><\/li>\n<li>Intrare audio cu jack stereo de 3,5 mm<\/li>\n<li>Conexiune pentru pedala de Sustain<\/li>\n<li><span>Conexiune microfon<\/span><\/li>\n<li>Dimensiuni: 930 x 256 x 73 mm<\/li>\n<li>Greutate: 3,4 kg<\/li>\n<li><span>Incl.\u00a0Sursa de alimentare AD-E95100<\/span><\/li>\n<\/ul>\n<p><span><iframe width=\"560\" height=\"315\" src=\"https:\/\/www.youtube.com\/embed\/noPL08gz6go\" frameborder=\"0\"><\/iframe><\/span><\/p>\n","protected":false},"excerpt":{"rendered":"<p>Aranjor\u00a0Casio\u00a0Casio LK-S250\u00a0 cu 61 de clape\u00a0potrivita pentru incepatori<\/p>\n","protected":false},"featured_media":4111,"comment_status":"open","ping_status":"closed","template":"","meta":[],"product_brand":[],"product_cat":[294],"product_tag":[293],"class_list":{"0":"post-4112","1":"product","2":"type-product","3":"status-publish","4":"has-post-thumbnail","6":"product_cat-casio","7":"product_tag-casio","9":"first","10":"instock","11":"taxable","12":"shipping-taxable","13":"purchasable","14":"product-type-simple"},"jetpack_sharing_enabled":true,"_links":{"self":[{"href":"https:\/\/quintett.eu\/index.php?rest_route=\/wp\/v2\/product\/4112","targetHints":{"allow":["GET"]}}],"collection":[{"href":"https:\/\/quintett.eu\/index.php?rest_route=\/wp\/v2\/product"}],"about":[{"href":"https:\/\/quintett.eu\/index.php?rest_route=\/wp\/v2\/types\/product"}],"replies":[{"embeddable":true,"href":"https:\/\/quintett.eu\/index.php?rest_route=%2Fwp%2Fv2%2Fcomments&post=4112"}],"wp:featuredmedia":[{"embeddable":true,"href":"https:\/\/quintett.eu\/index.php?rest_route=\/wp\/v2\/media\/4111"}],"wp:attachment":[{"href":"https:\/\/quintett.eu\/index.php?rest_route=%2Fwp%2Fv2%2Fmedia&parent=4112"}],"wp:term":[{"taxonomy":"product_brand","embeddable":true,"href":"https:\/\/quintett.eu\/index.php?rest_route=%2Fwp%2Fv2%2Fproduct_brand&post=4112"},{"taxonomy":"product_cat","embeddable":true,"href":"https:\/\/quintett.eu\/index.php?rest_route=%2Fwp%2Fv2%2Fproduct_cat&post=4112"},{"taxonomy":"product_tag","embeddable":true,"href":"https:\/\/quintett.eu\/index.php?rest_route=%2Fwp%2Fv2%2Fproduct_tag&post=4112"}],"curies":[{"name":"wp","href":"https:\/\/api.w.org\/{rel}","templated":true}]}}