{"id":4116,"date":"2021-03-22T20:52:48","date_gmt":"2021-03-22T18:52:48","guid":{"rendered":"https:\/\/quintett.eu\/?product=se-electronics-se7-pair"},"modified":"2021-03-22T20:52:48","modified_gmt":"2021-03-22T18:52:48","slug":"se-electronics-se7-pair","status":"publish","type":"product","link":"https:\/\/quintett.eu\/?product=se-electronics-se7-pair","title":{"rendered":"sE Electronics sE7 Pair"},"content":{"rendered":"<p>Set microfone\u00a0sE Electronics sE7 Pair<\/p>\n<ul class=\"webtext-block--colcount\">\n<li><span>Designul inovativ din spatele electretului ofer\u0103 un sunet detaliat, echilibrat \u0219i un r\u0103spuns tranzitoriu superior<\/span><\/li>\n<li><span>Capsula de condensator de \u00eenalt\u0103 calitate ofer\u0103 un sunet echilibrat, neutru<\/span><\/li>\n<li><span>Diafragma ultra-sub\u021bire pentru un r\u0103spuns tranzitor excelent<\/span><\/li>\n<li><span>Model polar cardioid versatil, ideal pentru majoritatea aplica\u021biilor \u00een studio sau pe scen\u0103<\/span><\/li>\n<li><span>Circuite discrete de clasa A de ultim\u0103 genera\u021bie<\/span><\/li>\n<li>R\u0103spuns la frecven\u021b\u0103: 20Hz \u2013 20kHz<\/li>\n<li>Raport semnal \/ zgomot: 78dB<\/li>\n<li>Design f\u0103r\u0103 transformare pentru o calitate a sunetului curat\u0103<\/li>\n<li>Pad-ul de pre-atenuare 20dB comutabil ofer\u0103 o gam\u0103 dinamic\u0103 extins\u0103, permite apropierea de surse puternice \u0219i previne supra\u00eenc\u0103rcarea preamplific\u0103rii<\/li>\n<li>SPL maxim (0,5% THD): 136 \/ 156dB (0 \/ 20dB pad)<\/li>\n<li>Filtrul alternativ comutabil de 80Hz, 6dB \/ elimin\u0103 zgomotul cu frecven\u021b\u0103 joas\u0103 \u0219i compenseaz\u0103 efectul de proximitate<\/li>\n<li>Necesita alimentare de 48V (Phantom Power)<\/li>\n<li>Conector XLR placat cu aur pentru o conexiune de semnal fiabil\u0103, f\u0103r\u0103 pierderi<\/li>\n<li>Carcas\u0103 integral\u0103 din metal pentru respingerea zgomotului \u0219i a interferen\u021belor electrice<\/li>\n<li>Finisajul de \u00eenalt\u0103 calitate asigur\u0103 un aspect deosebit<\/li>\n<li>Include clip pentru microfon (cu adaptor pentru fir) \u0219i\u00a0burete pop-up<\/li>\n<\/ul>\n","protected":false},"excerpt":{"rendered":"<p>Set microfone sE Electronics sE7 Pair\u00a0<span>este un microfon de \u00eenalt\u0103 calitate, cu diafragm\u0103 \u00een spate, cu electret, proiectat pentru o gam\u0103 larg\u0103 de aplica\u021bii de sunet \u0219i studio<\/span><\/p>\n","protected":false},"featured_media":4115,"comment_status":"open","ping_status":"closed","template":"","meta":[],"product_brand":[],"product_cat":[300],"product_tag":[299],"class_list":{"0":"post-4116","1":"product","2":"type-product","3":"status-publish","4":"has-post-thumbnail","6":"product_cat-se-electronics","7":"product_tag-se-electronics","9":"first","10":"instock","11":"taxable","12":"shipping-taxable","13":"purchasable","14":"product-type-simple"},"jetpack_sharing_enabled":true,"_links":{"self":[{"href":"https:\/\/quintett.eu\/index.php?rest_route=\/wp\/v2\/product\/4116","targetHints":{"allow":["GET"]}}],"collection":[{"href":"https:\/\/quintett.eu\/index.php?rest_route=\/wp\/v2\/product"}],"about":[{"href":"https:\/\/quintett.eu\/index.php?rest_route=\/wp\/v2\/types\/product"}],"replies":[{"embeddable":true,"href":"https:\/\/quintett.eu\/index.php?rest_route=%2Fwp%2Fv2%2Fcomments&post=4116"}],"wp:featuredmedia":[{"embeddable":true,"href":"https:\/\/quintett.eu\/index.php?rest_route=\/wp\/v2\/media\/4115"}],"wp:attachment":[{"href":"https:\/\/quintett.eu\/index.php?rest_route=%2Fwp%2Fv2%2Fmedia&parent=4116"}],"wp:term":[{"taxonomy":"product_brand","embeddable":true,"href":"https:\/\/quintett.eu\/index.php?rest_route=%2Fwp%2Fv2%2Fproduct_brand&post=4116"},{"taxonomy":"product_cat","embeddable":true,"href":"https:\/\/quintett.eu\/index.php?rest_route=%2Fwp%2Fv2%2Fproduct_cat&post=4116"},{"taxonomy":"product_tag","embeddable":true,"href":"https:\/\/quintett.eu\/index.php?rest_route=%2Fwp%2Fv2%2Fproduct_tag&post=4116"}],"curies":[{"name":"wp","href":"https:\/\/api.w.org\/{rel}","templated":true}]}}