{"id":4134,"date":"2021-03-22T20:53:04","date_gmt":"2021-03-22T18:53:04","guid":{"rendered":"https:\/\/quintett.eu\/?product=se-electronics-v-pack-case"},"modified":"2021-03-22T20:53:04","modified_gmt":"2021-03-22T18:53:04","slug":"se-electronics-v-pack-case","status":"publish","type":"product","link":"https:\/\/quintett.eu\/?product=se-electronics-v-pack-case","title":{"rendered":"sE Electronics V Pack Case"},"content":{"rendered":"<p>Cutie transport\u00a0sE Electronics V Pack Case<\/p>\n<p><span>Spuma sa intern\u0103 este t\u0103iat\u0103 pentru a g\u0103zdui:<\/span><\/p>\n<ul>\n<li><span> un V7 X<\/span><\/li>\n<li><span> un V KICK<\/span><\/li>\n<li><span> trei V BEAT<\/span><\/li>\n<li><span> trei V CLAMPS <\/span><\/li>\n<li><span>trei microfoane sE8 sau sE7 cu clipuri.<\/span><\/li>\n<\/ul>\n","protected":false},"excerpt":{"rendered":"<p>Cutie transport\u00a0sE Electronics V Pack Case din plastic dur, robust pentru seturile de microfoane de\u00a0percutie\u00a0din seria V de la sE Electronics<\/p>\n<div id=\"gtx-trans\">\n<div class=\"gtx-trans-icon\"><\/div>\n<\/div>\n","protected":false},"featured_media":4133,"comment_status":"open","ping_status":"closed","template":"","meta":[],"product_brand":[],"product_cat":[300],"product_tag":[299],"class_list":{"0":"post-4134","1":"product","2":"type-product","3":"status-publish","4":"has-post-thumbnail","6":"product_cat-se-electronics","7":"product_tag-se-electronics","9":"first","10":"instock","11":"taxable","12":"shipping-taxable","13":"purchasable","14":"product-type-simple"},"jetpack_sharing_enabled":true,"_links":{"self":[{"href":"https:\/\/quintett.eu\/index.php?rest_route=\/wp\/v2\/product\/4134","targetHints":{"allow":["GET"]}}],"collection":[{"href":"https:\/\/quintett.eu\/index.php?rest_route=\/wp\/v2\/product"}],"about":[{"href":"https:\/\/quintett.eu\/index.php?rest_route=\/wp\/v2\/types\/product"}],"replies":[{"embeddable":true,"href":"https:\/\/quintett.eu\/index.php?rest_route=%2Fwp%2Fv2%2Fcomments&post=4134"}],"wp:featuredmedia":[{"embeddable":true,"href":"https:\/\/quintett.eu\/index.php?rest_route=\/wp\/v2\/media\/4133"}],"wp:attachment":[{"href":"https:\/\/quintett.eu\/index.php?rest_route=%2Fwp%2Fv2%2Fmedia&parent=4134"}],"wp:term":[{"taxonomy":"product_brand","embeddable":true,"href":"https:\/\/quintett.eu\/index.php?rest_route=%2Fwp%2Fv2%2Fproduct_brand&post=4134"},{"taxonomy":"product_cat","embeddable":true,"href":"https:\/\/quintett.eu\/index.php?rest_route=%2Fwp%2Fv2%2Fproduct_cat&post=4134"},{"taxonomy":"product_tag","embeddable":true,"href":"https:\/\/quintett.eu\/index.php?rest_route=%2Fwp%2Fv2%2Fproduct_tag&post=4134"}],"curies":[{"name":"wp","href":"https:\/\/api.w.org\/{rel}","templated":true}]}}