{"id":4173,"date":"2021-03-22T20:53:38","date_gmt":"2021-03-22T18:53:38","guid":{"rendered":"https:\/\/quintett.eu\/?product=proel-v10wave"},"modified":"2021-03-22T20:53:38","modified_gmt":"2021-03-22T18:53:38","slug":"proel-v10wave","status":"publish","type":"product","link":"https:\/\/quintett.eu\/?product=proel-v10wave","title":{"rendered":"Proel V10WAVE"},"content":{"rendered":"<p>Boxa activa Proel V10WAVE<\/p>\n<ul>\n<li>Mixerul \u00eencorporat cu 3 canale, cu controale de nivel independente \u0219i un EQ cu 2 benzi, include \u0219i dou\u0103 intr\u0103ri USB pentru conectarea microfoanelor f\u0103r\u0103 fir PROEL U24H sau U24B 2.4GHz cu receptor USB<\/li>\n<li>Difuzoarele V WAVE pot fi utilizate \u00eentr-o varietate de aplica\u021bii, de la redarea vocii \u0219i redarea muzicii la muzic\u0103 live \u0219i seturi DJ<\/li>\n<li>Carcasele extrem de versatile pot fi montate pe stative\/distantiere standard<\/li>\n<li>WAVE este echipat chiar cu un m\u00e2ner suplimentar \u00een stil bagaj \u0219i dou\u0103 ro\u021bi.<\/li>\n<\/ul>\n<ul>\n<li>Sec\u021biunea MIXER\n<ul>\n<li>2 intr\u0103ri combo MONO MIC \/ LINE IN (JACK 6.3 mm\/XLR-F)<\/li>\n<li>o intrare STEREO LINE IN (2xRCA + MINI-JACK)<\/li>\n<li>2 intr\u0103ri USB TYPE-A<\/li>\n<li>ie\u0219iri MONO LINE OUT (JACK 6.3 mm)<\/li>\n<li>EQ principal pe 2 benzi (HIGH + LOW)<\/li>\n<\/ul>\n<\/li>\n<li>Sec\u021biunea MULTIMEDIA\n<ul>\n<li>Player USB \/ SD \/ BLUETOOTH cu BT LINK<\/li>\n<li>Formate de fi\u0219iere compatibile MP3<\/li>\n<li>Afi\u0219aj LCD cu interfa\u021b\u0103 de control, butoane CONTROL<\/li>\n<li>Sec\u021biunea AMPLIFICATOR<\/li>\n<li>Putere total\u0103 de v\u00e2rf 600 W<\/li>\n<li>Putere RMS 300 W<\/li>\n<li>Tip amplificator clasa D<\/li>\n<li>Alimentare SMPS<\/li>\n<li>Procesor analog<\/li>\n<\/ul>\n<\/li>\n<li>Sec\u021biunea DIFUZOR\n<ul>\n<li>Carcas\u0103 ventilat\u0103 cu 2 c\u0103i<\/li>\n<li>1&#8243; driver de compresie cu neodim<\/li>\n<li>woofer de 10\u201d<\/li>\n<li>Acoperire 90 \u00b0 H x 60 \u00b0 V<\/li>\n<li>R\u0103spuns \u00een frecven\u021b\u0103 60 Hz &#8211; 20 kHz<\/li>\n<li>Max SPL 123<\/li>\n<\/ul>\n<\/li>\n<li>carcasa din polipropilen\u0103<\/li>\n<li>Culoare negru<\/li>\n<li>maner parte superioara<\/li>\n<li>flansa stativ in partea inferioara<\/li>\n<li>dimensiuni (WxHxD) 330 x 514 x 286 mm<\/li>\n<li>greutate 14,5 kg<\/li>\n<li>Alimentare 230 V ~ sau 115 V ~ 50\/60 Hz<\/li>\n<li>consum nominal 300 W<\/li>\n<\/ul>\n<p><iframe width=\"425\" height=\"350\" src=\"https:\/\/www.youtube.com\/embed\/k1COKl\"><\/iframe><\/p>\n","protected":false},"excerpt":{"rendered":"<p>Boxa activa Proel V10WAVE cu carcasa usoara din polipropena, cu intr\u0103ri multiple, un player MP3 avansat cu conectivitate bluetooth, capabil s\u0103 redea melodii de pe un card SD, un stick de memorie USB \u0219i, de asemenea, de pe smartphone sau tablet\u0103 printr-o conexiune BLUETOOTH.<\/p>\n","protected":false},"featured_media":4172,"comment_status":"open","ping_status":"closed","template":"","meta":[],"product_brand":[],"product_cat":[292],"product_tag":[291],"class_list":{"0":"post-4173","1":"product","2":"type-product","3":"status-publish","4":"has-post-thumbnail","6":"product_cat-proel","7":"product_tag-proel","9":"first","10":"instock","11":"taxable","12":"shipping-taxable","13":"purchasable","14":"product-type-simple"},"jetpack_sharing_enabled":true,"_links":{"self":[{"href":"https:\/\/quintett.eu\/index.php?rest_route=\/wp\/v2\/product\/4173","targetHints":{"allow":["GET"]}}],"collection":[{"href":"https:\/\/quintett.eu\/index.php?rest_route=\/wp\/v2\/product"}],"about":[{"href":"https:\/\/quintett.eu\/index.php?rest_route=\/wp\/v2\/types\/product"}],"replies":[{"embeddable":true,"href":"https:\/\/quintett.eu\/index.php?rest_route=%2Fwp%2Fv2%2Fcomments&post=4173"}],"wp:featuredmedia":[{"embeddable":true,"href":"https:\/\/quintett.eu\/index.php?rest_route=\/wp\/v2\/media\/4172"}],"wp:attachment":[{"href":"https:\/\/quintett.eu\/index.php?rest_route=%2Fwp%2Fv2%2Fmedia&parent=4173"}],"wp:term":[{"taxonomy":"product_brand","embeddable":true,"href":"https:\/\/quintett.eu\/index.php?rest_route=%2Fwp%2Fv2%2Fproduct_brand&post=4173"},{"taxonomy":"product_cat","embeddable":true,"href":"https:\/\/quintett.eu\/index.php?rest_route=%2Fwp%2Fv2%2Fproduct_cat&post=4173"},{"taxonomy":"product_tag","embeddable":true,"href":"https:\/\/quintett.eu\/index.php?rest_route=%2Fwp%2Fv2%2Fproduct_tag&post=4173"}],"curies":[{"name":"wp","href":"https:\/\/api.w.org\/{rel}","templated":true}]}}