{"id":4177,"date":"2021-03-22T20:53:41","date_gmt":"2021-03-22T18:53:41","guid":{"rendered":"https:\/\/quintett.eu\/?product=proel-u24h"},"modified":"2021-03-22T20:53:41","modified_gmt":"2021-03-22T18:53:41","slug":"proel-u24h","status":"publish","type":"product","link":"https:\/\/quintett.eu\/?product=proel-u24h","title":{"rendered":"Proel U24H"},"content":{"rendered":"<p>Sisteme wireless Proel Session U24H<\/p>\n<ul>\n<li>Sisteme de microfon portabile f\u0103r\u0103 fir, f\u0103r\u0103 licen\u021b\u0103, de 2,4 GHz<\/li>\n<li>oferind diversitate digital\u0103 \u0219i salt inteligent de frecven\u021b\u0103, care asigur\u0103 o conexiune foarte stabil\u0103<\/li>\n<li>Dou\u0103 microfoane pot fi utilizate \u00een acela\u0219i timp<\/li>\n<li>Compatibil pentru Proel V-Free, Proel V-Wave<\/li>\n<li>Aplica\u021bii USB Computer \/ iOS \u0219i Android<\/li>\n<li>Receptorul este alimentat prin interfa\u021ba USB \u0219i are o interfa\u021b\u0103 audio dual-mode pentru o conexiune de detectare automat\u0103 at\u00e2t la dispozitive analogice, c\u00e2t \u0219i digitale.<\/li>\n<li>Dispune de plug-and-play f\u0103r\u0103 instalarea driverului \u0219i poate fi conectat la orice PC \/ MAC pentru \u00eenregistrare direct \u00een aplica\u021bia dvs. preferat\u0103 DAW.<\/li>\n<li>Folosind un adaptor USB de tip A adecvat, acesta poate fi conectat \u0219i la dispozitive IOS sau Android pentru aplica\u021bii digitale independente<\/li>\n<li>\u00cen cele din urm\u0103, poate fi conectat la orice dispozitiv PROEL care are o intrare USB WIRELESS (cum ar fi difuzoarele V FREE \u0219i V WAVE) pentru utilizarea unui sistem de microfon profesionist f\u0103r\u0103 cabluri<\/li>\n<li>Tehnologia wireless digital\u0103 de 2,4 GHz ofer\u0103 o calitate superioar\u0103 a sunetului \u0219i o fiabilitate maxim\u0103, evit\u00e2nd interferen\u021bele de la posturile de televiziune \u0219i alte dispozitive de difuzare.<\/li>\n<li>Transmi\u021b\u0103torul este asociat automat la receptor \u0219i cautarea inteligenta de frecven\u021b\u0103 asigur\u0103 o conexiune stabil\u0103<\/li>\n<li>U24H include un microfon portabil cu o capsul\u0103 dinamic\u0103 de \u00eenalt\u0103 calitate pentru aplica\u021bii vocale dedicate<\/li>\n<\/ul>\n<p><iframe width=\"425\" height=\"350\" src=\"https:\/\/www.youtube.com\/embed\/elNYP_mWZDo\"><\/iframe><\/p>\n","protected":false},"excerpt":{"rendered":"<p>Sisteme wireless Proel Session U24H care ofer\u0103 o transmisie de \u00eenalt\u0103 defini\u021bie, f\u0103r\u0103 interferen\u021be, datorit\u0103 tehnologiei de 2,4 GHz \u0219i cu un receptor USB ultra-compact.<\/p>\n","protected":false},"featured_media":4176,"comment_status":"open","ping_status":"closed","template":"","meta":[],"product_brand":[],"product_cat":[292],"product_tag":[291],"class_list":{"0":"post-4177","1":"product","2":"type-product","3":"status-publish","4":"has-post-thumbnail","6":"product_cat-proel","7":"product_tag-proel","9":"first","10":"instock","11":"taxable","12":"shipping-taxable","13":"purchasable","14":"product-type-simple"},"jetpack_sharing_enabled":true,"_links":{"self":[{"href":"https:\/\/quintett.eu\/index.php?rest_route=\/wp\/v2\/product\/4177","targetHints":{"allow":["GET"]}}],"collection":[{"href":"https:\/\/quintett.eu\/index.php?rest_route=\/wp\/v2\/product"}],"about":[{"href":"https:\/\/quintett.eu\/index.php?rest_route=\/wp\/v2\/types\/product"}],"replies":[{"embeddable":true,"href":"https:\/\/quintett.eu\/index.php?rest_route=%2Fwp%2Fv2%2Fcomments&post=4177"}],"wp:featuredmedia":[{"embeddable":true,"href":"https:\/\/quintett.eu\/index.php?rest_route=\/wp\/v2\/media\/4176"}],"wp:attachment":[{"href":"https:\/\/quintett.eu\/index.php?rest_route=%2Fwp%2Fv2%2Fmedia&parent=4177"}],"wp:term":[{"taxonomy":"product_brand","embeddable":true,"href":"https:\/\/quintett.eu\/index.php?rest_route=%2Fwp%2Fv2%2Fproduct_brand&post=4177"},{"taxonomy":"product_cat","embeddable":true,"href":"https:\/\/quintett.eu\/index.php?rest_route=%2Fwp%2Fv2%2Fproduct_cat&post=4177"},{"taxonomy":"product_tag","embeddable":true,"href":"https:\/\/quintett.eu\/index.php?rest_route=%2Fwp%2Fv2%2Fproduct_tag&post=4177"}],"curies":[{"name":"wp","href":"https:\/\/api.w.org\/{rel}","templated":true}]}}