{"id":4195,"date":"2021-03-22T20:53:57","date_gmt":"2021-03-22T18:53:57","guid":{"rendered":"https:\/\/quintett.eu\/?product=proel-pro-ips03"},"modified":"2021-03-22T20:53:57","modified_gmt":"2021-03-22T18:53:57","slug":"proel-pro-ips03","status":"publish","type":"product","link":"https:\/\/quintett.eu\/?product=proel-pro-ips03","title":{"rendered":"Proel PRO-IPS03"},"content":{"rendered":"<p>Suport universal Proel PRO-IPS03<\/p>\n<ul>\n<li>suport universal pentru tablete Proel<\/li>\n<li>fabricat din o\u021bel \u0219i ABS<\/li>\n<li>componente de fier \/ plastic rezistente la zgarieturi<\/li>\n<li>potrivit pentru montarea pe un tub de suport pentru microfon de la diametrul minim de 14 mm p\u00e2n\u0103 la maxim 25 mm<\/li>\n<li>\u00cen\u0103l\u021bimea minim\u0103 \/ maxim\u0103 permis\u0103: 134 mm p\u00e2n\u0103 la 242 mm<\/li>\n<li>greutate maxim\u0103 permis\u0103: 2,2 Kg<\/li>\n<li>culoare neagr\u0103<\/li>\n<\/ul>\n","protected":false},"excerpt":{"rendered":"<p>Suport universal Proel PRO-IPS03 pentru tablete cu in\u0103l\u021bimea minim\u0103 \/ maxim\u0103 permis\u0103 de 134 mm p\u00e2n\u0103 la 242 mm<\/p>\n","protected":false},"featured_media":4194,"comment_status":"open","ping_status":"closed","template":"","meta":[],"product_brand":[],"product_cat":[292],"product_tag":[291],"class_list":{"0":"post-4195","1":"product","2":"type-product","3":"status-publish","4":"has-post-thumbnail","6":"product_cat-proel","7":"product_tag-proel","9":"first","10":"instock","11":"taxable","12":"shipping-taxable","13":"purchasable","14":"product-type-simple"},"jetpack_sharing_enabled":true,"_links":{"self":[{"href":"https:\/\/quintett.eu\/index.php?rest_route=\/wp\/v2\/product\/4195","targetHints":{"allow":["GET"]}}],"collection":[{"href":"https:\/\/quintett.eu\/index.php?rest_route=\/wp\/v2\/product"}],"about":[{"href":"https:\/\/quintett.eu\/index.php?rest_route=\/wp\/v2\/types\/product"}],"replies":[{"embeddable":true,"href":"https:\/\/quintett.eu\/index.php?rest_route=%2Fwp%2Fv2%2Fcomments&post=4195"}],"wp:featuredmedia":[{"embeddable":true,"href":"https:\/\/quintett.eu\/index.php?rest_route=\/wp\/v2\/media\/4194"}],"wp:attachment":[{"href":"https:\/\/quintett.eu\/index.php?rest_route=%2Fwp%2Fv2%2Fmedia&parent=4195"}],"wp:term":[{"taxonomy":"product_brand","embeddable":true,"href":"https:\/\/quintett.eu\/index.php?rest_route=%2Fwp%2Fv2%2Fproduct_brand&post=4195"},{"taxonomy":"product_cat","embeddable":true,"href":"https:\/\/quintett.eu\/index.php?rest_route=%2Fwp%2Fv2%2Fproduct_cat&post=4195"},{"taxonomy":"product_tag","embeddable":true,"href":"https:\/\/quintett.eu\/index.php?rest_route=%2Fwp%2Fv2%2Fproduct_tag&post=4195"}],"curies":[{"name":"wp","href":"https:\/\/api.w.org\/{rel}","templated":true}]}}