{"id":4223,"date":"2021-03-22T20:54:38","date_gmt":"2021-03-22T18:54:38","guid":{"rendered":"https:\/\/quintett.eu\/?product=proel-spsk300kit"},"modified":"2021-03-22T20:54:38","modified_gmt":"2021-03-22T18:54:38","slug":"proel-spsk300kit","status":"publish","type":"product","link":"https:\/\/quintett.eu\/?product=proel-spsk300kit","title":{"rendered":"Proel SPSK300KIT"},"content":{"rendered":"<p>Stative boxe Proel SPSK300KIT<\/p>\n<ul>\n<li>Din aluminiu, furnizat cu un sistem de blocare cu \u0219urub, un \u0219tift de o\u021bel \u0219i un dispozitiv de eliberare amortizat cu aer pentru a oferi o reglare flexibil\u0103, rapid\u0103 \u0219i u\u0219oar\u0103<\/li>\n<li>Dimensiunea bazei: \u00d8 1120 mm<\/li>\n<li>\u00cen\u0103l\u021bime minim\u0103: 1460 mm<\/li>\n<li>\u00cen\u0103l\u021bimea maxim\u0103: 2060 mm<\/li>\n<li>Greutate: 2,80 kg<\/li>\n<li>Greutate maxim\u0103 de \u00eenc\u0103rcare: 60 kg<\/li>\n<li>Culori disponibile: Negru mat &#8211; SPSK300BK<\/li>\n<li>Pentru flansa cu diametrul de \u00d8 35 mm<\/li>\n<li>pret per set de 2 bucati cu husa de transport inclusa<\/li>\n<\/ul>\n<p><!--StartFragment--><\/p>\n","protected":false},"excerpt":{"rendered":"<p>Stative boxe Proel SPSK300KIT cu husa de transport inclusa<\/p>\n","protected":false},"featured_media":4222,"comment_status":"open","ping_status":"closed","template":"","meta":[],"product_brand":[],"product_cat":[292],"product_tag":[291],"class_list":{"0":"post-4223","1":"product","2":"type-product","3":"status-publish","4":"has-post-thumbnail","6":"product_cat-proel","7":"product_tag-proel","9":"first","10":"instock","11":"taxable","12":"shipping-taxable","13":"purchasable","14":"product-type-simple"},"jetpack_sharing_enabled":true,"_links":{"self":[{"href":"https:\/\/quintett.eu\/index.php?rest_route=\/wp\/v2\/product\/4223","targetHints":{"allow":["GET"]}}],"collection":[{"href":"https:\/\/quintett.eu\/index.php?rest_route=\/wp\/v2\/product"}],"about":[{"href":"https:\/\/quintett.eu\/index.php?rest_route=\/wp\/v2\/types\/product"}],"replies":[{"embeddable":true,"href":"https:\/\/quintett.eu\/index.php?rest_route=%2Fwp%2Fv2%2Fcomments&post=4223"}],"wp:featuredmedia":[{"embeddable":true,"href":"https:\/\/quintett.eu\/index.php?rest_route=\/wp\/v2\/media\/4222"}],"wp:attachment":[{"href":"https:\/\/quintett.eu\/index.php?rest_route=%2Fwp%2Fv2%2Fmedia&parent=4223"}],"wp:term":[{"taxonomy":"product_brand","embeddable":true,"href":"https:\/\/quintett.eu\/index.php?rest_route=%2Fwp%2Fv2%2Fproduct_brand&post=4223"},{"taxonomy":"product_cat","embeddable":true,"href":"https:\/\/quintett.eu\/index.php?rest_route=%2Fwp%2Fv2%2Fproduct_cat&post=4223"},{"taxonomy":"product_tag","embeddable":true,"href":"https:\/\/quintett.eu\/index.php?rest_route=%2Fwp%2Fv2%2Fproduct_tag&post=4223"}],"curies":[{"name":"wp","href":"https:\/\/api.w.org\/{rel}","templated":true}]}}