{"id":4225,"date":"2021-03-22T20:54:40","date_gmt":"2021-03-22T18:54:40","guid":{"rendered":"https:\/\/quintett.eu\/?product=proel-fre300kit"},"modified":"2021-03-22T20:54:40","modified_gmt":"2021-03-22T18:54:40","slug":"proel-fre300kit","status":"publish","type":"product","link":"https:\/\/quintett.eu\/?product=proel-fre300kit","title":{"rendered":"Proel FRE300KIT"},"content":{"rendered":"<p>Stative boxe Proel FRE300KIT<\/p>\n<\/p>\n<ul>\n<li>Dimensiunea bazei: \u00d8 1320 mm<\/li>\n<li>\u00cen\u0103l\u021bime minim\u0103: 1350 mm<\/li>\n<li>\u00cen\u0103l\u021bimea maxim\u0103: 2150 mm<\/li>\n<li>Greutate: 1,70 kg<\/li>\n<li>Greutate maxim\u0103 de \u00eenc\u0103rcare: 35 kg<\/li>\n<li>Culori disponibile: Negru mat<\/li>\n<li>Pentru flansa cu diametrul de \u00d8 35 mm<\/li>\n<li>pret per set de 2 bucati cu husa de transport inclusa<\/li>\n<\/ul>\n<p><!--StartFragment--><\/p>\n","protected":false},"excerpt":{"rendered":"<p>Stative boxe\u00a0Proel FRE300KIT cu husa de transport inclusa<\/p>\n","protected":false},"featured_media":4224,"comment_status":"open","ping_status":"closed","template":"","meta":[],"product_brand":[],"product_cat":[292],"product_tag":[291],"class_list":{"0":"post-4225","1":"product","2":"type-product","3":"status-publish","4":"has-post-thumbnail","6":"product_cat-proel","7":"product_tag-proel","9":"first","10":"instock","11":"taxable","12":"shipping-taxable","13":"purchasable","14":"product-type-simple"},"jetpack_sharing_enabled":true,"_links":{"self":[{"href":"https:\/\/quintett.eu\/index.php?rest_route=\/wp\/v2\/product\/4225","targetHints":{"allow":["GET"]}}],"collection":[{"href":"https:\/\/quintett.eu\/index.php?rest_route=\/wp\/v2\/product"}],"about":[{"href":"https:\/\/quintett.eu\/index.php?rest_route=\/wp\/v2\/types\/product"}],"replies":[{"embeddable":true,"href":"https:\/\/quintett.eu\/index.php?rest_route=%2Fwp%2Fv2%2Fcomments&post=4225"}],"wp:featuredmedia":[{"embeddable":true,"href":"https:\/\/quintett.eu\/index.php?rest_route=\/wp\/v2\/media\/4224"}],"wp:attachment":[{"href":"https:\/\/quintett.eu\/index.php?rest_route=%2Fwp%2Fv2%2Fmedia&parent=4225"}],"wp:term":[{"taxonomy":"product_brand","embeddable":true,"href":"https:\/\/quintett.eu\/index.php?rest_route=%2Fwp%2Fv2%2Fproduct_brand&post=4225"},{"taxonomy":"product_cat","embeddable":true,"href":"https:\/\/quintett.eu\/index.php?rest_route=%2Fwp%2Fv2%2Fproduct_cat&post=4225"},{"taxonomy":"product_tag","embeddable":true,"href":"https:\/\/quintett.eu\/index.php?rest_route=%2Fwp%2Fv2%2Fproduct_tag&post=4225"}],"curies":[{"name":"wp","href":"https:\/\/api.w.org\/{rel}","templated":true}]}}