{"id":4255,"date":"2021-03-22T20:55:15","date_gmt":"2021-03-22T18:55:15","guid":{"rendered":"https:\/\/quintett.eu\/?product=proel-ebn1604"},"modified":"2021-03-23T13:19:00","modified_gmt":"2021-03-23T11:19:00","slug":"proel-ebn1604","status":"publish","type":"product","link":"https:\/\/quintett.eu\/?product=proel-ebn1604","title":{"rendered":"Proel EBN1604"},"content":{"rendered":"<p><span><span><span>Cablu multicore\u00a0Proel EBN1604<\/span><\/span><\/span><\/p>\n<ul>\n<li><span>sunt construite folosind o cutie metalic\u0103 cu finisaj de pulbere epoxidic\u0103, av\u00e2nd o greutate \u0219i dimensiuni reduse datorit\u0103 pl\u0103cilor de circuite imprimate profesional, unde conectorii XLR de contact placat cu aur NEUTRIK de \u00eenalt\u0103 calitate sunt conecta\u021bi automat<\/span><\/li>\n<li><span> Termina\u021biile de montare a cablului sunt protejate de jachete din PVC \u0219i cablate cu conectori metalici din seria PROEL XLRPRO<\/span><\/li>\n<li><span> Cablul multicore din seria CMF este utilizat pentru conexiuni<\/span><\/li>\n<li><span>Intr\u0103ri: 16 XLR-F<\/span><\/li>\n<li><span>Ie\u0219iri: 4 XLR-M<\/span><\/li>\n<li><span>Lungime cablu: 25 m<\/span><\/li>\n<\/ul>\n<p><!--StartFragment--><\/p>\n","protected":false},"excerpt":{"rendered":"<p><span>Cablu multicore\u00a0Proel EBN1604 cu 20<span> canale &#8211; 16 IN \/ 4 OUT<\/span> si cablu de 25 de metri<br \/><\/span><\/p>\n","protected":false},"featured_media":4254,"comment_status":"open","ping_status":"closed","template":"","meta":[],"product_brand":[],"product_cat":[292],"product_tag":[291],"class_list":{"0":"post-4255","1":"product","2":"type-product","3":"status-publish","4":"has-post-thumbnail","6":"product_cat-proel","7":"product_tag-proel","9":"first","10":"instock","11":"taxable","12":"shipping-taxable","13":"purchasable","14":"product-type-simple"},"jetpack_sharing_enabled":true,"_links":{"self":[{"href":"https:\/\/quintett.eu\/index.php?rest_route=\/wp\/v2\/product\/4255","targetHints":{"allow":["GET"]}}],"collection":[{"href":"https:\/\/quintett.eu\/index.php?rest_route=\/wp\/v2\/product"}],"about":[{"href":"https:\/\/quintett.eu\/index.php?rest_route=\/wp\/v2\/types\/product"}],"replies":[{"embeddable":true,"href":"https:\/\/quintett.eu\/index.php?rest_route=%2Fwp%2Fv2%2Fcomments&post=4255"}],"wp:featuredmedia":[{"embeddable":true,"href":"https:\/\/quintett.eu\/index.php?rest_route=\/wp\/v2\/media\/4254"}],"wp:attachment":[{"href":"https:\/\/quintett.eu\/index.php?rest_route=%2Fwp%2Fv2%2Fmedia&parent=4255"}],"wp:term":[{"taxonomy":"product_brand","embeddable":true,"href":"https:\/\/quintett.eu\/index.php?rest_route=%2Fwp%2Fv2%2Fproduct_brand&post=4255"},{"taxonomy":"product_cat","embeddable":true,"href":"https:\/\/quintett.eu\/index.php?rest_route=%2Fwp%2Fv2%2Fproduct_cat&post=4255"},{"taxonomy":"product_tag","embeddable":true,"href":"https:\/\/quintett.eu\/index.php?rest_route=%2Fwp%2Fv2%2Fproduct_tag&post=4255"}],"curies":[{"name":"wp","href":"https:\/\/api.w.org\/{rel}","templated":true}]}}