{"id":4259,"date":"2021-03-22T20:55:20","date_gmt":"2021-03-22T18:55:20","guid":{"rendered":"https:\/\/quintett.eu\/?product=proel-av090"},"modified":"2021-03-23T13:18:59","modified_gmt":"2021-03-23T11:18:59","slug":"proel-av090","status":"publish","type":"product","link":"https:\/\/quintett.eu\/?product=proel-av090","title":{"rendered":"Proel AV090"},"content":{"rendered":"<p><span>Rola pentru cablu Proel AV090<\/span><\/p>\n<ul>\n<li>echipata cu o flan\u0219\u0103 frontal\u0103 practic\u0103 pentru suportul cablului<\/li>\n<li>Diametru exterior: 275 mm<\/li>\n<li>Culoarea neagra<\/li>\n<li>Greutate 1.3 Kg<\/li>\n<\/ul>\n<p><!--StartFragment--><\/p>\n","protected":false},"excerpt":{"rendered":"<p><span>Rola pentru cablu Proel AV090 goal\u0103 (nu contine cablu), din nailon cu cadru metalic, fr\u00e2n\u0103 \u0219i manivel\u0103 pentru \u00eenf\u0103\u0219urare.<br \/><\/span><\/p>\n","protected":false},"featured_media":4258,"comment_status":"open","ping_status":"closed","template":"","meta":[],"product_brand":[],"product_cat":[292],"product_tag":[291],"class_list":{"0":"post-4259","1":"product","2":"type-product","3":"status-publish","4":"has-post-thumbnail","6":"product_cat-proel","7":"product_tag-proel","9":"first","10":"instock","11":"taxable","12":"shipping-taxable","13":"purchasable","14":"product-type-simple"},"jetpack_sharing_enabled":true,"_links":{"self":[{"href":"https:\/\/quintett.eu\/index.php?rest_route=\/wp\/v2\/product\/4259","targetHints":{"allow":["GET"]}}],"collection":[{"href":"https:\/\/quintett.eu\/index.php?rest_route=\/wp\/v2\/product"}],"about":[{"href":"https:\/\/quintett.eu\/index.php?rest_route=\/wp\/v2\/types\/product"}],"replies":[{"embeddable":true,"href":"https:\/\/quintett.eu\/index.php?rest_route=%2Fwp%2Fv2%2Fcomments&post=4259"}],"wp:featuredmedia":[{"embeddable":true,"href":"https:\/\/quintett.eu\/index.php?rest_route=\/wp\/v2\/media\/4258"}],"wp:attachment":[{"href":"https:\/\/quintett.eu\/index.php?rest_route=%2Fwp%2Fv2%2Fmedia&parent=4259"}],"wp:term":[{"taxonomy":"product_brand","embeddable":true,"href":"https:\/\/quintett.eu\/index.php?rest_route=%2Fwp%2Fv2%2Fproduct_brand&post=4259"},{"taxonomy":"product_cat","embeddable":true,"href":"https:\/\/quintett.eu\/index.php?rest_route=%2Fwp%2Fv2%2Fproduct_cat&post=4259"},{"taxonomy":"product_tag","embeddable":true,"href":"https:\/\/quintett.eu\/index.php?rest_route=%2Fwp%2Fv2%2Fproduct_tag&post=4259"}],"curies":[{"name":"wp","href":"https:\/\/api.w.org\/{rel}","templated":true}]}}