{"id":4261,"date":"2021-03-22T20:55:29","date_gmt":"2021-03-22T18:55:29","guid":{"rendered":"https:\/\/quintett.eu\/?product=proel-gf29"},"modified":"2021-03-23T13:18:58","modified_gmt":"2021-03-23T11:18:58","slug":"proel-gf29","status":"publish","type":"product","link":"https:\/\/quintett.eu\/?product=proel-gf29","title":{"rendered":"Proel GF29"},"content":{"rendered":"<p><span><span>Pedala universala Proel GF29<\/span><\/span><\/p>\n<ul>\n<li>Materiale de construc\u021bie: ABS &#8211; CAUCIUC<\/li>\n<li>L\u0103\u021bime: 78 mm<\/li>\n<li>\u00cen\u0103l\u021bime: 39 mm<\/li>\n<li>Ad\u00e2ncime: 104 mm<\/li>\n<li>Greutate: 0,25 kg<\/li>\n<li>Conectori: \u00d8 6,3 mm Mono Jack<\/li>\n<li>Lungime cablu: 2 m<\/li>\n<li>Evaluare: 0.3A \/ 30V DC<\/li>\n<\/ul>\n<p><!--StartFragment--><\/p>\n","protected":false},"excerpt":{"rendered":"<p><span>Pedala universala Proel GF29 din seria ABS Golden DAMPER \/ HOLD \/ SUSTAIN pentru orgi, aranjoare, sintetizatoare, piane digitale. Dispune de \u00eentrerup\u0103tor de inversare a polarit\u0103\u021bii, cablu de 2 m muf\u0103 Jack 6.3mm mono placata cu aur.<br \/><\/span><\/p>\n","protected":false},"featured_media":4260,"comment_status":"open","ping_status":"closed","template":"","meta":[],"product_brand":[],"product_cat":[292],"product_tag":[291],"class_list":{"0":"post-4261","1":"product","2":"type-product","3":"status-publish","4":"has-post-thumbnail","6":"product_cat-proel","7":"product_tag-proel","9":"first","10":"instock","11":"taxable","12":"shipping-taxable","13":"purchasable","14":"product-type-simple"},"jetpack_sharing_enabled":true,"_links":{"self":[{"href":"https:\/\/quintett.eu\/index.php?rest_route=\/wp\/v2\/product\/4261","targetHints":{"allow":["GET"]}}],"collection":[{"href":"https:\/\/quintett.eu\/index.php?rest_route=\/wp\/v2\/product"}],"about":[{"href":"https:\/\/quintett.eu\/index.php?rest_route=\/wp\/v2\/types\/product"}],"replies":[{"embeddable":true,"href":"https:\/\/quintett.eu\/index.php?rest_route=%2Fwp%2Fv2%2Fcomments&post=4261"}],"wp:featuredmedia":[{"embeddable":true,"href":"https:\/\/quintett.eu\/index.php?rest_route=\/wp\/v2\/media\/4260"}],"wp:attachment":[{"href":"https:\/\/quintett.eu\/index.php?rest_route=%2Fwp%2Fv2%2Fmedia&parent=4261"}],"wp:term":[{"taxonomy":"product_brand","embeddable":true,"href":"https:\/\/quintett.eu\/index.php?rest_route=%2Fwp%2Fv2%2Fproduct_brand&post=4261"},{"taxonomy":"product_cat","embeddable":true,"href":"https:\/\/quintett.eu\/index.php?rest_route=%2Fwp%2Fv2%2Fproduct_cat&post=4261"},{"taxonomy":"product_tag","embeddable":true,"href":"https:\/\/quintett.eu\/index.php?rest_route=%2Fwp%2Fv2%2Fproduct_tag&post=4261"}],"curies":[{"name":"wp","href":"https:\/\/api.w.org\/{rel}","templated":true}]}}