{"id":4267,"date":"2021-03-22T20:55:34","date_gmt":"2021-03-22T18:55:34","guid":{"rendered":"https:\/\/quintett.eu\/?product=proel-lts001"},"modified":"2021-03-23T13:18:57","modified_gmt":"2021-03-23T11:18:57","slug":"proel-lts001","status":"publish","type":"product","link":"https:\/\/quintett.eu\/?product=proel-lts001","title":{"rendered":"Proel LTS001"},"content":{"rendered":"<p><span>Stativ laptop Proel LTS001<\/span><\/p>\n<ul>\n<li><span>Suport pentru laptop PROEL, potrivit pentru o gam\u0103 larg\u0103 de sisteme DJ<\/span><\/li>\n<li><span> Fabricat din o\u021bel negru vopsit, LTS001 are \u00een\u0103l\u021bime \u0219i l\u0103\u021bime reglabile<\/span><\/li>\n<li><span> Suporturile de sus sunt acoperite cu spum\u0103 adeziv\u0103 pentru a proteja caracteristicile de suprafa\u021b\u0103 ale aparatului utilizat, precum \u0219i pentru a asigura o mai bun\u0103 aderen\u021b\u0103 \u0219i stabilitate<\/span><\/li>\n<li><span> Echipat cu 2 x cleme pentru montare u\u0219oar\u0103 \u0219i sigur\u0103<\/span><\/li>\n<li><span>L\u0103\u021bime reglabil\u0103: de la 235 p\u00e2n\u0103 la 335 mm<\/span><\/li>\n<li><span>\u00cen\u0103l\u021bime minim\u0103: 235 mm<\/span><\/li>\n<li><span>\u00cen\u0103l\u021bimea maxim\u0103: 320 mm<\/span><\/li>\n<li><span>Culoare: negru mat<\/span><\/li>\n<\/ul>\n<p><!--StartFragment--><\/p>\n","protected":false},"excerpt":{"rendered":"<p><span>Stativ laptop Proel LTS001 cu inaltime si latime reglabila<br \/><\/span><\/p>\n","protected":false},"featured_media":4266,"comment_status":"open","ping_status":"closed","template":"","meta":[],"product_brand":[],"product_cat":[292],"product_tag":[291],"class_list":{"0":"post-4267","1":"product","2":"type-product","3":"status-publish","4":"has-post-thumbnail","6":"product_cat-proel","7":"product_tag-proel","9":"first","10":"instock","11":"taxable","12":"shipping-taxable","13":"purchasable","14":"product-type-simple"},"jetpack_sharing_enabled":true,"_links":{"self":[{"href":"https:\/\/quintett.eu\/index.php?rest_route=\/wp\/v2\/product\/4267","targetHints":{"allow":["GET"]}}],"collection":[{"href":"https:\/\/quintett.eu\/index.php?rest_route=\/wp\/v2\/product"}],"about":[{"href":"https:\/\/quintett.eu\/index.php?rest_route=\/wp\/v2\/types\/product"}],"replies":[{"embeddable":true,"href":"https:\/\/quintett.eu\/index.php?rest_route=%2Fwp%2Fv2%2Fcomments&post=4267"}],"wp:featuredmedia":[{"embeddable":true,"href":"https:\/\/quintett.eu\/index.php?rest_route=\/wp\/v2\/media\/4266"}],"wp:attachment":[{"href":"https:\/\/quintett.eu\/index.php?rest_route=%2Fwp%2Fv2%2Fmedia&parent=4267"}],"wp:term":[{"taxonomy":"product_brand","embeddable":true,"href":"https:\/\/quintett.eu\/index.php?rest_route=%2Fwp%2Fv2%2Fproduct_brand&post=4267"},{"taxonomy":"product_cat","embeddable":true,"href":"https:\/\/quintett.eu\/index.php?rest_route=%2Fwp%2Fv2%2Fproduct_cat&post=4267"},{"taxonomy":"product_tag","embeddable":true,"href":"https:\/\/quintett.eu\/index.php?rest_route=%2Fwp%2Fv2%2Fproduct_tag&post=4267"}],"curies":[{"name":"wp","href":"https:\/\/api.w.org\/{rel}","templated":true}]}}