{"id":4269,"date":"2021-03-22T20:55:35","date_gmt":"2021-03-22T18:55:35","guid":{"rendered":"https:\/\/quintett.eu\/?product=proel-foabsr4u"},"modified":"2021-03-23T13:18:56","modified_gmt":"2021-03-23T11:18:56","slug":"proel-foabsr4u","status":"publish","type":"product","link":"https:\/\/quintett.eu\/?product=proel-foabsr4u","title":{"rendered":"Proel FOABSR4U"},"content":{"rendered":"<p><span>Rack Proel FOABSR4U<\/span><\/p>\n<ul>\n<li>Domenii de aplicare: echipament rack 19&#8243;<\/li>\n<li>Materiale de construc\u021bie: polietilen\u0103 FORCE + aluminiu<\/li>\n<li>Ad\u00e2ncime interioar\u0103 utilizabil\u0103: 420 mm<\/li>\n<li>Finisare: Polietilena FORCE<\/li>\n<li>Culoare: fundal FORCE &#8211; negru \u0219i gri<\/li>\n<li>Unit\u0103\u021bi rack: 4U<\/li>\n<li>Echipat cu doua manere si doua inchideri pentru fiecare capac<\/li>\n<li>Ambele capace unt detasabile<\/li>\n<li>Note: Capace echipate cu buzunar practic cu plas\u0103 cu fermoar pentru depozitarea cablurilor \u0219i accesoriilor<\/li>\n<\/ul>\n<p><!--StartFragment--><\/p>\n","protected":false},"excerpt":{"rendered":"<p><span>Rack Proel FOABSR4U din \u201ePolietilena FORCE\u201d care combin\u0103 rezisten\u021ba excelent\u0103 la substan\u021be chimice \u0219i la intemperii \u0219i este \u00een acela\u0219i timp foarte u\u0219oar\u0103 \u0219i durabil\u0103 \u00een timp.<br \/><\/span><\/p>\n","protected":false},"featured_media":4268,"comment_status":"open","ping_status":"closed","template":"","meta":[],"product_brand":[],"product_cat":[292],"product_tag":[291],"class_list":{"0":"post-4269","1":"product","2":"type-product","3":"status-publish","4":"has-post-thumbnail","6":"product_cat-proel","7":"product_tag-proel","9":"first","10":"instock","11":"taxable","12":"shipping-taxable","13":"purchasable","14":"product-type-simple"},"jetpack_sharing_enabled":true,"_links":{"self":[{"href":"https:\/\/quintett.eu\/index.php?rest_route=\/wp\/v2\/product\/4269","targetHints":{"allow":["GET"]}}],"collection":[{"href":"https:\/\/quintett.eu\/index.php?rest_route=\/wp\/v2\/product"}],"about":[{"href":"https:\/\/quintett.eu\/index.php?rest_route=\/wp\/v2\/types\/product"}],"replies":[{"embeddable":true,"href":"https:\/\/quintett.eu\/index.php?rest_route=%2Fwp%2Fv2%2Fcomments&post=4269"}],"wp:featuredmedia":[{"embeddable":true,"href":"https:\/\/quintett.eu\/index.php?rest_route=\/wp\/v2\/media\/4268"}],"wp:attachment":[{"href":"https:\/\/quintett.eu\/index.php?rest_route=%2Fwp%2Fv2%2Fmedia&parent=4269"}],"wp:term":[{"taxonomy":"product_brand","embeddable":true,"href":"https:\/\/quintett.eu\/index.php?rest_route=%2Fwp%2Fv2%2Fproduct_brand&post=4269"},{"taxonomy":"product_cat","embeddable":true,"href":"https:\/\/quintett.eu\/index.php?rest_route=%2Fwp%2Fv2%2Fproduct_cat&post=4269"},{"taxonomy":"product_tag","embeddable":true,"href":"https:\/\/quintett.eu\/index.php?rest_route=%2Fwp%2Fv2%2Fproduct_tag&post=4269"}],"curies":[{"name":"wp","href":"https:\/\/api.w.org\/{rel}","templated":true}]}}