{"id":4275,"date":"2021-03-22T20:55:39","date_gmt":"2021-03-22T18:55:39","guid":{"rendered":"https:\/\/quintett.eu\/?product=proel-bag110pn"},"modified":"2021-03-23T13:18:54","modified_gmt":"2021-03-23T11:18:54","slug":"proel-bag110pn","status":"publish","type":"product","link":"https:\/\/quintett.eu\/?product=proel-bag110pn","title":{"rendered":"Proel BAG110PN"},"content":{"rendered":"<p><span><span>Husa chitara acustica Proel BAG110PN<\/span><\/span><\/p>\n<ul>\n<li><span><span>potrivita pentru chitare acustice \/ folk<\/span><\/span><\/li>\n<li><span><span>din Nylon 420D c\u0103ptu\u0219it, rezistent la rupere, cu band\u0103 de margine exterioar\u0103 din p\u00e2nz\u0103<\/span><\/span><\/li>\n<li><span><span> m\u00e2ner cu curea din Velcro \u00eent\u0103rit<\/span><\/span><\/li>\n<li><span><span>curele reglabile tip[ rucsac cu inel metalic<\/span><\/span><\/li>\n<li><span><span>dou\u0103 buzunare frontale largi pentru partituri \u0219i accesorii<\/span><\/span><\/li>\n<li><span><span> fermoare rezistente turnate sub presiune<\/span><\/span><\/li>\n<\/ul>\n<p><!--StartFragment--><\/p>\n","protected":false},"excerpt":{"rendered":"<p><span>Husa chitara acustica Proel BAG110PN din naylon rezitent la rupere<br \/><\/span><\/p>\n","protected":false},"featured_media":4274,"comment_status":"open","ping_status":"closed","template":"","meta":[],"product_brand":[],"product_cat":[292],"product_tag":[291],"class_list":{"0":"post-4275","1":"product","2":"type-product","3":"status-publish","4":"has-post-thumbnail","6":"product_cat-proel","7":"product_tag-proel","9":"first","10":"instock","11":"taxable","12":"shipping-taxable","13":"purchasable","14":"product-type-simple"},"jetpack_sharing_enabled":true,"_links":{"self":[{"href":"https:\/\/quintett.eu\/index.php?rest_route=\/wp\/v2\/product\/4275","targetHints":{"allow":["GET"]}}],"collection":[{"href":"https:\/\/quintett.eu\/index.php?rest_route=\/wp\/v2\/product"}],"about":[{"href":"https:\/\/quintett.eu\/index.php?rest_route=\/wp\/v2\/types\/product"}],"replies":[{"embeddable":true,"href":"https:\/\/quintett.eu\/index.php?rest_route=%2Fwp%2Fv2%2Fcomments&post=4275"}],"wp:featuredmedia":[{"embeddable":true,"href":"https:\/\/quintett.eu\/index.php?rest_route=\/wp\/v2\/media\/4274"}],"wp:attachment":[{"href":"https:\/\/quintett.eu\/index.php?rest_route=%2Fwp%2Fv2%2Fmedia&parent=4275"}],"wp:term":[{"taxonomy":"product_brand","embeddable":true,"href":"https:\/\/quintett.eu\/index.php?rest_route=%2Fwp%2Fv2%2Fproduct_brand&post=4275"},{"taxonomy":"product_cat","embeddable":true,"href":"https:\/\/quintett.eu\/index.php?rest_route=%2Fwp%2Fv2%2Fproduct_cat&post=4275"},{"taxonomy":"product_tag","embeddable":true,"href":"https:\/\/quintett.eu\/index.php?rest_route=%2Fwp%2Fv2%2Fproduct_tag&post=4275"}],"curies":[{"name":"wp","href":"https:\/\/api.w.org\/{rel}","templated":true}]}}