{"id":4277,"date":"2021-03-22T20:55:42","date_gmt":"2021-03-22T18:55:42","guid":{"rendered":"https:\/\/quintett.eu\/?product=proel-bag900pn"},"modified":"2021-03-23T13:18:54","modified_gmt":"2021-03-23T11:18:54","slug":"proel-bag900pn","status":"publish","type":"product","link":"https:\/\/quintett.eu\/?product=proel-bag900pn","title":{"rendered":"Proel BAG900PN"},"content":{"rendered":"<p><span>Husa Proel BAG900PN<\/span><\/p>\n<ul>\n<li>pentru claviaturi cu dimensiunile de 970 x 150 x 400<\/li>\n<li>din nailon c\u0103ptu\u0219it rezistent la rupere 420D cu band\u0103 de margine interioar\u0103 \/ exterioar\u0103<\/li>\n<li>c\u0103ptu\u0219eal\u0103 din spum\u0103 de 20 mm moale pentru a proteja tastatura<\/li>\n<li>m\u00e2ner cu curea din Velcro \u00eent\u0103rit<\/li>\n<li>curelele de um\u0103r c\u0103ptu\u0219ite sunt reglabile \u0219i fixate de geant\u0103 cu inele metalice rezistente<\/li>\n<li>picioare din cauciuc natural antiderapant<\/li>\n<li>buzunarele largi sunt pozi\u021bionate pe partea din fa\u021b\u0103, pentru partituri \u0219i accesorii, iar fermoarele rezistente sunt prev\u0103zute cu etichete de tragere.<\/li>\n<\/ul>\n<p><!--StartFragment--><\/p>\n","protected":false},"excerpt":{"rendered":"<p><span>Husa Proel BAG900PN pentru claviaturi, prev\u0103zuta cu o c\u0103ptu\u0219eal\u0103 din spum\u0103 de \u00eenalt\u0103 densitate de 20 mm \u0219i o c\u0103ptu\u0219eal\u0103 interioar\u0103 din spum\u0103 moale<br \/><\/span><\/p>\n","protected":false},"featured_media":4276,"comment_status":"open","ping_status":"closed","template":"","meta":[],"product_brand":[],"product_cat":[292],"product_tag":[291],"class_list":{"0":"post-4277","1":"product","2":"type-product","3":"status-publish","4":"has-post-thumbnail","6":"product_cat-proel","7":"product_tag-proel","9":"first","10":"instock","11":"taxable","12":"shipping-taxable","13":"purchasable","14":"product-type-simple"},"jetpack_sharing_enabled":true,"_links":{"self":[{"href":"https:\/\/quintett.eu\/index.php?rest_route=\/wp\/v2\/product\/4277","targetHints":{"allow":["GET"]}}],"collection":[{"href":"https:\/\/quintett.eu\/index.php?rest_route=\/wp\/v2\/product"}],"about":[{"href":"https:\/\/quintett.eu\/index.php?rest_route=\/wp\/v2\/types\/product"}],"replies":[{"embeddable":true,"href":"https:\/\/quintett.eu\/index.php?rest_route=%2Fwp%2Fv2%2Fcomments&post=4277"}],"wp:featuredmedia":[{"embeddable":true,"href":"https:\/\/quintett.eu\/index.php?rest_route=\/wp\/v2\/media\/4276"}],"wp:attachment":[{"href":"https:\/\/quintett.eu\/index.php?rest_route=%2Fwp%2Fv2%2Fmedia&parent=4277"}],"wp:term":[{"taxonomy":"product_brand","embeddable":true,"href":"https:\/\/quintett.eu\/index.php?rest_route=%2Fwp%2Fv2%2Fproduct_brand&post=4277"},{"taxonomy":"product_cat","embeddable":true,"href":"https:\/\/quintett.eu\/index.php?rest_route=%2Fwp%2Fv2%2Fproduct_cat&post=4277"},{"taxonomy":"product_tag","embeddable":true,"href":"https:\/\/quintett.eu\/index.php?rest_route=%2Fwp%2Fv2%2Fproduct_tag&post=4277"}],"curies":[{"name":"wp","href":"https:\/\/api.w.org\/{rel}","templated":true}]}}