{"id":5374,"date":"2021-03-23T14:25:20","date_gmt":"2021-03-23T12:25:20","guid":{"rendered":"https:\/\/quintett.eu\/?product=austrian-audio-hi-x55"},"modified":"2026-01-01T00:02:12","modified_gmt":"2025-12-31T22:02:12","slug":"austrian-audio-hi-x55","status":"publish","type":"product","link":"https:\/\/quintett.eu\/?product=austrian-audio-hi-x55","title":{"rendered":"Austrian Audio Hi-X55"},"content":{"rendered":"<p>Casti studio Austrian Audio Hi-X55<\/p>\n<p>C\u0103\u0219ti de studio cu spatele inchis<br \/>\nCircumaurale<br \/>\nComponente metalice pentru o durabilitate maxim\u0103<br \/>\nPliabile pentru transport u\u0219or<br \/>\nGama de frecven\u021b\u0103: 5 p\u00e2n\u0103 la 28.000 Hz<br \/>\nSensibilitate: 118 dB SPL \/ V<br \/>\nDistorsiunea armonic\u0103 total\u0103 (@ 1 kHz): &lt;0,1%<br \/>\nImpedan\u021b\u0103: 25 ohmi<br \/>\nCablu deta\u0219abil, lungime 3 m<br \/>\nConector: Jack 3,5 mm, inclusiv adaptorul la Jack 6,3 mm<br \/>\nDimensiuni: 300 x 170 x 85 mm<br \/>\nGreutate (f\u0103r\u0103 cablu): 305 g<br \/>\nFabricate manual in Viena<\/p>\n","protected":false},"excerpt":{"rendered":"<p>Casti studio Austrian Audio Hi-X55 circumaurale cu spatele inchis<\/p>\n","protected":false},"featured_media":13247,"comment_status":"open","ping_status":"closed","template":"","meta":[],"product_brand":[],"product_cat":[306,1472],"product_tag":[307,878,127,125],"class_list":{"0":"post-5374","1":"product","2":"type-product","3":"status-publish","4":"has-post-thumbnail","6":"product_cat-austrian-audio","7":"product_cat-black-friday-najlepsie-ceny","8":"product_tag-austrian-audio","9":"product_tag-austrian-audio-hi-x50","10":"product_tag-casti","11":"product_tag-casti-studio","12":"fb_product_set-austrian-audio","14":"first","15":"instock","16":"purchasable","17":"product-type-simple"},"jetpack_sharing_enabled":true,"_links":{"self":[{"href":"https:\/\/quintett.eu\/index.php?rest_route=\/wp\/v2\/product\/5374","targetHints":{"allow":["GET"]}}],"collection":[{"href":"https:\/\/quintett.eu\/index.php?rest_route=\/wp\/v2\/product"}],"about":[{"href":"https:\/\/quintett.eu\/index.php?rest_route=\/wp\/v2\/types\/product"}],"replies":[{"embeddable":true,"href":"https:\/\/quintett.eu\/index.php?rest_route=%2Fwp%2Fv2%2Fcomments&post=5374"}],"wp:featuredmedia":[{"embeddable":true,"href":"https:\/\/quintett.eu\/index.php?rest_route=\/wp\/v2\/media\/13247"}],"wp:attachment":[{"href":"https:\/\/quintett.eu\/index.php?rest_route=%2Fwp%2Fv2%2Fmedia&parent=5374"}],"wp:term":[{"taxonomy":"product_brand","embeddable":true,"href":"https:\/\/quintett.eu\/index.php?rest_route=%2Fwp%2Fv2%2Fproduct_brand&post=5374"},{"taxonomy":"product_cat","embeddable":true,"href":"https:\/\/quintett.eu\/index.php?rest_route=%2Fwp%2Fv2%2Fproduct_cat&post=5374"},{"taxonomy":"product_tag","embeddable":true,"href":"https:\/\/quintett.eu\/index.php?rest_route=%2Fwp%2Fv2%2Fproduct_tag&post=5374"}],"curies":[{"name":"wp","href":"https:\/\/api.w.org\/{rel}","templated":true}]}}