{"id":5392,"date":"2021-03-23T14:25:34","date_gmt":"2021-03-23T12:25:34","guid":{"rendered":"https:\/\/quintett.eu\/?product=austrian-audio-oc18-live-set-bk"},"modified":"2024-11-11T00:00:23","modified_gmt":"2024-11-10T22:00:23","slug":"austrian-audio-oc18-live-set-bk","status":"publish","type":"product","link":"https:\/\/quintett.eu\/?product=austrian-audio-oc18-live-set-bk","title":{"rendered":"Austrian Audio OC18 Live Set BK"},"content":{"rendered":"<p>Set microfon studio Austrian Audio OC18 Live BK<\/p>\n<p>Model polar: Cardioid<br \/>\nCapsula ceramic\u0103 CKR12 realizat\u0103 manual pe baz\u0103 de capsul\u0103 CK12<br \/>\nInterval de frecven\u021b\u0103: 20 &#8211; 20.000 Hz<br \/>\nSensibilitate: 13 mV \/ Pa<br \/>\nImpedan\u021b\u0103 de ie\u0219ire: 275 ohmi (echilibrat)<br \/>\nImpedan\u021ba de intrare: 1 kOhm<br \/>\nSPL (max): 148 dB \/ 158 dB (cu tampon)<br \/>\nZgomot: &lt;10 dB SPL Raport semnal \/ zgomot:&gt; 84 dB<br \/>\nNecesit\u0103 Phantom Power de 48 V<br \/>\nswitch pentru Low Cut Filter: 40, 80 \u0219i 160 Hz<br \/>\nPad: &#8211; 10 si &#8211; 20 dB<br \/>\nInclude<br \/>\n2 x Austrian Audio OC18<br \/>\n2 x shockmount elastic<br \/>\n2 x nuca pentru microfon<br \/>\n2 x burete<br \/>\nDimensiuni: 157 x 63 x 35 mm<br \/>\nFinisaj negru<br \/>\nFabricat manual in Viena<\/p>\n","protected":false},"excerpt":{"rendered":"<p>Set microfon studio Austrian Audio OC18 Live BK condenser, cu diafragma mare.<\/p>\n","protected":false},"featured_media":5384,"comment_status":"open","ping_status":"closed","template":"","meta":[],"product_brand":[],"product_cat":[768,306],"product_tag":[307,879,312,311],"class_list":{"0":"post-5392","1":"product","2":"type-product","3":"status-publish","4":"has-post-thumbnail","6":"product_cat-20-years","7":"product_cat-austrian-audio","8":"product_tag-austrian-audio","9":"product_tag-austrian-audio-oc18-live-set-bk","10":"product_tag-diafragma-mare","11":"product_tag-microfoane-studio","12":"fb_product_set-austrian-audio","14":"first","15":"instock","16":"purchasable","17":"product-type-simple"},"jetpack_sharing_enabled":true,"_links":{"self":[{"href":"https:\/\/quintett.eu\/index.php?rest_route=\/wp\/v2\/product\/5392","targetHints":{"allow":["GET"]}}],"collection":[{"href":"https:\/\/quintett.eu\/index.php?rest_route=\/wp\/v2\/product"}],"about":[{"href":"https:\/\/quintett.eu\/index.php?rest_route=\/wp\/v2\/types\/product"}],"replies":[{"embeddable":true,"href":"https:\/\/quintett.eu\/index.php?rest_route=%2Fwp%2Fv2%2Fcomments&post=5392"}],"wp:featuredmedia":[{"embeddable":true,"href":"https:\/\/quintett.eu\/index.php?rest_route=\/wp\/v2\/media\/5384"}],"wp:attachment":[{"href":"https:\/\/quintett.eu\/index.php?rest_route=%2Fwp%2Fv2%2Fmedia&parent=5392"}],"wp:term":[{"taxonomy":"product_brand","embeddable":true,"href":"https:\/\/quintett.eu\/index.php?rest_route=%2Fwp%2Fv2%2Fproduct_brand&post=5392"},{"taxonomy":"product_cat","embeddable":true,"href":"https:\/\/quintett.eu\/index.php?rest_route=%2Fwp%2Fv2%2Fproduct_cat&post=5392"},{"taxonomy":"product_tag","embeddable":true,"href":"https:\/\/quintett.eu\/index.php?rest_route=%2Fwp%2Fv2%2Fproduct_tag&post=5392"}],"curies":[{"name":"wp","href":"https:\/\/api.w.org\/{rel}","templated":true}]}}