{"id":5403,"date":"2021-03-23T14:25:44","date_gmt":"2021-03-23T12:25:44","guid":{"rendered":"https:\/\/quintett.eu\/?product=austrian-audio-oc818-plus-set"},"modified":"2026-01-01T00:02:12","modified_gmt":"2025-12-31T22:02:12","slug":"austrian-audio-oc818-plus-set","status":"publish","type":"product","link":"https:\/\/quintett.eu\/?product=austrian-audio-oc818-plus-set","title":{"rendered":"Austrian Audio OC818 Black Dual Set Plus"},"content":{"rendered":"<p>Set microfon studio Austrian Audio OC818 Plus<\/p>\n<p>Caracteristici direc\u021bionale comutabile: omni, cardioid, hipercardioid, figura opt<br \/>\nModel polar configurabil \u00een mod gratuit prin plug-in-ul PolarDesigner pentru Win \u0219i Mac<br \/>\nModelare polar\u0103 \u00een timp real prin dongle OCR8 Bluetooth (nu este inclus) \u0219i aplica\u021bia PolarPilot pentru Android \u0219i iOS<br \/>\nCapsul\u0103 ceramic\u0103 manual\u0103 CKR12 bazat\u0103 pe capsula CK12<br \/>\nGama de frecven\u021b\u0103: 20 &#8211; 20.000 Hz<br \/>\nSensibilitate: 13 mV \/ Pa<br \/>\nImpedan\u021b\u0103 de ie\u0219ire: 2 x 275 ohmi (echilibrat)<br \/>\nImpedan\u021b\u0103 de intrare: 1 kOhm<br \/>\nMax. SPL: 148 dB \/ 158 dB (cu tampon)<br \/>\nZgomot: &lt;10 dB SPL Raport semnal-zgomot:&gt; 84 dB<br \/>\nNecesit\u0103 Phantom power de 48 V<br \/>\nFiltru Low Cut: 40, 80 \u0219i 160 Hz<br \/>\nTampon: -10 dB \u0219i -20 dB<br \/>\nInclude<br \/>\n2 x shock mount<br \/>\n2 x nuca pentru microfon<br \/>\n2 x burete<br \/>\n2 x adaptor mini XLR<br \/>\nadaptor de stativ pentru 2 microfoane<br \/>\ncase de protectie<br \/>\nDimensiuni: 157 x 63 x 35 mm<br \/>\nGreutate: 0,36 kg<br \/>\nFabricat manual in Viena<\/p>\n","protected":false},"excerpt":{"rendered":"<p>Set microfon studio Austrian Audio OC818 Plus cu caracteristici direc\u021bionale comutabile: omni, cardioid, hipercardioid, figura opt.<\/p>\n","protected":false},"featured_media":13264,"comment_status":"open","ping_status":"closed","template":"","meta":[],"product_brand":[],"product_cat":[306,1472],"product_tag":[307,852,872,312,311,309,851],"class_list":{"0":"post-5403","1":"product","2":"type-product","3":"status-publish","4":"has-post-thumbnail","6":"product_cat-austrian-audio","7":"product_cat-black-friday-najlepsie-ceny","8":"product_tag-austrian-audio","9":"product_tag-austrian-audio-oc818","10":"product_tag-austrian-audio-oc818-black-dual-set-plus","11":"product_tag-diafragma-mare","12":"product_tag-microfoane-studio","13":"product_tag-oc818","14":"product_tag-oc818-plus","15":"fb_product_set-austrian-audio","17":"first","18":"instock","19":"purchasable","20":"product-type-simple"},"jetpack_sharing_enabled":true,"_links":{"self":[{"href":"https:\/\/quintett.eu\/index.php?rest_route=\/wp\/v2\/product\/5403","targetHints":{"allow":["GET"]}}],"collection":[{"href":"https:\/\/quintett.eu\/index.php?rest_route=\/wp\/v2\/product"}],"about":[{"href":"https:\/\/quintett.eu\/index.php?rest_route=\/wp\/v2\/types\/product"}],"replies":[{"embeddable":true,"href":"https:\/\/quintett.eu\/index.php?rest_route=%2Fwp%2Fv2%2Fcomments&post=5403"}],"wp:featuredmedia":[{"embeddable":true,"href":"https:\/\/quintett.eu\/index.php?rest_route=\/wp\/v2\/media\/13264"}],"wp:attachment":[{"href":"https:\/\/quintett.eu\/index.php?rest_route=%2Fwp%2Fv2%2Fmedia&parent=5403"}],"wp:term":[{"taxonomy":"product_brand","embeddable":true,"href":"https:\/\/quintett.eu\/index.php?rest_route=%2Fwp%2Fv2%2Fproduct_brand&post=5403"},{"taxonomy":"product_cat","embeddable":true,"href":"https:\/\/quintett.eu\/index.php?rest_route=%2Fwp%2Fv2%2Fproduct_cat&post=5403"},{"taxonomy":"product_tag","embeddable":true,"href":"https:\/\/quintett.eu\/index.php?rest_route=%2Fwp%2Fv2%2Fproduct_tag&post=5403"}],"curies":[{"name":"wp","href":"https:\/\/api.w.org\/{rel}","templated":true}]}}