{"id":5404,"date":"2021-03-23T14:25:45","date_gmt":"2021-03-23T12:25:45","guid":{"rendered":"https:\/\/quintett.eu\/?product=austrian-audio-oc818-live-set"},"modified":"2025-03-17T17:36:56","modified_gmt":"2025-03-17T15:36:56","slug":"austrian-audio-oc818-live-set","status":"publish","type":"product","link":"https:\/\/quintett.eu\/?product=austrian-audio-oc818-live-set","title":{"rendered":"Austrian Audio OC818 Dual Set Plus"},"content":{"rendered":"<p>Set microfon studio Austrian Audio OC818 Live<\/p>\n<p>Caracteristici direc\u021bionale comutabile: omni, cardioid, hipercardioid, figura opt<br \/>\nModel polar configurabil \u00een mod gratuit prin plug-in-ul PolarDesigner pentru Win \u0219i Mac<br \/>\nModelare polar\u0103 \u00een timp real prin dongle OCR8 Bluetooth (nu este inclus) \u0219i aplica\u021bia PolarPilot pentru Android \u0219i iOS<br \/>\nCapsul\u0103 ceramic\u0103 manual\u0103 CKR12 bazat\u0103 pe capsula CK12<br \/>\nGama de frecven\u021b\u0103: 20 &#8211; 20.000 Hz<br \/>\nSensibilitate: 13 mV \/ Pa<br \/>\nImpedan\u021b\u0103 de ie\u0219ire: 2 x 275 ohmi (echilibrat)<br \/>\nImpedan\u021b\u0103 de intrare: 1 kOhm<br \/>\nMax. SPL: 148 dB \/ 158 dB (cu tampon)<br \/>\nZgomot: &lt;10 dB SPL Raport semnal-zgomot:&gt; 84 dB<br \/>\nNecesit\u0103 Phantom power de 48 V<br \/>\nFiltru Low Cut: 40, 80 \u0219i 160 Hz<br \/>\nTampon: -10 dB \u0219i -20 dB<br \/>\nInclude<br \/>\n2 x shock mount<br \/>\n2 x nuca pentru microfon<br \/>\n2 x burete<br \/>\n2 x adaptor mini XLR<br \/>\nDimensiuni: 157 x 63 x 35 mm<br \/>\nGreutate: 0,36 kg<\/p>\n","protected":false},"excerpt":{"rendered":"<p>Set microfon studio Austrian Audio OC818 Live cu caracteristici direc\u021bionale comutabile: omni, cardioid, hipercardioid, figura opt.<\/p>\n","protected":false},"featured_media":5393,"comment_status":"open","ping_status":"closed","template":"","meta":[],"product_brand":[],"product_cat":[768,306],"product_tag":[307,852,872,312,311],"class_list":{"0":"post-5404","1":"product","2":"type-product","3":"status-publish","4":"has-post-thumbnail","6":"product_cat-20-years","7":"product_cat-austrian-audio","8":"product_tag-austrian-audio","9":"product_tag-austrian-audio-oc818","10":"product_tag-austrian-audio-oc818-black-dual-set-plus","11":"product_tag-diafragma-mare","12":"product_tag-microfoane-studio","14":"first","15":"instock","16":"sale","17":"purchasable","18":"product-type-simple"},"jetpack_sharing_enabled":true,"_links":{"self":[{"href":"https:\/\/quintett.eu\/index.php?rest_route=\/wp\/v2\/product\/5404","targetHints":{"allow":["GET"]}}],"collection":[{"href":"https:\/\/quintett.eu\/index.php?rest_route=\/wp\/v2\/product"}],"about":[{"href":"https:\/\/quintett.eu\/index.php?rest_route=\/wp\/v2\/types\/product"}],"replies":[{"embeddable":true,"href":"https:\/\/quintett.eu\/index.php?rest_route=%2Fwp%2Fv2%2Fcomments&post=5404"}],"wp:featuredmedia":[{"embeddable":true,"href":"https:\/\/quintett.eu\/index.php?rest_route=\/wp\/v2\/media\/5393"}],"wp:attachment":[{"href":"https:\/\/quintett.eu\/index.php?rest_route=%2Fwp%2Fv2%2Fmedia&parent=5404"}],"wp:term":[{"taxonomy":"product_brand","embeddable":true,"href":"https:\/\/quintett.eu\/index.php?rest_route=%2Fwp%2Fv2%2Fproduct_brand&post=5404"},{"taxonomy":"product_cat","embeddable":true,"href":"https:\/\/quintett.eu\/index.php?rest_route=%2Fwp%2Fv2%2Fproduct_cat&post=5404"},{"taxonomy":"product_tag","embeddable":true,"href":"https:\/\/quintett.eu\/index.php?rest_route=%2Fwp%2Fv2%2Fproduct_tag&post=5404"}],"curies":[{"name":"wp","href":"https:\/\/api.w.org\/{rel}","templated":true}]}}