{"id":5888,"date":"2021-04-02T18:41:21","date_gmt":"2021-04-02T16:41:21","guid":{"rendered":"https:\/\/quintett.eu\/?product=hercules-bs200b"},"modified":"2021-04-02T18:53:58","modified_gmt":"2021-04-02T16:53:58","slug":"hercules-bs200b","status":"publish","type":"product","link":"https:\/\/quintett.eu\/?product=hercules-bs200b","title":{"rendered":"Hercules BS200B"},"content":{"rendered":"<p>\u00a0<\/p>\n<p><span style=\"font-size:11px;line-height:1.5em;\">Stativ partituri\u00a0<\/span><span style=\"font-size:11px;line-height:1.5em;\">Hercules BS200B<\/span><\/p>\n<p>\u00a0<\/p>\n<ul type=\"disc\">\n<li>EZ Grip\u00a0pentru reglarea \u00een\u0103l\u021bimii cu o singur\u0103 m\u00e2n\u0103<\/li>\n<li>stabilitate maxima<\/li>\n<li>economise\u0219te spa\u021biu la depozitare<\/li>\n<li>inaltime ajustabila:\u00a0<span>690-1100mm<\/span><\/li>\n<li>dimensiunea suportului de note:\u00a0<span>480x345mm<\/span><\/li>\n<li>culoare: negru<\/li>\n<li>greutate:3.4 kg<\/li>\n<\/ul>\n","protected":false},"excerpt":{"rendered":"<p>Stativ partituri Hercules BS200B.<\/p>\n","protected":false},"featured_media":5760,"comment_status":"open","ping_status":"closed","template":"","meta":[],"product_brand":[],"product_cat":[186],"product_tag":[315,314,316],"class_list":{"0":"post-5888","1":"product","2":"type-product","3":"status-publish","4":"has-post-thumbnail","6":"product_cat-stative-accesorii-stavive","7":"product_tag-accesorii","8":"product_tag-hercules","9":"product_tag-stative","11":"first","12":"instock","13":"taxable","14":"shipping-taxable","15":"purchasable","16":"product-type-simple"},"jetpack_sharing_enabled":true,"_links":{"self":[{"href":"https:\/\/quintett.eu\/index.php?rest_route=\/wp\/v2\/product\/5888","targetHints":{"allow":["GET"]}}],"collection":[{"href":"https:\/\/quintett.eu\/index.php?rest_route=\/wp\/v2\/product"}],"about":[{"href":"https:\/\/quintett.eu\/index.php?rest_route=\/wp\/v2\/types\/product"}],"replies":[{"embeddable":true,"href":"https:\/\/quintett.eu\/index.php?rest_route=%2Fwp%2Fv2%2Fcomments&post=5888"}],"wp:featuredmedia":[{"embeddable":true,"href":"https:\/\/quintett.eu\/index.php?rest_route=\/wp\/v2\/media\/5760"}],"wp:attachment":[{"href":"https:\/\/quintett.eu\/index.php?rest_route=%2Fwp%2Fv2%2Fmedia&parent=5888"}],"wp:term":[{"taxonomy":"product_brand","embeddable":true,"href":"https:\/\/quintett.eu\/index.php?rest_route=%2Fwp%2Fv2%2Fproduct_brand&post=5888"},{"taxonomy":"product_cat","embeddable":true,"href":"https:\/\/quintett.eu\/index.php?rest_route=%2Fwp%2Fv2%2Fproduct_cat&post=5888"},{"taxonomy":"product_tag","embeddable":true,"href":"https:\/\/quintett.eu\/index.php?rest_route=%2Fwp%2Fv2%2Fproduct_tag&post=5888"}],"curies":[{"name":"wp","href":"https:\/\/api.w.org\/{rel}","templated":true}]}}