{"id":5906,"date":"2021-04-02T18:41:43","date_gmt":"2021-04-02T16:41:43","guid":{"rendered":"https:\/\/quintett.eu\/?product=hercules-stands-one-handed-mic-stand"},"modified":"2021-04-02T18:54:52","modified_gmt":"2021-04-02T16:54:52","slug":"hercules-stands-one-handed-mic-stand","status":"publish","type":"product","link":"https:\/\/quintett.eu\/?product=hercules-stands-one-handed-mic-stand","title":{"rendered":"Hercules Stands One-Handed Mic Stand"},"content":{"rendered":"<p>Hercules Stands One-Handed Mic Stand<\/p>\n<ul class=\"prod-features\">\n<li><span><span><span>Cu baza rotund\u0103 (tampon de cauciuc de amortizare a impactului \u00een form\u0103 de 6-picioare)<\/span><\/span><\/span><\/li>\n<li><span><span><span>Reglarea \u00een\u0103l\u021bimii usor de reglat cu o singura m\u00e2n\u0103<\/span><\/span><\/span><\/li>\n<li><span><span><span>\u00cen\u0103l\u021bime: 1020 &#8211; 1680 mm<\/span><\/span><\/span><\/li>\n<li><span><span><span>Greutate: 4,7 kg<\/span><\/span><\/span><\/li>\n<\/ul>\n","protected":false},"excerpt":{"rendered":"<p>Hercules Stands One-Handed Mic Stand &#8211; Stativ microfon cu baza rotunda\u00a0(tampon de cauciuc de amortizare a impactului \u00een form\u0103 de 6-picioare), reglarea inaltimii usor de reglat cu o singura mana, inaltime\u00a01020 &#8211; 1680 mm, greutate 4,7 kg.<\/p>\n","protected":false},"featured_media":5796,"comment_status":"open","ping_status":"closed","template":"","meta":[],"product_brand":[],"product_cat":[186],"product_tag":[315,314,316],"class_list":{"0":"post-5906","1":"product","2":"type-product","3":"status-publish","4":"has-post-thumbnail","6":"product_cat-stative-accesorii-stavive","7":"product_tag-accesorii","8":"product_tag-hercules","9":"product_tag-stative","11":"first","12":"instock","13":"taxable","14":"shipping-taxable","15":"purchasable","16":"product-type-simple"},"jetpack_sharing_enabled":true,"_links":{"self":[{"href":"https:\/\/quintett.eu\/index.php?rest_route=\/wp\/v2\/product\/5906","targetHints":{"allow":["GET"]}}],"collection":[{"href":"https:\/\/quintett.eu\/index.php?rest_route=\/wp\/v2\/product"}],"about":[{"href":"https:\/\/quintett.eu\/index.php?rest_route=\/wp\/v2\/types\/product"}],"replies":[{"embeddable":true,"href":"https:\/\/quintett.eu\/index.php?rest_route=%2Fwp%2Fv2%2Fcomments&post=5906"}],"wp:featuredmedia":[{"embeddable":true,"href":"https:\/\/quintett.eu\/index.php?rest_route=\/wp\/v2\/media\/5796"}],"wp:attachment":[{"href":"https:\/\/quintett.eu\/index.php?rest_route=%2Fwp%2Fv2%2Fmedia&parent=5906"}],"wp:term":[{"taxonomy":"product_brand","embeddable":true,"href":"https:\/\/quintett.eu\/index.php?rest_route=%2Fwp%2Fv2%2Fproduct_brand&post=5906"},{"taxonomy":"product_cat","embeddable":true,"href":"https:\/\/quintett.eu\/index.php?rest_route=%2Fwp%2Fv2%2Fproduct_cat&post=5906"},{"taxonomy":"product_tag","embeddable":true,"href":"https:\/\/quintett.eu\/index.php?rest_route=%2Fwp%2Fv2%2Fproduct_tag&post=5906"}],"curies":[{"name":"wp","href":"https:\/\/api.w.org\/{rel}","templated":true}]}}