{"id":5910,"date":"2021-04-02T18:41:48","date_gmt":"2021-04-02T16:41:48","guid":{"rendered":"https:\/\/quintett.eu\/?product=hercules-ss-700b-speaker-stand"},"modified":"2024-04-26T14:59:07","modified_gmt":"2024-04-26T12:59:07","slug":"hercules-ss-700b-speaker-stand","status":"publish","type":"product","link":"https:\/\/quintett.eu\/?product=hercules-ss-700b-speaker-stand","title":{"rendered":"Hercules Stands HCSS-700B Speaker Stand Bundle"},"content":{"rendered":"<p>Stativ pentru box\u0103 Hercules Stands HCSS-700B Speaker Stand x 2 <\/p>\n<p>Suport profesional pentru box\u0103<br \/>\nCu manivel\u0103 \u201eQuik-N-EZ Gear Up\u201d<br \/>\nPotrivit pentru flan\u0219e de 3.5 si 3.8 cm<br \/>\n\u00cen\u0103l\u021bime reglabil\u0103 \u00eentre 115 &#8211; 218 cm<br \/>\nAmprent\u0103 la sol: 66 cm<br \/>\nDimensiuni pliat: 116.5 x 21 x 19 cm<br \/>\nSarcin\u0103 central\u0103 max.: 45 kg<br \/>\nGreutate: 6.2 kg<br \/>\nCuloare neagr\u0103<\/p>\n","protected":false},"excerpt":{"rendered":"<p>Stativ pentru box\u0103 Hercules Stands HCSS-700B Speaker Stand profesional, robust \u0219i stabil, ce dispune de sistemul Quik-N-EZ Gear Up pentru a ridica \u0219i cobor\u00ee boxa la \u00een\u0103l\u021bimea dorit\u0103, cu blocator de siguran\u021b\u0103<\/p>\n","protected":false},"featured_media":6113,"comment_status":"open","ping_status":"closed","template":"","meta":[],"product_brand":[],"product_cat":[186],"product_tag":[315,314,316],"class_list":{"0":"post-5910","1":"product","2":"type-product","3":"status-publish","4":"has-post-thumbnail","6":"product_cat-stative-accesorii-stavive","7":"product_tag-accesorii","8":"product_tag-hercules","9":"product_tag-stative","11":"first","12":"instock","13":"purchasable","14":"product-type-simple"},"jetpack_sharing_enabled":true,"_links":{"self":[{"href":"https:\/\/quintett.eu\/index.php?rest_route=\/wp\/v2\/product\/5910","targetHints":{"allow":["GET"]}}],"collection":[{"href":"https:\/\/quintett.eu\/index.php?rest_route=\/wp\/v2\/product"}],"about":[{"href":"https:\/\/quintett.eu\/index.php?rest_route=\/wp\/v2\/types\/product"}],"replies":[{"embeddable":true,"href":"https:\/\/quintett.eu\/index.php?rest_route=%2Fwp%2Fv2%2Fcomments&post=5910"}],"wp:featuredmedia":[{"embeddable":true,"href":"https:\/\/quintett.eu\/index.php?rest_route=\/wp\/v2\/media\/6113"}],"wp:attachment":[{"href":"https:\/\/quintett.eu\/index.php?rest_route=%2Fwp%2Fv2%2Fmedia&parent=5910"}],"wp:term":[{"taxonomy":"product_brand","embeddable":true,"href":"https:\/\/quintett.eu\/index.php?rest_route=%2Fwp%2Fv2%2Fproduct_brand&post=5910"},{"taxonomy":"product_cat","embeddable":true,"href":"https:\/\/quintett.eu\/index.php?rest_route=%2Fwp%2Fv2%2Fproduct_cat&post=5910"},{"taxonomy":"product_tag","embeddable":true,"href":"https:\/\/quintett.eu\/index.php?rest_route=%2Fwp%2Fv2%2Fproduct_tag&post=5910"}],"curies":[{"name":"wp","href":"https:\/\/api.w.org\/{rel}","templated":true}]}}