{"id":5911,"date":"2021-04-02T18:41:49","date_gmt":"2021-04-02T16:41:49","guid":{"rendered":"https:\/\/quintett.eu\/?product=hercules-stands-hcgsp-40sb"},"modified":"2021-04-02T18:55:02","modified_gmt":"2021-04-02T16:55:02","slug":"hercules-stands-hcgsp-40sb","status":"publish","type":"product","link":"https:\/\/quintett.eu\/?product=hercules-stands-hcgsp-40sb","title":{"rendered":"Hercules Stands HCGSP-40SB+"},"content":{"rendered":"<p>Stativ de perete pentru chitara\u00a0Hercules Stands HCGSP-40SB+<\/p>\n<ul>\n<li><span lang=\"ro\" xml:lang=\"ro\">Suport pentru chitar\u0103 <\/span><\/li>\n<li><span lang=\"ro\" xml:lang=\"ro\">Pentru fixarea pe pere\u021bi de profil <\/span><\/li>\n<li><span lang=\"ro\" xml:lang=\"ro\">Cu sistemul Auto Grip revizuit <\/span><\/li>\n<li><span lang=\"ro\" xml:lang=\"ro\">Bra\u021b lung, pivotant, pentru adaptarea la diferite tranzi\u021bii g\u00e2t-cap<\/span><\/li>\n<li><span lang=\"ro\" xml:lang=\"ro\">Suport cu c\u0103ptu\u0219eal\u0103 \u00eembun\u0103t\u0103\u021bit\u0103 din cauciuc spumos \u0219i design elegant <\/span><\/li>\n<li><span lang=\"ro\" xml:lang=\"ro\">NINA (Narrow Instrument Neck Adjustment) pentru l\u0103\u021bimi de g\u00e2t de la 28 &#8211; 52 mm <\/span><\/li>\n<li><span lang=\"ro\" xml:lang=\"ro\">Bra\u021b lung, orizontal, rotativ <\/span><\/li>\n<li><span lang=\"ro\" xml:lang=\"ro\">Cap cu articula\u021bie vertical\u0103 pivotant\u0103 pentru adaptarea la diferite tranzi\u021bii g\u00e2t-cap<\/span><\/li>\n<li><span lang=\"ro\" xml:lang=\"ro\">Lungimea bra\u021bului: 275 mm (distan\u021ba de la suportul AGS \/ capul interior la placa metalic\u0103) <\/span><\/li>\n<li><span lang=\"ro\" xml:lang=\"ro\">Max. capacitate de \u00eenc\u0103rcare: 7 kg <\/span><\/li>\n<li><span lang=\"ro\" xml:lang=\"ro\">Not\u0103: Nu este potrivit pentru utilizarea pe termen lung cu instrumente cu finisaj de lac nitrocelulozic<\/span><\/li>\n<\/ul>\n","protected":false},"excerpt":{"rendered":"<p>Stativ de perete pentru chitara\u00a0Hercules Stands HCGSP-40SB+<\/p>\n","protected":false},"featured_media":5806,"comment_status":"open","ping_status":"closed","template":"","meta":[],"product_brand":[],"product_cat":[186],"product_tag":[315,314,316],"class_list":{"0":"post-5911","1":"product","2":"type-product","3":"status-publish","4":"has-post-thumbnail","6":"product_cat-stative-accesorii-stavive","7":"product_tag-accesorii","8":"product_tag-hercules","9":"product_tag-stative","11":"first","12":"instock","13":"taxable","14":"shipping-taxable","15":"purchasable","16":"product-type-simple"},"jetpack_sharing_enabled":true,"_links":{"self":[{"href":"https:\/\/quintett.eu\/index.php?rest_route=\/wp\/v2\/product\/5911","targetHints":{"allow":["GET"]}}],"collection":[{"href":"https:\/\/quintett.eu\/index.php?rest_route=\/wp\/v2\/product"}],"about":[{"href":"https:\/\/quintett.eu\/index.php?rest_route=\/wp\/v2\/types\/product"}],"replies":[{"embeddable":true,"href":"https:\/\/quintett.eu\/index.php?rest_route=%2Fwp%2Fv2%2Fcomments&post=5911"}],"wp:featuredmedia":[{"embeddable":true,"href":"https:\/\/quintett.eu\/index.php?rest_route=\/wp\/v2\/media\/5806"}],"wp:attachment":[{"href":"https:\/\/quintett.eu\/index.php?rest_route=%2Fwp%2Fv2%2Fmedia&parent=5911"}],"wp:term":[{"taxonomy":"product_brand","embeddable":true,"href":"https:\/\/quintett.eu\/index.php?rest_route=%2Fwp%2Fv2%2Fproduct_brand&post=5911"},{"taxonomy":"product_cat","embeddable":true,"href":"https:\/\/quintett.eu\/index.php?rest_route=%2Fwp%2Fv2%2Fproduct_cat&post=5911"},{"taxonomy":"product_tag","embeddable":true,"href":"https:\/\/quintett.eu\/index.php?rest_route=%2Fwp%2Fv2%2Fproduct_tag&post=5911"}],"curies":[{"name":"wp","href":"https:\/\/api.w.org\/{rel}","templated":true}]}}