{"id":6184,"date":"2021-04-14T09:27:33","date_gmt":"2021-04-14T07:27:33","guid":{"rendered":"https:\/\/quintett.eu\/?product=radial-engineering-sb-1"},"modified":"2024-04-26T08:29:24","modified_gmt":"2024-04-26T06:29:24","slug":"radial-engineering-sb-1","status":"publish","type":"product","link":"https:\/\/quintett.eu\/?product=radial-engineering-sb-1","title":{"rendered":"Radial Engineering SB-1"},"content":{"rendered":"<p>DI Box Activ\u00a0Radial Engineering SB-1<\/p>\n<p><span>Designul incepe cu intrare standard de instrument jack 6.3mm cu thru-put pentru conectare la tuner sau amplificator scena. Circuitul activ ultra-silentios converteste semnalul de la impedanta mare la mica pentru a reduce zgomotul de fond. Semnalul este apoi procesat si balansat pentru distante mari pana la sistemul PA.\u00a0<\/span><\/p>\n<p><b>Detalii Principale:<\/b><\/p>\n<ul>\n<li>DI Box Activ pentru chitare acustice si bassuri pasive<\/li>\n<li>Ultra compact pentru a incapea in case\/husa chitara<\/li>\n<li>Functii usor de utilizat tip Plug &amp; play<\/li>\n<li>Alimentare Phantom Power 48V<\/li>\n<li>Nu necesita baterii<\/li>\n<\/ul>\n<p><strong>Aplicatii Recomandate:<\/strong><\/p>\n<ul>\n<li>Chitar\u0103 acustic\u0103 live &#8211; conecteaz\u0103-l la chitar\u0103 si converteste semnalul Hi-Z de instrument automat in Lo-Z<\/li>\n<li>Inregistrare bass direct &#8211; \u00eenregistreaz\u0103-\u021bi basul direct, cu un ton mai bun si zgomot redus prin balansarea corect\u0103 a impedan\u021bei<\/li>\n<li>Ad\u0103ugare tuner sau amplificator &#8211;\u00a0prin func\u021bia<span>\u00a0thru output se poate transmite semnalul c\u0103tre amplificator sau tuner. Pentru distractie po\u021bi ad\u0103uga pedale dupa SB-1 pentru a colora tonul pe scen\u0103 men\u021bin\u00e2nd semnalul trimis c\u0103tre PA curat\u00a0<\/span><\/li>\n<\/ul>\n<p><strong>Specificatii Tehnice:<\/strong><\/p>\n<ul class=\"prod-features\">\n<li><span>1 Canal cu buffer activ<\/span><\/li>\n<li><span>Raspuns frecventa: 20 &#8211; 20,000 Hz<\/span><\/li>\n<li>Gama dinamica: &gt;100 dB<\/li>\n<li>Gain:\u00a0<span>+1.3dBu\/+4.4dB<\/span><\/li>\n<li>Nivel clipping:\u00a0<span>+3.3dBu\/+12.3dBu<\/span><\/li>\n<li>Distorsiune armonica totala:\u00a0<span>&lt;0.006%<\/span><\/li>\n<li>Zgomot:\u00a0<span>-97dBu<\/span><\/li>\n<li><span>Phantom Power 48 V<\/span><\/li>\n<li><span>Intrare Jack Hi-Z 6.3mm<\/span><\/li>\n<li>Iesire Jack 6.3mm (thru-out)<\/li>\n<li>Iesire XLR<\/li>\n<li><span>Pad comutabil pentru reduc\u021bie de 15 dB<\/span><\/li>\n<li><span>Faz\u0103 comutabil\u0103 180\u00b0<\/span><\/li>\n<li>Carcas\u0103 din metal<\/li>\n<li><span>Culoare: albastru<\/span><\/li>\n<li><span>Dimensiuni (lungime x latime x adancime):\u00a0<span>114mm x 47mm x 34mm<\/span><\/span><\/li>\n<li><span>Greutate: 250g<\/span><\/li>\n<li><span>Temperatura stocare:\u00a0<span>5\u00b0C pana 40\u00b0C<\/span><\/span><\/li>\n<\/ul>\n","protected":false},"excerpt":{"rendered":"<p>DI Box Activ\u00a0Radial Engineering SB-1, conceput pentru chitare acustice si bass. SB-1 ofera raspuns frecventa liniar la calitate audio superioara, fara phase shift si o distorsiune mai mica de 0.005% la toate frecventele.<\/p>\n","protected":false},"featured_media":6171,"comment_status":"open","ping_status":"closed","template":"","meta":[],"product_brand":[],"product_cat":[317],"product_tag":[320,322,318,319,203,321,158],"class_list":{"0":"post-6184","1":"product","2":"type-product","3":"status-publish","4":"has-post-thumbnail","6":"product_cat-radial","7":"product_tag-activ","8":"product_tag-alimentator","9":"product_tag-di","10":"product_tag-di-box","11":"product_tag-mixer","12":"product_tag-pasiv","13":"product_tag-pedala","15":"first","16":"instock","17":"purchasable","18":"product-type-simple"},"jetpack_sharing_enabled":true,"_links":{"self":[{"href":"https:\/\/quintett.eu\/index.php?rest_route=\/wp\/v2\/product\/6184","targetHints":{"allow":["GET"]}}],"collection":[{"href":"https:\/\/quintett.eu\/index.php?rest_route=\/wp\/v2\/product"}],"about":[{"href":"https:\/\/quintett.eu\/index.php?rest_route=\/wp\/v2\/types\/product"}],"replies":[{"embeddable":true,"href":"https:\/\/quintett.eu\/index.php?rest_route=%2Fwp%2Fv2%2Fcomments&post=6184"}],"wp:featuredmedia":[{"embeddable":true,"href":"https:\/\/quintett.eu\/index.php?rest_route=\/wp\/v2\/media\/6171"}],"wp:attachment":[{"href":"https:\/\/quintett.eu\/index.php?rest_route=%2Fwp%2Fv2%2Fmedia&parent=6184"}],"wp:term":[{"taxonomy":"product_brand","embeddable":true,"href":"https:\/\/quintett.eu\/index.php?rest_route=%2Fwp%2Fv2%2Fproduct_brand&post=6184"},{"taxonomy":"product_cat","embeddable":true,"href":"https:\/\/quintett.eu\/index.php?rest_route=%2Fwp%2Fv2%2Fproduct_cat&post=6184"},{"taxonomy":"product_tag","embeddable":true,"href":"https:\/\/quintett.eu\/index.php?rest_route=%2Fwp%2Fv2%2Fproduct_tag&post=6184"}],"curies":[{"name":"wp","href":"https:\/\/api.w.org\/{rel}","templated":true}]}}