{"id":6385,"date":"2021-04-14T09:29:57","date_gmt":"2021-04-14T07:29:57","guid":{"rendered":"https:\/\/quintett.eu\/?product=radial-engineering-sb-6"},"modified":"2024-04-26T09:48:04","modified_gmt":"2024-04-26T07:48:04","slug":"radial-engineering-sb-6","status":"publish","type":"product","link":"https:\/\/quintett.eu\/?product=radial-engineering-sb-6","title":{"rendered":"Radial Engineering SB-6"},"content":{"rendered":"<p>Izolator stereo\u00a0Radial Engineering SB-6<\/p>\n<ul class=\"prod-features\">\n<li><span>Elimin\u0103 zgomotul de fond cauzat de ground loops<\/span><\/li>\n<li><span>Ideal pentru instrumenti\u0219ti, soli\u0219ti vocali, DJ, sisteme sonorizare \u0219i multe alte echipamente audio<\/span><\/li>\n<li><span>Pentru semnale audio balansate \u0219i nebalansate<\/span><\/li>\n<li><span>R\u0103spuns frecven\u021b\u0103 linear de la 20 &#8211; 20,000 Hz<\/span><\/li>\n<li><span>2x Intr\u0103ri Jack 6.3 mm<\/span><\/li>\n<li><span>2x Ie\u0219iri Jack\u00a0 6.3 mm<\/span><\/li>\n<li><span>Ground lift\u00a0comutabil pentru ambele canale<\/span><\/li>\n<li>Pad comutabil<\/li>\n<li><span>Faz\u0103 reversibil\u0103 pentru canalul st\u00e2nga<\/span><\/li>\n<li>Carcas\u0103 robust\u0103 din metal<\/li>\n<\/ul>\n","protected":false},"excerpt":{"rendered":"<p>Izolator stereo\u00a0Radial Engineering SB-6 pentru eliminarea zgomotului de fond cauzat de ground loops, compatibil cu semnale audio balansate \u0219i nebalansate.<\/p>\n","protected":false},"featured_media":6376,"comment_status":"open","ping_status":"closed","template":"","meta":[],"product_brand":[],"product_cat":[317],"product_tag":[320,322,318,319,203,321,158],"class_list":{"0":"post-6385","1":"product","2":"type-product","3":"status-publish","4":"has-post-thumbnail","6":"product_cat-radial","7":"product_tag-activ","8":"product_tag-alimentator","9":"product_tag-di","10":"product_tag-di-box","11":"product_tag-mixer","12":"product_tag-pasiv","13":"product_tag-pedala","15":"first","16":"instock","17":"purchasable","18":"product-type-simple"},"jetpack_sharing_enabled":true,"_links":{"self":[{"href":"https:\/\/quintett.eu\/index.php?rest_route=\/wp\/v2\/product\/6385","targetHints":{"allow":["GET"]}}],"collection":[{"href":"https:\/\/quintett.eu\/index.php?rest_route=\/wp\/v2\/product"}],"about":[{"href":"https:\/\/quintett.eu\/index.php?rest_route=\/wp\/v2\/types\/product"}],"replies":[{"embeddable":true,"href":"https:\/\/quintett.eu\/index.php?rest_route=%2Fwp%2Fv2%2Fcomments&post=6385"}],"wp:featuredmedia":[{"embeddable":true,"href":"https:\/\/quintett.eu\/index.php?rest_route=\/wp\/v2\/media\/6376"}],"wp:attachment":[{"href":"https:\/\/quintett.eu\/index.php?rest_route=%2Fwp%2Fv2%2Fmedia&parent=6385"}],"wp:term":[{"taxonomy":"product_brand","embeddable":true,"href":"https:\/\/quintett.eu\/index.php?rest_route=%2Fwp%2Fv2%2Fproduct_brand&post=6385"},{"taxonomy":"product_cat","embeddable":true,"href":"https:\/\/quintett.eu\/index.php?rest_route=%2Fwp%2Fv2%2Fproduct_cat&post=6385"},{"taxonomy":"product_tag","embeddable":true,"href":"https:\/\/quintett.eu\/index.php?rest_route=%2Fwp%2Fv2%2Fproduct_tag&post=6385"}],"curies":[{"name":"wp","href":"https:\/\/api.w.org\/{rel}","templated":true}]}}