{"id":6414,"date":"2021-04-14T09:30:18","date_gmt":"2021-04-14T07:30:18","guid":{"rendered":"https:\/\/quintett.eu\/?product=radial-engineering-x-amp"},"modified":"2024-04-26T09:43:58","modified_gmt":"2024-04-26T07:43:58","slug":"radial-engineering-x-amp","status":"publish","type":"product","link":"https:\/\/quintett.eu\/?product=radial-engineering-x-amp","title":{"rendered":"Radial Engineering X-AMP"},"content":{"rendered":"<p>Reamp Box\u00a0Radial Engineering X-AMP<\/p>\n<p><span>S\u0103 utilizezi Radial X-Amp este u\u0219or: \u00eencepe prin a \u00eenregistra un track dry folosind un DI box de \u00eenalt\u0103 calitate precum Radial J48. Trimite trackul din recorderul t\u0103u prin Radial X-Amp c\u0103tre amplificatoarele de chitar\u0103, efecte pedal\u0103 sau combina\u021bii \u00eentre acestea. Odat\u0103 ce track-ul de baz\u0103 e \u00eenregistrat, \u00eenlocuirea \u0219i ad\u0103ugarea trackurilor poate fi f\u0103cut\u0103 mai u\u0219or dup\u0103 ce interpretul a plecat acas\u0103<\/span><span>. Acest lucru elimin\u0103 repeti\u021bia frustrant\u0103 \u0219i obositoare \u00een timp ce \u00ee\u021bi asigur\u0103 o performan\u021b\u0103 vibrant\u0103 pe \u00eenregistrarea final\u0103. Prin utilizarea a dou\u0103 amplificatoare \u00een acela\u0219i timp, noi sunete \u0219i texturi pot fi create \u00een timp ce tu po\u021bi lua deciziile artistice pe parcursul procesului de \u00eenregistrare.<\/span><\/p>\n<p><strong>Detalii principale Radial Engineering X-Amp:<\/strong><\/p>\n<ul class=\"blst\">\n<li>Reamp activ cu 2 ie\u0219iri<\/li>\n<li>Signal path 100% discret clasa A<\/li>\n<li>Transformator izolat pentru eliminare zgomot<\/li>\n<li>Indicator peak LED \u0219i nivel control<\/li>\n<li>Circuitul 100% Clasa-A ob\u021bine claritate uluitoare<\/li>\n<li>LED suprasarcin\u0103 ajut\u0103 la monitorizarea nivelelor de intrare<\/li>\n<li>Ie\u0219irile duale pot s\u0103 duc\u0103 2 amplificatoare sau chain-uri de efecte pedal\u0103<\/li>\n<li>Reversare polaritate pentru corectarea fazei \u00eentre amplificatoare<\/li>\n<li>Ie\u0219irea 2 este izolat\u0103 de transformator pentru eliminarea zgomotului de fond<\/li>\n<li>Nivel control activ pentru a seta volumele perfecte ale amplificatoarelor<\/li>\n<li>Design-ul activ reproduce performan\u021ba original\u0103<\/li>\n<li>Modific\u0103 tonul amplificatoarelor\/pedalelor DUP\u0102 \u00eenregistrare<\/li>\n<li>Reduce oboseala interpretului \u0219i repeti\u021bia frustrant\u0103<\/li>\n<li>Amplific\u0103 un instrument acustic f\u0103r\u0103 microfonie<\/li>\n<li>Folose\u0219te 2 amplificatoare f\u0103r\u0103 zgomot de fond sau buzz<\/li>\n<\/ul>\n<p><strong>Aplica\u021bii recomandate:<\/strong><\/p>\n<ul class=\"blst\">\n<li>Conversie volum Linie la nivel Instrument\u00a0<\/li>\n<li>Realizeaz\u0103 conexiunea \u00eentre echipamentul de \u00eenregistrare \u0219i amplificator &amp; pedale<\/li>\n<li>Re-amping u\u0219or pentru a ob\u021bine trackuri consistente \u0219i\u00a0c\u0103rnoase<\/li>\n<li>Utilizare \u00een timpul trackurilor de baz\u0103, over dub-uri \u0219i mixing<\/li>\n<\/ul>\n<p><strong>Specifica\u021bii tehnice:<\/strong><\/p>\n<ul class=\"blst\">\n<li><span>Circuit audio:<\/span>\u00a0100% discret Clasa-A<\/li>\n<li><span>R\u0103spuns frecven\u021b\u0103:<\/span>\u00a020Hz ~ 15kHz (\u00b1 1.0dB)<\/li>\n<li><span>Ra\u021bie Signal to Noise:<\/span>\u00a088dB sub nivel instrument (-20dBu)<\/li>\n<li><span>Gam\u0103 dinamic\u0103:<\/span>\u00a0119dB<\/li>\n<li><span>Noise Floor:<\/span>\u00a0OUT-1 -110dB; OUT-2 -108dBu<\/li>\n<li><span>Intrare maxim\u0103:<\/span>\u00a0+22dBu<\/li>\n<li><span>Distorsiune armonic\u0103 total\u0103 (THD):<\/span>\u00a00.02% @ -15dBu<\/li>\n<li><span>Inter-Modulation Distortion:<\/span>\u00a00.02% @ -20dBu<\/li>\n<li><span>Impedan\u021b\u0103 intrare:<\/span>\u00a0600 ohmi<\/li>\n<li><span>Intrare XLR:<\/span>\u00a0Nivel Line balansat, AES standard (pin-2 hot)<\/li>\n<li><span>Ground Lift (intrare):<\/span>\u00a0Disconecteaz\u0103 pin-1 la intrare XLR<\/li>\n<li>Nivel ie\u0219ire ajustabil<\/li>\n<li>Tip ie\u0219ire:\u00a0\n<ul>\n<li>Nivel instrument High-Z<\/li>\n<li>Ie\u0219irea 1 direct\u0103<\/li>\n<li>Ie\u0219irea 2 izolat\u0103 de transformator\u00a0<\/li>\n<\/ul>\n<\/li>\n<li><span>Polaritate:<\/span>\u00a0reversare polaritate de 180\u00ba\u00a0pe ie\u0219irea 2<\/li>\n<li><span>Putere:<\/span>\u00a0+15VDC\/400mA<\/li>\n<li>Alimentator inclus<\/li>\n<li><span>Construc\u021bie din o\u021bel rigid<\/span><\/li>\n<li>Finisaj \u00eembr\u0103cat \u00een pudr\u0103<\/li>\n<li>Dimensiuni: 84 x 127 x 48mm<\/li>\n<li><span>Weight:<\/span>\u00a0720g<\/li>\n<li><span>Condi\u021bii utilizare: Utilizare \u00een mediu uscat numai \u00eentre<\/span>\u00a05\u00b0C \u0219i 40\u00b0C<\/li>\n<\/ul>\n<p><iframe width=\"560\" height=\"315\" src=\"https:\/\/www.youtube.com\/embed\/sfyjiD5ksE0\" title=\"YouTube video player\" frameborder=\"0\"><\/iframe><\/p>\n","protected":false},"excerpt":{"rendered":"<p>Reamp Box\u00a0Radial Engineering X-AMP este un Reamper activ care permite inginerului de sunet s\u0103 ob\u021bin\u0103 un track pre-\u00eenregistrat prin amplificatoare \u0219i pedale, cu o \u00eenregistrare curat\u0103, tip DI. Acest lucru permite explorarea sunetelor noi \u00een timpul procesului creativ.<\/p>\n","protected":false},"featured_media":6410,"comment_status":"open","ping_status":"closed","template":"","meta":[],"product_brand":[],"product_cat":[317],"product_tag":[320,322,318,319,203,321,158],"class_list":{"0":"post-6414","1":"product","2":"type-product","3":"status-publish","4":"has-post-thumbnail","6":"product_cat-radial","7":"product_tag-activ","8":"product_tag-alimentator","9":"product_tag-di","10":"product_tag-di-box","11":"product_tag-mixer","12":"product_tag-pasiv","13":"product_tag-pedala","15":"first","16":"instock","17":"purchasable","18":"product-type-simple"},"jetpack_sharing_enabled":true,"_links":{"self":[{"href":"https:\/\/quintett.eu\/index.php?rest_route=\/wp\/v2\/product\/6414","targetHints":{"allow":["GET"]}}],"collection":[{"href":"https:\/\/quintett.eu\/index.php?rest_route=\/wp\/v2\/product"}],"about":[{"href":"https:\/\/quintett.eu\/index.php?rest_route=\/wp\/v2\/types\/product"}],"replies":[{"embeddable":true,"href":"https:\/\/quintett.eu\/index.php?rest_route=%2Fwp%2Fv2%2Fcomments&post=6414"}],"wp:featuredmedia":[{"embeddable":true,"href":"https:\/\/quintett.eu\/index.php?rest_route=\/wp\/v2\/media\/6410"}],"wp:attachment":[{"href":"https:\/\/quintett.eu\/index.php?rest_route=%2Fwp%2Fv2%2Fmedia&parent=6414"}],"wp:term":[{"taxonomy":"product_brand","embeddable":true,"href":"https:\/\/quintett.eu\/index.php?rest_route=%2Fwp%2Fv2%2Fproduct_brand&post=6414"},{"taxonomy":"product_cat","embeddable":true,"href":"https:\/\/quintett.eu\/index.php?rest_route=%2Fwp%2Fv2%2Fproduct_cat&post=6414"},{"taxonomy":"product_tag","embeddable":true,"href":"https:\/\/quintett.eu\/index.php?rest_route=%2Fwp%2Fv2%2Fproduct_tag&post=6414"}],"curies":[{"name":"wp","href":"https:\/\/api.w.org\/{rel}","templated":true}]}}