{"id":6424,"date":"2021-04-14T09:30:25","date_gmt":"2021-04-14T07:30:25","guid":{"rendered":"https:\/\/quintett.eu\/?product=radial-engineering-jcr"},"modified":"2024-04-26T09:43:19","modified_gmt":"2024-04-26T07:43:19","slug":"radial-engineering-jcr","status":"publish","type":"product","link":"https:\/\/quintett.eu\/?product=radial-engineering-jcr","title":{"rendered":"Radial Engineering JCR"},"content":{"rendered":"<p>Reamp Box Studio Radial Engineering JCR<\/p>\n<p>Folose\u0219te Reamp Boxul Radial Engineering JCR pentru a-\u021bi duce la urm\u0103torul nivel \u00eenregist\u0103rile. Gata cu timpul irosit pe nenum\u0103rate take-uri pentru c\u0103 voiai sa mai ajustezi tonul dup\u0103 \u00eenregistrare. Gata cu frustrarea repet\u0103rii obositoare. \u00cenregistreaz\u0103 un semnal conect\u00e2nd chitara la reamp box, din care ie\u0219i mai departe c\u0103tre amplificator\/pedal\u0103 efect \u0219i separat c\u0103tre DAW, sau varianta aleas\u0103 de \u00eenregistrare. Sun\u0103 bine? Comand\u0103 \u0219i \u00eencearc\u0103 acum!<\/p>\n<p><strong>Detalii principale:<\/strong><\/p>\n<ul class=\"prod-features\">\n<li>1x Intrare XLR<\/li>\n<li>1x Intrare Jack 6.3 mm<\/li>\n<li>1x Ie\u0219ire Jack<\/li>\n<li>Phase reverse<\/li>\n<li>Ground lift<\/li>\n<li>Filtru comutaibl: flat, highpass, lowpass<\/li>\n<li>Mute comutabil<\/li>\n<li>Nivel ajustabil<\/li>\n<li>Carcas\u0103 robust\u0103 din metal<\/li>\n<li>Culoare: Negru<\/li>\n<\/ul>\n<p><iframe width=\"560\" height=\"315\" src=\"https:\/\/www.youtube.com\/embed\/sfyjiD5ksE0\" title=\"YouTube video player\" frameborder=\"0\"><\/iframe><\/p>\n","protected":false},"excerpt":{"rendered":"<p>Reamp Box Studio Radial Engineering JCR ideal pentru chitar\u0103 \u0219i bass \u00eentr-un mediu de studio. Un reamper pasiv care \u00ee\u021bi permite s\u0103 pre\u00eenregistrezi un track \u0219i s\u0103-l trimi\u021bi la un amplificator de chitar\u0103 sau bass \u0219i apoi s\u0103 re\u00eenregistrezi, economind timp \u0219i maximiz\u00e2nd creativitatea.<\/p>\n","protected":false},"featured_media":6415,"comment_status":"open","ping_status":"closed","template":"","meta":[],"product_brand":[],"product_cat":[317],"product_tag":[320,322,318,319,203,321,158],"class_list":{"0":"post-6424","1":"product","2":"type-product","3":"status-publish","4":"has-post-thumbnail","6":"product_cat-radial","7":"product_tag-activ","8":"product_tag-alimentator","9":"product_tag-di","10":"product_tag-di-box","11":"product_tag-mixer","12":"product_tag-pasiv","13":"product_tag-pedala","15":"first","16":"instock","17":"purchasable","18":"product-type-simple"},"jetpack_sharing_enabled":true,"_links":{"self":[{"href":"https:\/\/quintett.eu\/index.php?rest_route=\/wp\/v2\/product\/6424","targetHints":{"allow":["GET"]}}],"collection":[{"href":"https:\/\/quintett.eu\/index.php?rest_route=\/wp\/v2\/product"}],"about":[{"href":"https:\/\/quintett.eu\/index.php?rest_route=\/wp\/v2\/types\/product"}],"replies":[{"embeddable":true,"href":"https:\/\/quintett.eu\/index.php?rest_route=%2Fwp%2Fv2%2Fcomments&post=6424"}],"wp:featuredmedia":[{"embeddable":true,"href":"https:\/\/quintett.eu\/index.php?rest_route=\/wp\/v2\/media\/6415"}],"wp:attachment":[{"href":"https:\/\/quintett.eu\/index.php?rest_route=%2Fwp%2Fv2%2Fmedia&parent=6424"}],"wp:term":[{"taxonomy":"product_brand","embeddable":true,"href":"https:\/\/quintett.eu\/index.php?rest_route=%2Fwp%2Fv2%2Fproduct_brand&post=6424"},{"taxonomy":"product_cat","embeddable":true,"href":"https:\/\/quintett.eu\/index.php?rest_route=%2Fwp%2Fv2%2Fproduct_cat&post=6424"},{"taxonomy":"product_tag","embeddable":true,"href":"https:\/\/quintett.eu\/index.php?rest_route=%2Fwp%2Fv2%2Fproduct_tag&post=6424"}],"curies":[{"name":"wp","href":"https:\/\/api.w.org\/{rel}","templated":true}]}}