{"id":6434,"date":"2021-04-14T09:30:33","date_gmt":"2021-04-14T07:30:33","guid":{"rendered":"https:\/\/quintett.eu\/?product=radial-engineering-extc-sa"},"modified":"2024-04-26T09:42:43","modified_gmt":"2024-04-26T07:42:43","slug":"radial-engineering-extc-sa","status":"publish","type":"product","link":"https:\/\/quintett.eu\/?product=radial-engineering-extc-sa","title":{"rendered":"Radial Engineering EXTC-SA"},"content":{"rendered":"<p>Reamper efecte Radial Engineering EXTC-SA<\/p>\n<p>Reamperul efecte Radial EXTC SA este o interfa\u021b\u0103 audio propriu zis\u0103 care \u00ee\u021bi permite s\u0103 incorporezi efecte de chitar\u0103 \u00een \u00eenregist\u0103rile pro-audio. Imagineaz\u0103-\u021bi doar pu\u021bin extra grit la voce, pu\u021bin wah pe toba mare, poate un flanger pe vioar\u0103, cine \u0219tie &#8211; posibilit\u0103\u021bile sunt nelimitate. EXTC SA este menit\u0103 s\u0103 te ajute s\u0103 sco\u021bi din tine partea mai aventuroar\u0103 \u0219i inventiv\u0103, preg\u0103tit\u0103 s\u0103 descopere sunete noi care \u00ee\u021bi vor duce \u00eenregistr\u0103rile la urm\u0103torul nivel.<\/p>\n<p><strong>Detalii principale:<\/strong><\/p>\n<ul class=\"prod-features\">\n<li>Reamper balansat<\/li>\n<li><span>Send \u0219i return ajustabile separat<\/span><\/li>\n<li><span>Wet \/ Dry adjustabil<\/span><\/li>\n<li><span>Inversare faz\u0103 de 180 \u00b0 comutabil\u0103<\/span><\/li>\n<li><span>Conectic\u0103:<\/span>\n<ul>\n<li>Intrare\/Ie\u0219ire XLR<\/li>\n<li>Intrare\/Ie\u0219ire Jack 6.3 mm<\/li>\n<li>2x Intr\u0103ri\/Ie\u0219iri Jack Loop<\/li>\n<\/ul>\n<\/li>\n<li><span>Include alimentator extern de\u00a015 V<\/span><\/li>\n<\/ul>\n<p><span><iframe width=\"560\" height=\"315\" src=\"https:\/\/www.youtube.com\/embed\/sfyjiD5ksE0\" title=\"YouTube video player\" frameborder=\"0\"><\/iframe><\/span><\/p>\n","protected":false},"excerpt":{"rendered":"<p>Reamper efecte Radial Engineering EXTC-SA este o interfa\u021b\u0103 unic\u0103 conceput\u0103 pentru a-\u021bi permite s\u0103 introduci pedal\u0103 de chitar\u0103 cu impedan\u021b\u0103 ridicat\u0103 cu u\u0219urin\u021b\u0103 \u00eentr-o \u00eenregistrare \u00een timp ce p\u0103strezi semnalul curat \u0219i dry. Aceast\u0103 unealt\u0103 creativ\u0103 este preg\u0103tit\u0103 s\u0103 te ajute s\u0103 descoperi sunete noi care s\u0103-\u021bi duc\u0103 \u00eenregist\u0103rile la urm\u0103torul nivel.<\/p>\n","protected":false},"featured_media":6425,"comment_status":"open","ping_status":"closed","template":"","meta":[],"product_brand":[],"product_cat":[317],"product_tag":[320,322,318,319,203,321,158],"class_list":{"0":"post-6434","1":"product","2":"type-product","3":"status-publish","4":"has-post-thumbnail","6":"product_cat-radial","7":"product_tag-activ","8":"product_tag-alimentator","9":"product_tag-di","10":"product_tag-di-box","11":"product_tag-mixer","12":"product_tag-pasiv","13":"product_tag-pedala","15":"first","16":"instock","17":"purchasable","18":"product-type-simple"},"jetpack_sharing_enabled":true,"_links":{"self":[{"href":"https:\/\/quintett.eu\/index.php?rest_route=\/wp\/v2\/product\/6434","targetHints":{"allow":["GET"]}}],"collection":[{"href":"https:\/\/quintett.eu\/index.php?rest_route=\/wp\/v2\/product"}],"about":[{"href":"https:\/\/quintett.eu\/index.php?rest_route=\/wp\/v2\/types\/product"}],"replies":[{"embeddable":true,"href":"https:\/\/quintett.eu\/index.php?rest_route=%2Fwp%2Fv2%2Fcomments&post=6434"}],"wp:featuredmedia":[{"embeddable":true,"href":"https:\/\/quintett.eu\/index.php?rest_route=\/wp\/v2\/media\/6425"}],"wp:attachment":[{"href":"https:\/\/quintett.eu\/index.php?rest_route=%2Fwp%2Fv2%2Fmedia&parent=6434"}],"wp:term":[{"taxonomy":"product_brand","embeddable":true,"href":"https:\/\/quintett.eu\/index.php?rest_route=%2Fwp%2Fv2%2Fproduct_brand&post=6434"},{"taxonomy":"product_cat","embeddable":true,"href":"https:\/\/quintett.eu\/index.php?rest_route=%2Fwp%2Fv2%2Fproduct_cat&post=6434"},{"taxonomy":"product_tag","embeddable":true,"href":"https:\/\/quintett.eu\/index.php?rest_route=%2Fwp%2Fv2%2Fproduct_tag&post=6434"}],"curies":[{"name":"wp","href":"https:\/\/api.w.org\/{rel}","templated":true}]}}