{"id":6468,"date":"2021-04-14T09:30:56","date_gmt":"2021-04-14T07:30:56","guid":{"rendered":"https:\/\/quintett.eu\/?product=radial-engineering-tonebone-pz-pre-v2"},"modified":"2024-04-26T09:36:15","modified_gmt":"2024-04-26T07:36:15","slug":"radial-engineering-tonebone-pz-pre-v2","status":"publish","type":"product","link":"https:\/\/quintett.eu\/?product=radial-engineering-tonebone-pz-pre-v2","title":{"rendered":"Radial Engineering Tonebone PZ-PRE V2"},"content":{"rendered":"<p>Preamplificator\/DI\u00a0Radial Engineering Tonebone PZ-PRE V2<\/p>\n<p class=\"prod\">Dou\u0103 intr\u0103ri cu gain ajustabil permit conexiunea a dou\u0103 instrumente separate. Un EQ pe 3 benzi cu o frecven\u021b\u0103 central\u0103 controlabil\u0103 permite sculptarea eficient\u0103 a sunetului. Cu filtrul dual notch, microfonia &#8211; sau frecven\u021bele periculoase pentru auz sau sistemele audio pot fi anticipate \u0219i oprite &#8211; un semnal pentru efecte este de asemenea posibil ca \u0219i func\u021bie boost prin care po\u021bi s\u0103 faci solo-urile sau pasajele importante mai auzite. Nu \u00een ultimul r\u00e2nd o ie\u0219ire pentru acordor electronic cu func\u021bie mute permite sunetele silen\u021bioase \u00een orice situa\u021bii.<\/p>\n<p class=\"prod\"><strong>Specifica\u021bii:<\/strong><\/p>\n<ul class=\"prod-features\">\n<li><span>2 canale independente pentru mixat\u00a0<\/span><\/li>\n<li><span>EQ pe 3 benzi cu medii parametrice<\/span><\/li>\n<li><span>Controale pentru:\u00a0<\/span>Level 1, Level 2 Notch, High, Mid, Mid Freq, Bass, Boost<\/li>\n<li><span>Comutatoare: footswitch,\u00a0<\/span>boost, mute<\/li>\n<li><span>Faz\u0103 reversibil\u0103 comutabil\u0103 pentru ie\u0219irea DI XLR \u0219i pentru ie\u0219irea mono jack 6.3mm\u00a0<\/span><\/li>\n<li><span>Ground lift comutabil pentru ie\u0219iri XLR DI<\/span><\/li>\n<li><span>Comutator PCB-2 pentru activarea bufferului piezo pe intrarea 2<\/span><\/li>\n<li><span>Comutator Loop-On pentru activarea permanent\u0103 a loop-ului de efecte<\/span><\/li>\n<li><span>Comutator Blend Mix pentru comutarea Mix\/Blend a celor dou\u0103 canale<\/span><\/li>\n<li><span>Comutator pe 3 pozi\u021bii pentru: Filtru Lo-Cut, Filtru Notch, ocupan\u021ba boost de la foot switch\u00a0<\/span><\/li>\n<li>Effects loop \/ return prin jack mono 6.3 mm\u00a0<\/li>\n<li><span>LED pentru status<\/span><\/li>\n<li>Carcas\u0103 din metal\u00a0<\/li>\n<li><span>Include alimentare 15V DC<\/span><\/li>\n<\/ul>\n<p><strong>Conectic\u0103:<\/strong><\/p>\n<ul class=\"prod-features\">\n<li><span>Intrare Jack mono 6.3 mm pentru doz\u0103 piezzo<\/span><\/li>\n<li><span>Intrare Jack mono 6.3 mm pentru doze electro-magnetice<\/span><\/li>\n<li><span>Ie\u0219ire Jack mono 6.3 mm<\/span><\/li>\n<li><span>Ie\u0219ire tuner prin Jack mono 6.3 mm<\/span><\/li>\n<li><span>Ie\u0219ire XLR Pre-EQ<\/span><\/li>\n<li><span>Ie\u0219ire XLR post-EQ<\/span><\/li>\n<\/ul>\n<p><span><iframe width=\"560\" height=\"315\" src=\"https:\/\/www.youtube.com\/embed\/pVEUiFfU3N0\" title=\"YouTube video player\" frameborder=\"0\"><\/iframe><\/span><\/p>\n","protected":false},"excerpt":{"rendered":"<p>Preamplificator\/DI\u00a0Radial Engineering Tonebone PZ-PRE V2 pentru\u00a0instrumente acustice \u0219i electrice cu 2 intr\u0103ri pentru instrumente diferite \u0219i o diversitate de alte conexiuni pentru variate aplica\u021bii<\/p>\n","protected":false},"featured_media":6455,"comment_status":"open","ping_status":"closed","template":"","meta":[],"product_brand":[],"product_cat":[317],"product_tag":[320,322,318,319,203,321,158],"class_list":{"0":"post-6468","1":"product","2":"type-product","3":"status-publish","4":"has-post-thumbnail","6":"product_cat-radial","7":"product_tag-activ","8":"product_tag-alimentator","9":"product_tag-di","10":"product_tag-di-box","11":"product_tag-mixer","12":"product_tag-pasiv","13":"product_tag-pedala","15":"first","16":"instock","17":"purchasable","18":"product-type-simple"},"jetpack_sharing_enabled":true,"_links":{"self":[{"href":"https:\/\/quintett.eu\/index.php?rest_route=\/wp\/v2\/product\/6468","targetHints":{"allow":["GET"]}}],"collection":[{"href":"https:\/\/quintett.eu\/index.php?rest_route=\/wp\/v2\/product"}],"about":[{"href":"https:\/\/quintett.eu\/index.php?rest_route=\/wp\/v2\/types\/product"}],"replies":[{"embeddable":true,"href":"https:\/\/quintett.eu\/index.php?rest_route=%2Fwp%2Fv2%2Fcomments&post=6468"}],"wp:featuredmedia":[{"embeddable":true,"href":"https:\/\/quintett.eu\/index.php?rest_route=\/wp\/v2\/media\/6455"}],"wp:attachment":[{"href":"https:\/\/quintett.eu\/index.php?rest_route=%2Fwp%2Fv2%2Fmedia&parent=6468"}],"wp:term":[{"taxonomy":"product_brand","embeddable":true,"href":"https:\/\/quintett.eu\/index.php?rest_route=%2Fwp%2Fv2%2Fproduct_brand&post=6468"},{"taxonomy":"product_cat","embeddable":true,"href":"https:\/\/quintett.eu\/index.php?rest_route=%2Fwp%2Fv2%2Fproduct_cat&post=6468"},{"taxonomy":"product_tag","embeddable":true,"href":"https:\/\/quintett.eu\/index.php?rest_route=%2Fwp%2Fv2%2Fproduct_tag&post=6468"}],"curies":[{"name":"wp","href":"https:\/\/api.w.org\/{rel}","templated":true}]}}