{"id":6672,"date":"2021-04-28T09:14:57","date_gmt":"2021-04-28T07:14:57","guid":{"rendered":"https:\/\/quintett.eu\/?post_type=product&#038;p=6672"},"modified":"2023-12-11T15:28:20","modified_gmt":"2023-12-11T13:28:20","slug":"6672","status":"publish","type":"product","link":"https:\/\/quintett.eu\/?product=6672","title":{"rendered":"GRAVITY MS 4322 B &#8211; stativ microfon"},"content":{"rendered":"<h3>STATIV PENTRU MICROFON GRAVITY MS 4322 B:<\/h3>\n<div class=\"rte\">\n<p>Acest <strong>stativ de microfon <\/strong>este potrivit pentru cei care pun baza pe \u00a0<strong>calitate, fiabilitate si aspect<\/strong>\u00a0si poate fi transportat cu usurinta de la un eveniment la altul.<br \/>\n<strong><br \/>\nCaracteristici stativ de microfon reglabil: <\/strong><\/p>\n<p>&#8211; realizat din otel de culoare neagra cu baza turnata din zinc<br \/>\n&#8211; inaltime reglabila 1030 &#8211; 1690 mm<br \/>\n&#8211; lungime boom 880 mm<br \/>\n&#8211; lungime transport 1050 mm<br \/>\n&#8211; baza de tip tripod<br \/>\n&#8211; boom cu 2 pozitii ajustabile<br \/>\n&#8211; include inele pentru personalizare de culoare neagra<br \/>\n&#8211; greutate 2.7 Kg<\/p>\n<\/div>\n","protected":false},"excerpt":{"rendered":"<p><strong>Gravity Stands MS-4322 B<\/strong>, stativ profesional de microfon cu bra\u021b telescopic de maxim 88 cm, baz\u0103 trepied cu \u00eembin\u0103ri solide metalice:<\/p>\n<ul>\n<li>tubulatur\u0103 groas\u0103 de o\u021bel<\/li>\n<li>\u00een\u0103l\u021bime reglabil\u0103: 103 &#8211; 169 cm<\/li>\n<li>baz\u0103 trepied cu \u00eembin\u0103ri turnate de zinc<\/li>\n<li>bra\u021b ajustabil \u00een 2 puncte: 51 &#8211; 88 cm<\/li>\n<li>inele de identificare interschimbabile (2 x 15 mm, 4 x 20 mm, 1 x 25 mm): negru \u0219i verde inclus<\/li>\n<li>greutate: 2.7 kg<\/li>\n<\/ul>\n","protected":false},"featured_media":6673,"comment_status":"open","ping_status":"closed","template":"","meta":[],"product_brand":[],"product_cat":[187,42],"product_tag":[325,328,149,324],"class_list":{"0":"post-6672","1":"product","2":"type-product","3":"status-publish","4":"has-post-thumbnail","6":"product_cat-stative-accesorii-stavive-accesorii","7":"product_cat-promotii","8":"product_tag-gravity","9":"product_tag-ms-4322-b","10":"product_tag-stativ","11":"product_tag-stativ-microfon","13":"first","14":"instock","15":"purchasable","16":"product-type-simple"},"jetpack_sharing_enabled":true,"_links":{"self":[{"href":"https:\/\/quintett.eu\/index.php?rest_route=\/wp\/v2\/product\/6672","targetHints":{"allow":["GET"]}}],"collection":[{"href":"https:\/\/quintett.eu\/index.php?rest_route=\/wp\/v2\/product"}],"about":[{"href":"https:\/\/quintett.eu\/index.php?rest_route=\/wp\/v2\/types\/product"}],"replies":[{"embeddable":true,"href":"https:\/\/quintett.eu\/index.php?rest_route=%2Fwp%2Fv2%2Fcomments&post=6672"}],"wp:featuredmedia":[{"embeddable":true,"href":"https:\/\/quintett.eu\/index.php?rest_route=\/wp\/v2\/media\/6673"}],"wp:attachment":[{"href":"https:\/\/quintett.eu\/index.php?rest_route=%2Fwp%2Fv2%2Fmedia&parent=6672"}],"wp:term":[{"taxonomy":"product_brand","embeddable":true,"href":"https:\/\/quintett.eu\/index.php?rest_route=%2Fwp%2Fv2%2Fproduct_brand&post=6672"},{"taxonomy":"product_cat","embeddable":true,"href":"https:\/\/quintett.eu\/index.php?rest_route=%2Fwp%2Fv2%2Fproduct_cat&post=6672"},{"taxonomy":"product_tag","embeddable":true,"href":"https:\/\/quintett.eu\/index.php?rest_route=%2Fwp%2Fv2%2Fproduct_tag&post=6672"}],"curies":[{"name":"wp","href":"https:\/\/api.w.org\/{rel}","templated":true}]}}