{"id":6695,"date":"2021-05-13T15:10:21","date_gmt":"2021-05-13T13:10:21","guid":{"rendered":"https:\/\/quintett.eu\/?post_type=product&#038;p=6695"},"modified":"2021-10-19T14:18:28","modified_gmt":"2021-10-19T12:18:28","slug":"km-18860-stativ-spider-pro-rd-rosu","status":"publish","type":"product","link":"https:\/\/quintett.eu\/?product=km-18860-stativ-spider-pro-rd-rosu","title":{"rendered":"K&#038;M 18860 &#8211; Stativ Spider Pro RD (rosu)"},"content":{"rendered":"<h3 class=\"margin--t-30\">Descriere:<\/h3>\n<div id=\"properties\" class=\"line\">\n<ul>\n<li>Culoare: Ro\u0219u<\/li>\n<li>Suport greutate: 105 kg<\/li>\n<li>Reglarea \u00een\u0103l\u021bimii: Da<\/li>\n<li>\u00cen\u0103l\u021bimea maxim\u0103: 1310 mm<\/li>\n<li>\u00cen\u0103l\u021bimea minim\u0103: 670 mm<\/li>\n<li>L\u0103\u021bimea minim\u0103: 300 mm<\/li>\n<li>L\u0103\u021bimea maxim\u0103: 470 mm<\/li>\n<li>Greutate: 10 kg<\/li>\n<li>Stativ universal pentru claviaturi<\/li>\n<\/ul>\n<\/div>\n","protected":false},"excerpt":{"rendered":"<p>Spider Pro este echipat cu o pereche de bra\u021be de sprijin extensibile, precum \u0219i o pereche suplimentar\u0103 de bra\u021be de sprijin extensibile cu un unghi de \u00eenclinare de 15 \u00b0. \u00a0Spider Pro are \u00a0o conexiune filetat\u0103 de 3\/8 &#8222;sau 5\/8&#8220; pentru ata\u0219area bra\u021belor microfonului. \u00cen plus, Spider Pro ofer\u0103 \u0219i o mi\u0219care optim\u0103 a picioarelor, datorit\u0103 designului ridicat al picioarelor, reglarea continu\u0103 a \u00een\u0103l\u021bimii \u0219i un mecanism special pentru stabilitatea suportului, precum \u0219i o purtare u\u0219oar\u0103 a suportului \u00een geant\u0103, disponibil\u0103 &#8211; extra op\u021bional. \u00cen\u0103l\u021bime: 1310 mm. Material: aluminiu. Max. capacitate de \u00eenc\u0103rcare: 105 kg. Ad\u00e2ncime de sprijin: de la 300 la 470 mm. L\u0103\u021bimea suportului: de la 670 la 940 mm. Greutate: 10,5 kg. Culoare: Ro\u0219u<\/p>\n","protected":false},"featured_media":6700,"comment_status":"open","ping_status":"closed","template":"","meta":[],"product_brand":[],"product_cat":[24,185],"product_tag":[333,329,330,331,332],"class_list":{"0":"post-6695","1":"product","2":"type-product","3":"status-publish","4":"has-post-thumbnail","6":"product_cat-piane-digitale","7":"product_cat-stative-accesorii","8":"product_tag-333","9":"product_tag-km","10":"product_tag-stativ-orga","11":"product_tag-stativ-pian","12":"product_tag-suport-clape","14":"first","15":"instock","16":"sale","17":"purchasable","18":"product-type-simple"},"jetpack_sharing_enabled":true,"_links":{"self":[{"href":"https:\/\/quintett.eu\/index.php?rest_route=\/wp\/v2\/product\/6695","targetHints":{"allow":["GET"]}}],"collection":[{"href":"https:\/\/quintett.eu\/index.php?rest_route=\/wp\/v2\/product"}],"about":[{"href":"https:\/\/quintett.eu\/index.php?rest_route=\/wp\/v2\/types\/product"}],"replies":[{"embeddable":true,"href":"https:\/\/quintett.eu\/index.php?rest_route=%2Fwp%2Fv2%2Fcomments&post=6695"}],"wp:featuredmedia":[{"embeddable":true,"href":"https:\/\/quintett.eu\/index.php?rest_route=\/wp\/v2\/media\/6700"}],"wp:attachment":[{"href":"https:\/\/quintett.eu\/index.php?rest_route=%2Fwp%2Fv2%2Fmedia&parent=6695"}],"wp:term":[{"taxonomy":"product_brand","embeddable":true,"href":"https:\/\/quintett.eu\/index.php?rest_route=%2Fwp%2Fv2%2Fproduct_brand&post=6695"},{"taxonomy":"product_cat","embeddable":true,"href":"https:\/\/quintett.eu\/index.php?rest_route=%2Fwp%2Fv2%2Fproduct_cat&post=6695"},{"taxonomy":"product_tag","embeddable":true,"href":"https:\/\/quintett.eu\/index.php?rest_route=%2Fwp%2Fv2%2Fproduct_tag&post=6695"}],"curies":[{"name":"wp","href":"https:\/\/api.w.org\/{rel}","templated":true}]}}