{"id":6751,"date":"2021-06-17T15:12:05","date_gmt":"2021-06-17T13:12:05","guid":{"rendered":"https:\/\/quintett.eu\/?post_type=product&#038;p=6751"},"modified":"2022-07-16T01:55:24","modified_gmt":"2022-07-15T23:55:24","slug":"naw-audio-nd4420","status":"publish","type":"product","link":"https:\/\/quintett.eu\/?product=naw-audio-nd4420","title":{"rendered":"NAW Audio MD4420"},"content":{"rendered":"<p>NAW MD4420<\/p>\n<p>4 X 1500W &#8211; 8 Ohmi , 4 X 3000W &#8211; 4 Ohmi, \u00a04 X 5000W -2 Ohmi<\/p>\n<p>&#8211; 4 intr\u0103ri amplificator clasa D \u0219i 4 ie\u0219iri cu DSP integrat<br \/>\n&#8211; procesare digital\u0103 extrem de precis\u0103 la 96kHz<br \/>\n&#8211; 20.000 wa\u021bi RMS<br \/>\n&#8211; Suport complet pe panoul frontal<br \/>\n&#8211; Servicii de re\u021bea &#8211; control \u0219i monitorizare<br \/>\n&#8211; Intr\u0103ri analogice, AES3 (matrice op\u021bional\u0103 de transmisie audio digital\u0103 prin re\u021bea ethernet 8in \/ 8out)<br \/>\n&#8211; Gruparea \u0219i suprapunerea dispozitivelor, modulelor, EQ<\/p>\n<p>&nbsp;<\/p>\n<p>&nbsp;<\/p>\n","protected":false},"excerpt":{"rendered":"<p><span class=\"\">MD4420 este conceput pentru a fi utilizat la festivaluri, cluburi \u0219i toate evenimentele Live \/ Touring.\u00a0<\/span>Ofer\u0103 o combina\u021bie unic\u0103 de putere enorm\u0103 pe termen lung, procesare avansat\u0103 DSP \u0219i este un pas major \u00een tehnologia audio.\u00a0Perfect pentru a conduce monitoare, zone \u0219i sisteme PA mici, \u00een care patru canale cu DSP avansat sunt esen\u021biale pentru a face treaba.<\/p>\n<p>&nbsp;<\/p>\n<ul>\n<li><span class=\"\">Patru intr\u0103ri analogice \u0219i digitale AES3 \u0219i o matrice op\u021bional\u0103 de transmisie audio de re\u021bea<\/span><\/li>\n<li>O unitate de alimentare care furnizeaz\u0103 putere maxim\u0103 pe toate canalele pentru cel mai lung timp posibil (detalii mai jos).<\/li>\n<li>Etape de putere de top cu tehnologie semiconductoare de ultim\u0103 genera\u021bie.<\/li>\n<li><span class=\"\">Procesor DSP de 96 kHz cu parametri unici (filtre de linie IIR LIR \u0219i FIR).<\/span><\/li>\n<li>Operare simpl\u0103 din panoul frontal.\u00a0Control complet al parametrilor \u0219i capacitatea de a \u00eenc\u0103rca preset\u0103ri.<\/li>\n<li>Alimentare dubl\u0103 &#8211; independent\u0103 pentru amplificatoare \u0219i DSP.\u00a0Moduri de stanby cu economie de energie.<\/li>\n<li>Gruparea de module bazate pe software cu EQ multi-strat \u0219i controlul simplu al sistemelor complexe.<\/li>\n<li>Func\u021bia Wake on audio &#8211; amplificatorul se va porni din modul \u201estandby\u201d atunci c\u00e2nd simte semnalul la intrare.<\/li>\n<li>Patru canale de amplificare de clas\u0103 D de calitate excelent\u0103<\/li>\n<li>Serviciu complet de pe panoul frontal.<\/li>\n<li><span class=\"goog-text-highlight\">Opera\u021biune de la 85V la 240V cu surs\u0103 de alimentare automat\u0103.<\/span><\/li>\n<li>Monitorizare \u0219i control prin Ethernet.<\/li>\n<li>Intr\u0103ri analogice,<\/li>\n<li>Accept\u0103 fi\u0219iere FIR de 48kHz \u0219i 96kHz prin aplica\u021bia System Engineer.<\/li>\n<li>Dezvoltat, proiectat \u0219i fabricat \u00een Marea Britanie de Linea Research.<\/li>\n<\/ul>\n","protected":false},"featured_media":6760,"comment_status":"open","ping_status":"closed","template":"","meta":[],"product_brand":[],"product_cat":[343],"product_tag":[73,342,344],"class_list":{"0":"post-6751","1":"product","2":"type-product","3":"status-publish","4":"has-post-thumbnail","6":"product_cat-naw-audio","7":"product_tag-amplificator","8":"product_tag-naw","9":"product_tag-naw-audio","11":"first","12":"instock","13":"sale","14":"purchasable","15":"product-type-simple"},"jetpack_sharing_enabled":true,"_links":{"self":[{"href":"https:\/\/quintett.eu\/index.php?rest_route=\/wp\/v2\/product\/6751","targetHints":{"allow":["GET"]}}],"collection":[{"href":"https:\/\/quintett.eu\/index.php?rest_route=\/wp\/v2\/product"}],"about":[{"href":"https:\/\/quintett.eu\/index.php?rest_route=\/wp\/v2\/types\/product"}],"replies":[{"embeddable":true,"href":"https:\/\/quintett.eu\/index.php?rest_route=%2Fwp%2Fv2%2Fcomments&post=6751"}],"wp:featuredmedia":[{"embeddable":true,"href":"https:\/\/quintett.eu\/index.php?rest_route=\/wp\/v2\/media\/6760"}],"wp:attachment":[{"href":"https:\/\/quintett.eu\/index.php?rest_route=%2Fwp%2Fv2%2Fmedia&parent=6751"}],"wp:term":[{"taxonomy":"product_brand","embeddable":true,"href":"https:\/\/quintett.eu\/index.php?rest_route=%2Fwp%2Fv2%2Fproduct_brand&post=6751"},{"taxonomy":"product_cat","embeddable":true,"href":"https:\/\/quintett.eu\/index.php?rest_route=%2Fwp%2Fv2%2Fproduct_cat&post=6751"},{"taxonomy":"product_tag","embeddable":true,"href":"https:\/\/quintett.eu\/index.php?rest_route=%2Fwp%2Fv2%2Fproduct_tag&post=6751"}],"curies":[{"name":"wp","href":"https:\/\/api.w.org\/{rel}","templated":true}]}}