{"id":6906,"date":"2021-11-02T14:20:26","date_gmt":"2021-11-02T12:20:26","guid":{"rendered":"https:\/\/quintett.eu\/?post_type=product&#038;p=6906"},"modified":"2025-03-28T11:23:29","modified_gmt":"2025-03-28T09:23:29","slug":"mtp-b-flugelhorn-mod-212","status":"publish","type":"product","link":"https:\/\/quintett.eu\/?product=mtp-b-flugelhorn-mod-212","title":{"rendered":"MTP B-Fl\u00fcgelhorn Mod.212"},"content":{"rendered":"<p>MTP MOD.212 Bb-Flugelhorn<\/p>\n<ul>\n<li>fligorn in Bb<\/li>\n<li>3 valve rotative<\/li>\n<li>dimensiuni:\u00a0bell: 160 mm, bore: 10.5 mm<\/li>\n<li>include cutie si mustiuc<\/li>\n<li>fabricat in Germania<\/li>\n<\/ul>\n","protected":false},"excerpt":{"rendered":"<p>Flighorh din alam\u0103 auriu l\u0103cuit, 3 supape cilindrice rotative, clopot 160 mm, nichelat, Alezaj 10,5 mm, 2 chei de ap\u0103, cu orig. Rotule MINIBAL, cu compensare de ton pe a 3-a supap\u0103, cu cutie \u0219i mu\u0219tiuc<\/p>\n","protected":false},"featured_media":12611,"comment_status":"open","ping_status":"closed","template":"","meta":[],"product_brand":[],"product_cat":[368],"product_tag":[370,371,372,369],"class_list":{"0":"post-6906","1":"product","2":"type-product","3":"status-publish","4":"has-post-thumbnail","6":"product_cat-mtp-musikinstrumente","7":"product_tag-flighorn","8":"product_tag-flugelhorn","9":"product_tag-instrumente-de-suflat","10":"product_tag-mtp","12":"first","13":"instock","14":"sale","15":"purchasable","16":"product-type-simple"},"jetpack_sharing_enabled":true,"_links":{"self":[{"href":"https:\/\/quintett.eu\/index.php?rest_route=\/wp\/v2\/product\/6906","targetHints":{"allow":["GET"]}}],"collection":[{"href":"https:\/\/quintett.eu\/index.php?rest_route=\/wp\/v2\/product"}],"about":[{"href":"https:\/\/quintett.eu\/index.php?rest_route=\/wp\/v2\/types\/product"}],"replies":[{"embeddable":true,"href":"https:\/\/quintett.eu\/index.php?rest_route=%2Fwp%2Fv2%2Fcomments&post=6906"}],"wp:featuredmedia":[{"embeddable":true,"href":"https:\/\/quintett.eu\/index.php?rest_route=\/wp\/v2\/media\/12611"}],"wp:attachment":[{"href":"https:\/\/quintett.eu\/index.php?rest_route=%2Fwp%2Fv2%2Fmedia&parent=6906"}],"wp:term":[{"taxonomy":"product_brand","embeddable":true,"href":"https:\/\/quintett.eu\/index.php?rest_route=%2Fwp%2Fv2%2Fproduct_brand&post=6906"},{"taxonomy":"product_cat","embeddable":true,"href":"https:\/\/quintett.eu\/index.php?rest_route=%2Fwp%2Fv2%2Fproduct_cat&post=6906"},{"taxonomy":"product_tag","embeddable":true,"href":"https:\/\/quintett.eu\/index.php?rest_route=%2Fwp%2Fv2%2Fproduct_tag&post=6906"}],"curies":[{"name":"wp","href":"https:\/\/api.w.org\/{rel}","templated":true}]}}