{"id":6961,"date":"2021-11-10T19:32:32","date_gmt":"2021-11-10T17:32:32","guid":{"rendered":"https:\/\/quintett.eu\/?post_type=product&#038;p=6961"},"modified":"2021-11-10T19:32:32","modified_gmt":"2021-11-10T17:32:32","slug":"energy-extra-battery-5000-black","status":"publish","type":"product","link":"https:\/\/quintett.eu\/?product=energy-extra-battery-5000-black","title":{"rendered":"Energy Extra Battery 5000, black"},"content":{"rendered":"<pre id=\"tw-target-text\" class=\"tw-data-text tw-text-large tw-ta\" dir=\"ltr\" data-placeholder=\"Traducere\"><span class=\"Y2IQFc\" lang=\"ro\">Compatibil cu principalele m\u0103rci de smartphone-uri.\r\nBaterie portabil\u0103 \u0219i re\u00eenc\u0103rcabil\u0103 polimer litiu cu 3,7V\/5000mAh.\r\nSistem inteligent de protec\u021bie \u00eempotriva supra\u00eenc\u0103rc\u0103rilor, v\u00e2rfurilor de tensiune \u0219i scurtcircuitului.\r\nIndicator LED de \u00eenc\u0103rcare. Se men\u021bine \u00eenc\u0103rcat mult timp cu o pierdere minim\u0103 de capacitate.\r\nCircuit inteligent pentru a \u00eenc\u0103rca simultan bateria suplimentar\u0103 \u0219i dispozitivul.**\r\n\u00cenc\u0103rca\u021bi dou\u0103 dispozitive simultan cu cele 2 ie\u0219iri USB.\r\nOprire automat\u0103 pentru a economisi bateria.\r\nCompatibil cu iOS, Android&#x2122;, Windows Mobile\u00ae \u0219i Blackberry\u00ae.\r\nIntrare: Micro USB 5V \/ 1000mA; \u00eenc\u0103rca\u021bi prin portul USB standard de 5V.\r\nIe\u0219ire: Micro USB 5V \/ 2000mA., USB 5V \/ 2000mA.\r\n* Conector iPhone\/iPad nu este inclus.\r\n*Bateria are o perioad\u0103 de garan\u021bie de 24 de luni.*\r\nDIMENSIUNE SI GREUTATE: 64 x 104 x 12 mm\r\n124 g.<\/span><\/pre>\n","protected":false},"excerpt":{"rendered":"<p>Compatibil cu principalele m\u0103rci de smartphone-uri. Baterie portabil\u0103 \u0219i re\u00eenc\u0103rcabil\u0103 polimer litiu cu 3,7V\/5000mAh. Sistem inteligent de protec\u021bie \u00eempotriva supra\u00eenc\u0103rc\u0103rilor, v\u00e2rfurilor de tensiune \u0219i scurtcircuitului. Indicator LED de \u00eenc\u0103rcare. Se men\u021bine \u00eenc\u0103rcat mult timp cu o pierdere minim\u0103 de capacitate. Circuit inteligent pentru a \u00eenc\u0103rca simultan bateria suplimentar\u0103 \u0219i dispozitivul.** \u00cenc\u0103rca\u021bi dou\u0103 dispozitive simultan cu [&hellip;]<\/p>\n","protected":false},"featured_media":6970,"comment_status":"open","ping_status":"closed","template":"","meta":[],"product_brand":[],"product_cat":[42],"product_tag":[380,379],"class_list":{"0":"post-6961","1":"product","2":"type-product","3":"status-publish","4":"has-post-thumbnail","6":"product_cat-promotii","7":"product_tag-5000mah","8":"product_tag-batteries-portable","10":"first","11":"instock","12":"sale","13":"taxable","14":"shipping-taxable","15":"purchasable","16":"product-type-simple"},"jetpack_sharing_enabled":true,"_links":{"self":[{"href":"https:\/\/quintett.eu\/index.php?rest_route=\/wp\/v2\/product\/6961","targetHints":{"allow":["GET"]}}],"collection":[{"href":"https:\/\/quintett.eu\/index.php?rest_route=\/wp\/v2\/product"}],"about":[{"href":"https:\/\/quintett.eu\/index.php?rest_route=\/wp\/v2\/types\/product"}],"replies":[{"embeddable":true,"href":"https:\/\/quintett.eu\/index.php?rest_route=%2Fwp%2Fv2%2Fcomments&post=6961"}],"wp:featuredmedia":[{"embeddable":true,"href":"https:\/\/quintett.eu\/index.php?rest_route=\/wp\/v2\/media\/6970"}],"wp:attachment":[{"href":"https:\/\/quintett.eu\/index.php?rest_route=%2Fwp%2Fv2%2Fmedia&parent=6961"}],"wp:term":[{"taxonomy":"product_brand","embeddable":true,"href":"https:\/\/quintett.eu\/index.php?rest_route=%2Fwp%2Fv2%2Fproduct_brand&post=6961"},{"taxonomy":"product_cat","embeddable":true,"href":"https:\/\/quintett.eu\/index.php?rest_route=%2Fwp%2Fv2%2Fproduct_cat&post=6961"},{"taxonomy":"product_tag","embeddable":true,"href":"https:\/\/quintett.eu\/index.php?rest_route=%2Fwp%2Fv2%2Fproduct_tag&post=6961"}],"curies":[{"name":"wp","href":"https:\/\/api.w.org\/{rel}","templated":true}]}}