{"id":6997,"date":"2021-11-20T14:58:27","date_gmt":"2021-11-20T12:58:27","guid":{"rendered":"https:\/\/quintett.eu\/?post_type=product&#038;p=6997"},"modified":"2025-07-04T11:26:52","modified_gmt":"2025-07-04T09:26:52","slug":"novastar-vx4s","status":"publish","type":"product","link":"https:\/\/quintett.eu\/?product=novastar-vx4s","title":{"rendered":"Novastar VX4S-N"},"content":{"rendered":"<p>Controller video\u00a0Novastar VX4S-N profesional,\u00a0cu afi\u0219aj LED.\u00a0\u00cen afar\u0103 de func\u021bia de control al afi\u0219ajului, acesta include, de asemenea, o prelucrare video puternic\u0103 \u00een fa\u021b\u0103.\u00a0Cu o calitate ridicat\u0103 a imaginii \u0219i un control flexibil al imaginii, VX4S-Neste capabil s\u0103 r\u0103spund\u0103 cerin\u021belor industriei media.<\/p>\n","protected":false},"excerpt":{"rendered":"<p>Controller video\u00a0Novastar VX4S-N<\/p>\n<ul>\n<li>Intr\u0103rile VX4S-N includ CVBS \u00d7 1, VGA \u00d7 1, DVI \u00d7 1, HDMI \u00d7 1, DP \u00d7 1 \u0219i SDI \u00d7 1.\u00a0Ele sus\u021bin rezolu\u021bia de intrare de p\u00e2n\u0103 la 1920 \u00d7 1200 @ 60Hz<\/li>\n<li>Iesirile VX4S-N:\u00a0DVI\u00a0LOOP,\u00a0SDILOOP,\u00a0VGALOOP,\u00a0Monitor -VGA OUT,\u00a0Monitor -DVI OUT,\u00a04-Channel\u00a0LED outputs<\/li>\n<li>Control si conexiune PC\/Laptop:\u00a0ETHERNET,<\/li>\n<li>Imaginile de intrare ale VX4S-N pot fi m\u0103rite de la un punct la altul \u00een func\u021bie de rezolu\u021bia ecranului.<\/li>\n<li>Asigura un efect de comutare rapid\u0103 \u0219i efect de decolorare f\u0103r\u0103 \u00eentreruperi, astfel \u00eenc\u00e2t s\u0103 se \u00eent\u0103reasc\u0103 \u0219i s\u0103 se arate o demonstra\u021bie a imaginii de calitate profesional\u0103.<\/li>\n<li>Loca\u021bia \u0219i dimensiunea PIP pot fi am\u00e2ndou\u0103 ajustate,\u00a0si pot fi controlate la alegere.<\/li>\n<li>Procesorul video al NovaStar G4\u00a0face ca ecranul sa fie stabil si flicker free si linii de scanare;\u00a0imaginile sunt rafinate \u0219i au un sentiment bun de profunzime.<\/li>\n<li>Poate implementa calibrarea balansului de alb \u0219i cartografia o gam\u0103 de culori pe baza diferitelor caracteristici ale LED-urilor folosite de ecrane pentru a asigura reproducerea culorilor reale.<\/li>\n<li>HDMI \/ intrare audio extern\u0103.<\/li>\n<li>Surs\u0103 video de 10 bi\u021bi \/ 8 bi\u021bi HD;<\/li>\n<li>Capacitatea de \u00eenc\u0103rcare: 2,3 milioane de pixeli.<\/li>\n<li>Suporta montajul controlerului pentru \u00eenc\u0103rcarea ecranelor de mari dimensiuni<\/li>\n<li>Suport\u0103 tehnologia de calibrare de la NovaStar de nou\u0103 genera\u021bie punct-cu-punct;\u00a0calibrarea este rapid\u0103 \u0219i eficient\u0103.<\/li>\n<li>Nu este necesar software-ul de calculator pentru configurarea sistemului.\u00a0Sistemul poate fi configurat utiliz\u00e2nd un buton tip knob<\/li>\n<li>Toate opera\u021biile se pot face \u00een c\u00e2\u021biva pa\u0219i.\u00a0Asta numim Configura\u021bie u\u0219oar\u0103 a ecranului!<\/li>\n<li>Adopta\u021bi o arhitectur\u0103 inovatoare pentru implementarea configura\u021biei inteligente;<\/li>\n<li>Configurarea\u00a0ecranului poate fi finalizat\u0103 \u00een c\u00e2teva minute<\/li>\n<li>Reduce foarte mult timpul de preg\u0103tire pe scen\u0103.<\/li>\n<li>O interfa\u021b\u0103 intuitiv\u0103 a afi\u0219ajului LCD \u0219i indicatorul luminos de buton simplific\u0103 controlul sistemului.<\/li>\n<\/ul>\n","protected":false},"featured_media":6998,"comment_status":"open","ping_status":"closed","template":"","meta":[],"product_brand":[],"product_cat":[381],"product_tag":[388,349,390,389],"class_list":{"0":"post-6997","1":"product","2":"type-product","3":"status-publish","4":"has-post-thumbnail","6":"product_cat-chipshow","7":"product_tag-novastar","8":"product_tag-procesor","9":"product_tag-video","10":"product_tag-vx4s","12":"first","13":"instock","14":"purchasable","15":"product-type-simple"},"jetpack_sharing_enabled":true,"_links":{"self":[{"href":"https:\/\/quintett.eu\/index.php?rest_route=\/wp\/v2\/product\/6997","targetHints":{"allow":["GET"]}}],"collection":[{"href":"https:\/\/quintett.eu\/index.php?rest_route=\/wp\/v2\/product"}],"about":[{"href":"https:\/\/quintett.eu\/index.php?rest_route=\/wp\/v2\/types\/product"}],"replies":[{"embeddable":true,"href":"https:\/\/quintett.eu\/index.php?rest_route=%2Fwp%2Fv2%2Fcomments&post=6997"}],"wp:featuredmedia":[{"embeddable":true,"href":"https:\/\/quintett.eu\/index.php?rest_route=\/wp\/v2\/media\/6998"}],"wp:attachment":[{"href":"https:\/\/quintett.eu\/index.php?rest_route=%2Fwp%2Fv2%2Fmedia&parent=6997"}],"wp:term":[{"taxonomy":"product_brand","embeddable":true,"href":"https:\/\/quintett.eu\/index.php?rest_route=%2Fwp%2Fv2%2Fproduct_brand&post=6997"},{"taxonomy":"product_cat","embeddable":true,"href":"https:\/\/quintett.eu\/index.php?rest_route=%2Fwp%2Fv2%2Fproduct_cat&post=6997"},{"taxonomy":"product_tag","embeddable":true,"href":"https:\/\/quintett.eu\/index.php?rest_route=%2Fwp%2Fv2%2Fproduct_tag&post=6997"}],"curies":[{"name":"wp","href":"https:\/\/api.w.org\/{rel}","templated":true}]}}