{"id":7024,"date":"2021-12-17T18:02:36","date_gmt":"2021-12-17T16:02:36","guid":{"rendered":"https:\/\/quintett.eu\/?post_type=product&#038;p=7024"},"modified":"2025-04-17T17:11:51","modified_gmt":"2025-04-17T15:11:51","slug":"hemingway-dp-501-mkii-wh-set","status":"publish","type":"product","link":"https:\/\/quintett.eu\/?product=hemingway-dp-501-mkii-wh-set","title":{"rendered":"Flame B97 BK &#8211; Pian digital"},"content":{"rendered":"<div class=\"mobile_tab_title\">\n<div class=\"mobile_tab_name\">Descriere<\/div>\n<\/div>\n<div class=\"tab-pane-body\">\n<div class=\"product-description\">\n<div class=\"product_description_container style_content truncate_block st_showless_block_0 truncate_cate_desc_0\">\n<div class=\"st_read_more_box\">\n<p>Pian digital Flame B97 BK<\/p>\n<ul>\n<li>Pian digital cu 88 clape grele<\/li>\n<li>Claviatura dinamic\u0103<\/li>\n<li>238 sunete, 200 ritmuri, 100 melodii DEMO<\/li>\n<li>Func\u021bie de Split<\/li>\n<li>Func\u021bie de metronom<\/li>\n<li>Mp3 player de pe USB<\/li>\n<li>USB to host pentru conectare la calculator<\/li>\n<li>Func\u021bie de transpozi\u021bie<\/li>\n<li>2 x 15 W<\/li>\n<li>3 pedale<\/li>\n<li>Conexiune pentru c\u0103\u0219ti<\/li>\n<li>Capac pentru protec\u021bia clapelor<\/li>\n<li>Stativ pentru partituri<\/li>\n<li>Intrare jack pentru a conecta o surs\u0103 extern\u0103 de sunet<\/li>\n<li>Dimensiune: 1420 x 480 x 860 mm<\/li>\n<li>Greutate: 45 kg<\/li>\n<li>Culoare: negru<\/li>\n<\/ul>\n<\/div>\n<\/div>\n<\/div>\n<\/div>\n","protected":false},"excerpt":{"rendered":"<p>Pian digital Flame B97 BK compact, cu 88 de clape grele, cu o gam\u0103 variat\u0103 de sunete \u0219i func\u021bii suplimentare, o interfa\u021b\u0103 prietenoas\u0103 \u0219i posibilit\u0103\u021bi de conectare la o surs\u0103 extern\u0103 de sunet, totul pentru o experien\u021b\u0103 pl\u0103cut\u0103 de c\u00e2ntat<\/p>\n","protected":false},"featured_media":12695,"comment_status":"open","ping_status":"closed","template":"","meta":[],"product_brand":[],"product_cat":[1421,42],"product_tag":[394,392,65,1422,395],"class_list":{"0":"post-7024","1":"product","2":"type-product","3":"status-publish","4":"has-post-thumbnail","6":"product_cat-piane-digitale-dealer","7":"product_cat-promotii","8":"product_tag-dp-501","9":"product_tag-hemingway","10":"product_tag-pian-digital","11":"product_tag-pian-digital-flame","12":"product_tag-thomann","14":"first","15":"instock","16":"purchasable","17":"product-type-simple"},"jetpack_sharing_enabled":true,"_links":{"self":[{"href":"https:\/\/quintett.eu\/index.php?rest_route=\/wp\/v2\/product\/7024","targetHints":{"allow":["GET"]}}],"collection":[{"href":"https:\/\/quintett.eu\/index.php?rest_route=\/wp\/v2\/product"}],"about":[{"href":"https:\/\/quintett.eu\/index.php?rest_route=\/wp\/v2\/types\/product"}],"replies":[{"embeddable":true,"href":"https:\/\/quintett.eu\/index.php?rest_route=%2Fwp%2Fv2%2Fcomments&post=7024"}],"wp:featuredmedia":[{"embeddable":true,"href":"https:\/\/quintett.eu\/index.php?rest_route=\/wp\/v2\/media\/12695"}],"wp:attachment":[{"href":"https:\/\/quintett.eu\/index.php?rest_route=%2Fwp%2Fv2%2Fmedia&parent=7024"}],"wp:term":[{"taxonomy":"product_brand","embeddable":true,"href":"https:\/\/quintett.eu\/index.php?rest_route=%2Fwp%2Fv2%2Fproduct_brand&post=7024"},{"taxonomy":"product_cat","embeddable":true,"href":"https:\/\/quintett.eu\/index.php?rest_route=%2Fwp%2Fv2%2Fproduct_cat&post=7024"},{"taxonomy":"product_tag","embeddable":true,"href":"https:\/\/quintett.eu\/index.php?rest_route=%2Fwp%2Fv2%2Fproduct_tag&post=7024"}],"curies":[{"name":"wp","href":"https:\/\/api.w.org\/{rel}","templated":true}]}}