{"id":7154,"date":"2021-12-17T19:42:41","date_gmt":"2021-12-17T17:42:41","guid":{"rendered":"https:\/\/quintett.eu\/?post_type=product&#038;p=7154"},"modified":"2024-02-19T10:43:30","modified_gmt":"2024-02-19T08:43:30","slug":"rumberger-k1x-ii","status":"publish","type":"product","link":"https:\/\/quintett.eu\/?product=rumberger-k1x-ii","title":{"rendered":"Rumberger K1X II"},"content":{"rendered":"<p>Doza Rumberger K1X II \u00a0&#8211; Noul model al firmei Rumberger<\/p>\n<p><strong>\u00a0 \u00a0Caracteristici : \u00a0<\/strong><\/p>\n<ul>\n<li>Succesor al modelului rumberger K1X<\/li>\n<li>Manson de nichel inclus<\/li>\n<li>Design optimizat al dozei<\/li>\n<li>Sun\u0103 mult mai natural \u0219i mai clar dec\u00e2t predecesorul K1X<\/li>\n<li>Captare uniforma a sunetului<\/li>\n<li>Impedanta 600 Ohm<\/li>\n<li>Gama de frecven\u0163\u0103: 30 &#8211; 20000 Hz<\/li>\n<li>Necesita phantom power \u00a0(48 V)<\/li>\n<li>Greutate: 20 grame<\/li>\n<li>Greutate inclusive cutie : 370 grame<\/li>\n<li>Include : cutie de carton\u00a0 , cablu \u00a0XLR , lubrifiat special , dop cauciuc , butoias .<\/li>\n<\/ul>\n<p>&nbsp;<\/p>\n","protected":false},"excerpt":{"rendered":"<p>Doza Rumberger K1X II pentru clarinet \u0219i saxofon; modelul succesor al modelului Rumberger K1X<\/p>\n<p>Inova\u021bie: poten\u021biometrul nu mai este montat in doza ; \u00eembun\u0103t\u0103\u021birea sunetului \u0219i reducerea basului prin filtru \u00een adaptorul de alimentare Phantom (PA-F1)<\/p>\n<p>Nota: noul pickup sun\u0103 mult mai natural \u0219i mai clar dec\u00e2t predecesorul K1X<\/p>\n<p>&nbsp;<\/p>\n<p>&nbsp;<\/p>\n","protected":false},"featured_media":7155,"comment_status":"open","ping_status":"closed","template":"","meta":[],"product_brand":[],"product_cat":[42,177],"product_tag":[399,79,398,77],"class_list":{"0":"post-7154","1":"product","2":"type-product","3":"status-publish","4":"has-post-thumbnail","6":"product_cat-promotii","7":"product_cat-rumberger","8":"product_tag-doza-clarinet","9":"product_tag-doza-saxofon","10":"product_tag-k1x-ii","11":"product_tag-rumberger","13":"first","14":"instock","15":"sale","16":"purchasable","17":"product-type-simple"},"jetpack_sharing_enabled":true,"_links":{"self":[{"href":"https:\/\/quintett.eu\/index.php?rest_route=\/wp\/v2\/product\/7154","targetHints":{"allow":["GET"]}}],"collection":[{"href":"https:\/\/quintett.eu\/index.php?rest_route=\/wp\/v2\/product"}],"about":[{"href":"https:\/\/quintett.eu\/index.php?rest_route=\/wp\/v2\/types\/product"}],"replies":[{"embeddable":true,"href":"https:\/\/quintett.eu\/index.php?rest_route=%2Fwp%2Fv2%2Fcomments&post=7154"}],"wp:featuredmedia":[{"embeddable":true,"href":"https:\/\/quintett.eu\/index.php?rest_route=\/wp\/v2\/media\/7155"}],"wp:attachment":[{"href":"https:\/\/quintett.eu\/index.php?rest_route=%2Fwp%2Fv2%2Fmedia&parent=7154"}],"wp:term":[{"taxonomy":"product_brand","embeddable":true,"href":"https:\/\/quintett.eu\/index.php?rest_route=%2Fwp%2Fv2%2Fproduct_brand&post=7154"},{"taxonomy":"product_cat","embeddable":true,"href":"https:\/\/quintett.eu\/index.php?rest_route=%2Fwp%2Fv2%2Fproduct_cat&post=7154"},{"taxonomy":"product_tag","embeddable":true,"href":"https:\/\/quintett.eu\/index.php?rest_route=%2Fwp%2Fv2%2Fproduct_tag&post=7154"}],"curies":[{"name":"wp","href":"https:\/\/api.w.org\/{rel}","templated":true}]}}