{"id":7182,"date":"2021-12-22T20:28:22","date_gmt":"2021-12-22T18:28:22","guid":{"rendered":"https:\/\/quintett.eu\/?post_type=product&#038;p=7182"},"modified":"2025-04-16T12:37:44","modified_gmt":"2025-04-16T10:37:44","slug":"viscount-cantorum-duo","status":"publish","type":"product","link":"https:\/\/quintett.eu\/?product=viscount-cantorum-duo","title":{"rendered":"Viscount Cantorum Duo"},"content":{"rendered":"<div class=\"border-bottom pb-2 mb-3\">\n<p class=\"font-weight-semi-bold text-uppercase\">PARAMETRII \u0218I SPECIFICA\u021aII<\/p>\n<div class=\"border-bottom border-light pb-1 mb-1\">\n<div class=\"row\">\n<div class=\"col-6 col-md-5 col-lg-4 col-xl-3\">\n<p class=\"gray\">Tehnologia tastaturii &#8211; Tracker Touch<\/p>\n<\/div>\n<\/div>\n<\/div>\n<div class=\"border-bottom border-light pb-1 mb-1\">\n<div class=\"row\">\n<div class=\"col-6 col-md-5 col-lg-4 col-xl-3\">\n<p class=\"gray\">Difuzor \u00eencorporat -Da<\/p>\n<\/div>\n<\/div>\n<\/div>\n<div class=\"border-bottom border-light pb-1 mb-1\">\n<div class=\"row\">\n<div class=\"col-6 col-md-5 col-lg-4 col-xl-3\">\n<p class=\"gray\">MIDI interface -Da<\/p>\n<\/div>\n<\/div>\n<\/div>\n<div class=\"border-bottom border-light pb-1 mb-1\">\n<div class=\"row\">\n<div class=\"col-6 col-md-5 col-lg-4 col-xl-3\">\n<p class=\"gray\">Sonorizare -Da<\/p>\n<\/div>\n<\/div>\n<\/div>\n<div class=\"border-bottom border-light pb-1 mb-1\">\n<div class=\"row\">\n<div class=\"col-6 col-md-5 col-lg-4 col-xl-3\">\n<p class=\"gray\">Tipuri de efect -Reverb<\/p>\n<\/div>\n<\/div>\n<\/div>\n<div class=\"border-bottom border-light pb-1 mb-1\">Num\u0103r de clape &#8211; 61 X 2<\/div>\n<div class=\"border-bottom border-light pb-1 mb-1\">\n<div class=\"row\">\n<div class=\"col-6 col-md-5 col-lg-4 col-xl-3\">\n<p class=\"gray\">Tipul tastaturii &#8211; Org\u0103<\/p>\n<\/div>\n<\/div>\n<\/div>\n<div class=\"border-bottom border-light pb-1 mb-1\">\n<div class=\"row\">\n<div class=\"col-6 col-md-5 col-lg-4 col-xl-3\">\n<p class=\"gray\">Culoare &#8211; Maro<\/p>\n<\/div>\n<\/div>\n<\/div>\n<div class=\"border-bottom border-light pb-1 mb-1\">\n<div class=\"row\">\n<div class=\"col-6 col-md-5 col-lg-4 col-xl-3\">\n<p class=\"gray\">Culoare conform produc\u0103torului &#8211; Stejar deschis<\/p>\n<\/div>\n<\/div>\n<\/div>\n<div class=\"border-bottom border-light pb-1 mb-1\">\n<div class=\"row\">\n<div class=\"col-6 col-md-5 col-lg-4 col-xl-3\">\n<p class=\"gray\">Intr\u0103ri-Jack TRS 3,5mm<\/p>\n<\/div>\n<\/div>\n<\/div>\n<div class=\"border-bottom border-light pb-1 mb-1\">\n<div class=\"row\">\n<div class=\"col-6 col-md-5 col-lg-4 col-xl-3\">\n<p class=\"gray\">Ie\u015firi -C\u0103\u0219ti Jack TRS 6,3mm, Jack 6,3 mm stereo TS (2 x)<\/p>\n<\/div>\n<\/div>\n<\/div>\n<div class=\"border-bottom border-light pb-1 mb-1\">\n<div class=\"row\">\n<div class=\"col-6 col-md-5 col-lg-4 col-xl-3\">\n<p class=\"gray\">USB- Da<\/p>\n<\/div>\n<\/div>\n<\/div>\n<div class=\"border-bottom border-light pb-1 mb-1\">\n<div class=\"row\">\n<div class=\"col-6 col-md-5 col-lg-4 col-xl-3\">\n<p class=\"gray\">USB to Device -Da<\/p>\n<\/div>\n<\/div>\n<\/div>\n<div class=\"border-bottom border-light pb-1 mb-1\">\n<div class=\"row\">\n<div class=\"col-6 col-md-5 col-lg-4 col-xl-3\">\n<p class=\"gray\">Ie\u0219ire c\u0103\u0219ti- Da<\/p>\n<\/div>\n<\/div>\n<\/div>\n<div class=\"border-bottom border-light pb-1 mb-1\">\n<div class=\"row\">\n<div class=\"col-6 col-md-5 col-lg-4 col-xl-3\">\n<p class=\"gray\">Intr\u0103ri pedale -Da<\/p>\n<\/div>\n<\/div>\n<\/div>\n<div class=\"border-bottom border-light pb-1 mb-1\">\n<div class=\"row\">\n<div class=\"col-6 col-md-5 col-lg-4 col-xl-3\">\n<p class=\"gray\">Pachetul con\u021bine -Manual<\/p>\n<\/div>\n<\/div>\n<\/div>\n<div class=\"border-bottom border-light pb-1 mb-1\">\n<div class=\"row\">\n<div class=\"col-6 col-md-5 col-lg-4 col-xl-3\">\n<p class=\"gray\">Adaptor inclus -Nu<\/p>\n<\/div>\n<\/div>\n<\/div>\n<div class=\"border-bottom border-light pb-1 mb-1\">\n<div class=\"row\">\n<div class=\"col-6 col-md-5 col-lg-4 col-xl-3\">\n<p class=\"gray\">Putere (Watt) -40<\/p>\n<\/div>\n<\/div>\n<\/div>\n<div class=\"border-bottom border-light pb-1 mb-1\">\n<div class=\"row\">\n<div class=\"col-6 col-md-5 col-lg-4 col-xl-3\">\n<p class=\"gray\">Alimentare electric\u0103 -Adaptor 240V UK\/EU<\/p>\n<\/div>\n<\/div>\n<\/div>\n<div class=\"border-bottom border-light pb-1 mb-1\">L\u0103\u0163ime (cm) -90, \u00cen\u0103l\u021bime (cm)-19, \u00a0Ad\u00e2ncimea (cm) -48<\/div>\n<div class=\"border-bottom border-light pb-1 mb-1\">\n<div class=\"row\">\n<div class=\"col-6 col-md-5 col-lg-4 col-xl-3\">\n<p class=\"gray\">Greutate- 19,7 kg<\/p>\n<\/div>\n<\/div>\n<\/div>\n<\/div>\n","protected":false},"excerpt":{"rendered":"<p>Noul model Cantorum Duo de la firma Viscount este o org\u0103 portabil\u0103 cu 2 manuale . Ultima ad\u0103ugare a liniei Cantorum, apreciat\u0103 mondial, ofer\u0103 30 de voci, aranjament stoptab convenabil \u0219i amplificare integrat\u0103, oferind totul la \u00eendem\u00e2n\u0103 pentru a experimenta cea mai recent\u0103 tehnologie de sunet e\u0219antionat disponibil\u0103 \u00eentr-o org\u0103 digital\u0103. Sunetul superb \u0219i estetica contemporan\u0103 fac acest lucru autentic. Orga Cantorum Duo este un instrument remarcabil. . Indiferent dac\u0103 sunte\u021bi o biseric\u0103 con\u0219tient\u0103 de calitate sau un organist cu un buget limitat, Cantorum Duo este acum disponibil \u00een orice situa\u021bie. Cutia compacta si robusta, este u\u0219or de mutat \u0219i v\u0103 permite s\u0103 utiliza\u021bi instrumentul \u00eentr-un mod complet multifunc\u021bional.<\/p>\n","protected":false},"featured_media":7183,"comment_status":"open","ping_status":"closed","template":"","meta":[],"product_brand":[],"product_cat":[313],"product_tag":[400,402,401],"class_list":{"0":"post-7182","1":"product","2":"type-product","3":"status-publish","4":"has-post-thumbnail","6":"product_cat-viscount","7":"product_tag-orga","8":"product_tag-orga-de-biserica","9":"product_tag-viscount","11":"first","12":"instock","13":"sale","14":"purchasable","15":"product-type-simple"},"jetpack_sharing_enabled":true,"_links":{"self":[{"href":"https:\/\/quintett.eu\/index.php?rest_route=\/wp\/v2\/product\/7182","targetHints":{"allow":["GET"]}}],"collection":[{"href":"https:\/\/quintett.eu\/index.php?rest_route=\/wp\/v2\/product"}],"about":[{"href":"https:\/\/quintett.eu\/index.php?rest_route=\/wp\/v2\/types\/product"}],"replies":[{"embeddable":true,"href":"https:\/\/quintett.eu\/index.php?rest_route=%2Fwp%2Fv2%2Fcomments&post=7182"}],"wp:featuredmedia":[{"embeddable":true,"href":"https:\/\/quintett.eu\/index.php?rest_route=\/wp\/v2\/media\/7183"}],"wp:attachment":[{"href":"https:\/\/quintett.eu\/index.php?rest_route=%2Fwp%2Fv2%2Fmedia&parent=7182"}],"wp:term":[{"taxonomy":"product_brand","embeddable":true,"href":"https:\/\/quintett.eu\/index.php?rest_route=%2Fwp%2Fv2%2Fproduct_brand&post=7182"},{"taxonomy":"product_cat","embeddable":true,"href":"https:\/\/quintett.eu\/index.php?rest_route=%2Fwp%2Fv2%2Fproduct_cat&post=7182"},{"taxonomy":"product_tag","embeddable":true,"href":"https:\/\/quintett.eu\/index.php?rest_route=%2Fwp%2Fv2%2Fproduct_tag&post=7182"}],"curies":[{"name":"wp","href":"https:\/\/api.w.org\/{rel}","templated":true}]}}