{"id":7302,"date":"2022-01-26T16:46:55","date_gmt":"2022-01-26T14:46:55","guid":{"rendered":"https:\/\/quintett.eu\/?post_type=product&#038;p=7302"},"modified":"2022-07-16T01:47:30","modified_gmt":"2022-07-15T23:47:30","slug":"naw-atv12a-lida26-sound-system","status":"publish","type":"product","link":"https:\/\/quintett.eu\/?product=naw-atv12a-lida26-sound-system","title":{"rendered":"NAW ATV12A + LIDA26 Sound system"},"content":{"rendered":"<p>SETUL INCLUDE:<br \/>\nDoi sateli\u021bi pasivi LiDA26, fiecare echipat cu dou\u0103 difuzoare de 6\u201d \u0219i un driver modern cu tehnologie CCAW 1.4\u201d, caracterizat printr-o culoare unic\u0103. Tweeterul este plasat coaxial, men\u021bin\u00e2nd avantajele sistemului de difuzoare coaxiale D&#8217;Apollito.<br \/>\nDou\u0103 boxe ATV12a 12 &#8222;\/ 3&#8220; bas activ cu amplificator integrat de 2&#215;800 W pe 2 canale, preamplificator digital cu toate func\u021biile DSP, control USB (Ehthernet \u00een cur\u00e2nd) \u0219i software dedicat<br \/>\nCablare total\u0103 &#8211; Cabluri pentru difuzoare cu conectori Neutrik Speakon pentru conectarea sateli\u021bilor \u0219i cabluri de curent cu conectori Neutrik Powercon.<\/p>\n<p>NAW LiDA26 WB BASIC TECHNICAL DATA:<\/p>\n<p>AES Nominal Power: 350 W<br \/>\nSPL efficiency (1w \/ 1m): 93dB<br \/>\nRecommended amplifier power: 300-500W RMS<br \/>\nUseful frequency range: 80Hz- 22kHz<br \/>\nHF Waveguide Directionality: Asymmetrical Waveguide. 100 degrees directivity in the near field and 50 degrees in the far field<br \/>\nMaximum SPL (peakCF6dB): dB<br \/>\nSpeakers: custom B&amp;C Speakers, neodymium 2&#215;6.5 &#8222;LF, 1 neo 1.4&#8220; HF CCAW coil, HT Polymer diaphragm<br \/>\nImpedance: 8\u03a9<br \/>\nConnectors: 2x Neutrik NL4MP<br \/>\nDimensions (HxWxD): 535mm x 195mm x 250mm<\/p>\n<p>&nbsp;<\/p>\n<p>NAW ATV12a BASIC TECHNICAL DATA:<\/p>\n<ul>\n<li><strong>Range of reproduced frequencies:<\/strong><\/li>\n<\/ul>\n<p><sup>* measurements made for one module in halfspace conditions using 25HzBW @ 24-120HzL-R @ 24 filters<\/sup><\/p>\n<ul>\n<li><strong>Recommended frequency range:<\/strong><\/li>\n<li><strong>Built-in RMS amplifier:<\/strong> 2x800W<\/li>\n<li><strong><span class=\"\">SPL efficiency (1W \/ 1m \/ halfspace):<\/span><\/strong><\/li>\n<li><strong>Maximum SPL (peakCF4 12dB):<\/strong><\/li>\n<li><strong>Directivity :<\/strong> Omnidirectional or cardioid. Depends on the number of modules in the set ***<\/li>\n<li><strong><span class=\"\">Speaker:<\/span><\/strong><span class=\"\"> 12 &#8222;woofer, 3&#8220; voice coil, neodymium magnet<\/span><\/li>\n<li><strong>Impedance:<\/strong> 8\u03a9<\/li>\n<li><strong>Connectors:<\/strong> 2x Neutrik NL4MP<\/li>\n<li><strong>Dimensions (H x W x D):<\/strong> 380mm x 570mm x 570mm<\/li>\n<li><strong>Weight:<\/strong> 24kg<\/li>\n<\/ul>\n","protected":false},"excerpt":{"rendered":"<p>Un set mobil, foarte mic \u0219i u\u0219or de utilizat pentru evenimentele p\u00e2n\u0103 la 200 de persoane, cu DSP \u0219i alimentare independent\u0103 pentru ambele difuzoare.<br \/>\nSistemul de sunet integrat ATV12a + LiDA26 este un set activ bazat pe componente de cea mai \u00eenalt\u0103 calitate care ofer\u0103 un SPL ridicat \u0219i o calitate ridicat\u0103 a sunetului datorit\u0103 unor amplificatoare de putere inovatoare. Satelitul LiDA26 \u0219i basul ATV12a sunt reglate cu un amplificator cu dou\u0103 canale \u00eencorporat \u00een subwoofer (spre deosebire de seturile VMS, fiecare subwoofer este echipat cu un amplificator) \u0219i un preamplificator digital DSP dedicat. Sistemul este format din patru componente \u0219i accesorii (2x basi, 2x sateliti, 2x stative \u0219i cabluri) . Preamplificatorul este echipat cu limitatoare de intrare \u0219i limitatoare de amplificatoare de putere care protejeaz\u0103 \u00een mod optim sistemul \u00eempotriva unui semnal prea mare. Amplificatoarele de putere realizate in clasa D din generatia a 3-a sunt echipate cu protectii de curent si termice in conformitate cu standardele europene CE. Setul este perfect pentru trupe \u0219i DJ care apreciaz\u0103 confortul &#8211; asamblarea rapid\u0103, greutatea redus\u0103 \u0219i sunetul frumos.<\/p>\n","protected":false},"featured_media":7303,"comment_status":"open","ping_status":"closed","template":"","meta":[],"product_brand":[],"product_cat":[343],"product_tag":[69,406,342,407],"class_list":{"0":"post-7302","1":"product","2":"type-product","3":"status-publish","4":"has-post-thumbnail","6":"product_cat-naw-audio","7":"product_tag-bas","8":"product_tag-boxe","9":"product_tag-naw","10":"product_tag-sistem-sunet","12":"first","13":"instock","14":"product-type-simple"},"jetpack_sharing_enabled":true,"_links":{"self":[{"href":"https:\/\/quintett.eu\/index.php?rest_route=\/wp\/v2\/product\/7302","targetHints":{"allow":["GET"]}}],"collection":[{"href":"https:\/\/quintett.eu\/index.php?rest_route=\/wp\/v2\/product"}],"about":[{"href":"https:\/\/quintett.eu\/index.php?rest_route=\/wp\/v2\/types\/product"}],"replies":[{"embeddable":true,"href":"https:\/\/quintett.eu\/index.php?rest_route=%2Fwp%2Fv2%2Fcomments&post=7302"}],"wp:featuredmedia":[{"embeddable":true,"href":"https:\/\/quintett.eu\/index.php?rest_route=\/wp\/v2\/media\/7303"}],"wp:attachment":[{"href":"https:\/\/quintett.eu\/index.php?rest_route=%2Fwp%2Fv2%2Fmedia&parent=7302"}],"wp:term":[{"taxonomy":"product_brand","embeddable":true,"href":"https:\/\/quintett.eu\/index.php?rest_route=%2Fwp%2Fv2%2Fproduct_brand&post=7302"},{"taxonomy":"product_cat","embeddable":true,"href":"https:\/\/quintett.eu\/index.php?rest_route=%2Fwp%2Fv2%2Fproduct_cat&post=7302"},{"taxonomy":"product_tag","embeddable":true,"href":"https:\/\/quintett.eu\/index.php?rest_route=%2Fwp%2Fv2%2Fproduct_tag&post=7302"}],"curies":[{"name":"wp","href":"https:\/\/api.w.org\/{rel}","templated":true}]}}