{"id":7318,"date":"2022-01-26T18:31:55","date_gmt":"2022-01-26T16:31:55","guid":{"rendered":"https:\/\/quintett.eu\/?post_type=product&#038;p=7318"},"modified":"2025-03-05T16:17:10","modified_gmt":"2025-03-05T14:17:10","slug":"duke-mid-6xd181-2xla3c-2xmbr118-sistem-activ","status":"publish","type":"product","link":"https:\/\/quintett.eu\/?product=duke-mid-6xd181-2xla3c-2xmbr118-sistem-activ","title":{"rendered":"DUKE MID 6XD181 2XLA3C 2XMBR118 Sistem Activ"},"content":{"rendered":"<p>SETUL INCLUDE:<br \/>\n\u0218ase module liniare Duke D181 \u00een versiunea biamp (unitatea \u0219i procesarea DSP sunt gestionate de electronice \u00eencorporate \u00een basul activ). Posibilitatea de a adauga inca 2 module pentru suspensie (4 pe fiecare parte in total). Unghiuri de lucru preconfigurate cu o \u201efurc\u0103\u201d pe trepied. Op\u021biuni de setare utilizator.<br \/>\nDou\u0103 boxe bas active LA3c cu un amplificator integrat cu 3 canale de 4100W cu procesor de control \u00eencorporat. DSP selectabil, EQ, \u00eent\u00e2rziere \u0219i operare de la distan\u021b\u0103 Ethernet.<br \/>\nDou\u0103 bas pasive MBR118<br \/>\nToate cablurile &#8211; cu conectori Neutrik Speakon (2,5 mm2) \u0219i cabluri de curent cu conectori Powercon<br \/>\nAlegerea a dou\u0103 rame D181 pentru amplasarea modulelor liniare pe un trepied sau suspendat<\/p>\n<h3>SYSTEM DUKE TECHNICAL INFORMATION:<\/h3>\n<ul>\n<li><strong><span>System power <\/span><\/strong><strong><span>:<\/span><\/strong><span> 2x600W RMS satellites (3pcs and 2x800W 4pcs per side) + 5000W RMS 4 bass MBR118<\/span><\/li>\n<li><span>Max SPL System:<\/span><\/li>\n<li><span>Parameters of D181 16Ohm modules:<\/span>\n<ul>\n<li><span>Power 1 pc (nominal): 200W @ 16Ohm AES<\/span><\/li>\n<li><span>Speakers: B&amp;C 8 &#8222;\/ 2&#8220; LF + 2&#215;1 &#8222;\/1.7&#8220; HF neodymium in line waveguide<\/span><\/li>\n<li><span><span class=\"\">Frequency response (-3dB): 70Hz &#8211; 18kHz<\/span><\/span><\/li>\n<li><span>Efficiency (1W \/ 1m): 97dB<\/span><\/li>\n<li><span><span class=\"\">Dimensions: 250h x 420w x 300d<\/span><\/span><\/li>\n<li><span>Weight: 14 kg<\/span><\/li>\n<\/ul>\n<\/li>\n<li><span>Bass Parameters MBR118:<\/span>\n<ul>\n<li><span>Power (nominal): 1200W @ 8Ohm<\/span><\/li>\n<li><span>Speaker: B&amp;C 18 &#8222;\/ 4&#8220; with neodymium magnet and high Xmax <\/span><\/li>\n<li><span>Frequency response (-3dB): 33Hz &#8211; 115Hz<\/span><\/li>\n<li><span>Efficiency (1W \/ 1m \/ halfspace): 97dB \/ 103dB<\/span><\/li>\n<li><span>Dimensions: 540H x 515W x 720D<\/span><\/li>\n<li><span>Weight: 44 kg<\/span><\/li>\n<\/ul>\n<\/li>\n<\/ul>\n","protected":false},"excerpt":{"rendered":"<p>Set mediu din grupul mobil bazat pe 3 module de linie Duke D181 pe o parte. Un set pentru evenimente de pana la 1000 de persoane cu posibilitatea de extindere usoara, chiar si pentru activitati mai mari in aer liber.<br \/>\nSistemul este conceput pentru trupe, DJ \u0219i companii de sunet, at\u00e2t evenimente mici, c\u00e2t \u0219i mai mari. In configuratia prezentata, ofera un sunet excelent in sali mari (de asemenea dificile acustic) si spatii mici in aer liber de pana la 25m, dar este si complet scalabil, ceea ce inseamna posibilitati mari de extindere. Ca parte a unui sistem, putem ad\u0103uga un modul D181 pe fiecare parte, care, atunci c\u00e2nd este suspendat, va oferi o acoperire complet\u0103 a benzii de p\u00e2n\u0103 la 40 m. Combina\u021bia a dou\u0103 kituri DUKE MAX va permite suspendarea a p\u00e2n\u0103 la 8 module de linie D181 pe parte \u0219i utilizarea a 8 module de bas MBR118. Acest aranjament ofer\u0103 un sunet de concert la 50 de metri de scen\u0103. DSP-urile \u00eencorporate \u00een bas pot fi conectate prin Ethernet \u0219i controlate de la distan\u021b\u0103 din pozi\u021bia mixerului.<\/p>\n","protected":false},"featured_media":7319,"comment_status":"open","ping_status":"closed","template":"","meta":[],"product_brand":[],"product_cat":[343,42],"product_tag":[69,406,410,473,1370,1368,139,407,1371,1369,409],"class_list":{"0":"post-7318","1":"product","2":"type-product","3":"status-publish","4":"has-post-thumbnail","6":"product_cat-naw-audio","7":"product_cat-promotii","8":"product_tag-bas","9":"product_tag-boxe","10":"product_tag-boxe-active","11":"product_tag-boxe-pentru-instalatii","12":"product_tag-instalatii-profesionale","13":"product_tag-instalatii-stadion","14":"product_tag-line-array","15":"product_tag-sistem-sunet","16":"product_tag-sonorizare-biserici","17":"product_tag-sonorizare-stadion","18":"product_tag-topi","20":"first","21":"instock","22":"sale","23":"purchasable","24":"product-type-simple"},"jetpack_sharing_enabled":true,"_links":{"self":[{"href":"https:\/\/quintett.eu\/index.php?rest_route=\/wp\/v2\/product\/7318","targetHints":{"allow":["GET"]}}],"collection":[{"href":"https:\/\/quintett.eu\/index.php?rest_route=\/wp\/v2\/product"}],"about":[{"href":"https:\/\/quintett.eu\/index.php?rest_route=\/wp\/v2\/types\/product"}],"replies":[{"embeddable":true,"href":"https:\/\/quintett.eu\/index.php?rest_route=%2Fwp%2Fv2%2Fcomments&post=7318"}],"wp:featuredmedia":[{"embeddable":true,"href":"https:\/\/quintett.eu\/index.php?rest_route=\/wp\/v2\/media\/7319"}],"wp:attachment":[{"href":"https:\/\/quintett.eu\/index.php?rest_route=%2Fwp%2Fv2%2Fmedia&parent=7318"}],"wp:term":[{"taxonomy":"product_brand","embeddable":true,"href":"https:\/\/quintett.eu\/index.php?rest_route=%2Fwp%2Fv2%2Fproduct_brand&post=7318"},{"taxonomy":"product_cat","embeddable":true,"href":"https:\/\/quintett.eu\/index.php?rest_route=%2Fwp%2Fv2%2Fproduct_cat&post=7318"},{"taxonomy":"product_tag","embeddable":true,"href":"https:\/\/quintett.eu\/index.php?rest_route=%2Fwp%2Fv2%2Fproduct_tag&post=7318"}],"curies":[{"name":"wp","href":"https:\/\/api.w.org\/{rel}","templated":true}]}}