{"id":7333,"date":"2022-01-26T18:45:24","date_gmt":"2022-01-26T16:45:24","guid":{"rendered":"https:\/\/quintett.eu\/?post_type=product&#038;p=7333"},"modified":"2022-07-16T01:47:52","modified_gmt":"2022-07-15T23:47:52","slug":"7333","status":"publish","type":"product","link":"https:\/\/quintett.eu\/?product=7333","title":{"rendered":"Duke Starter 4XD181 2XLA3C"},"content":{"rendered":"<p>SETUL INCLUDE:<br \/>\n4 module liniare Duke D181 dreapta \u0219i st\u00e2nga (dou\u0103 110 grade \u0219i dou\u0103 80 grade directivitate orizontal\u0103)<br \/>\nDoi basi activi LA3c cu un amplificator integrat cu 3 canale de 4100W cu procesor de control \u00eencorporat. DSP selectabil, EQ, \u00eent\u00e2rziere \u0219i operare de la distan\u021b\u0103 Ethernet.<br \/>\nToate cablurile &#8211; cu conectori Neutrik Speakon (2,5 mm2) \u0219i cabluri de curent cu conectori Powercon<br \/>\nDou\u0103 rame D181 pentru amplasarea modulelor liniare pe un trepied<br \/>\nset de bile \u0219i \u0219tifturi magnetice<br \/>\nHuse din cordura dur MBR118 cu sigla companiei<br \/>\nSkateboard-uri care pot fi fixate pe partea din fa\u021b\u0103 a basului MBR &#8211; perfecte pentru transport<br \/>\nDou\u0103 cutii mici de transport pentru 2 module D181<\/p>\n<h3>SYSTEM TECHNICAL INFORMATION:<\/h3>\n<ul>\n<li><strong>Power amplifiers <\/strong><strong>:<\/strong> 2 x 400W (2pcs D181 per side) + 3000W RMS 2 bass MBR118 LA3c<\/li>\n<li><span class=\"goog-text-highlight\">System Max SPL @ 1m: 132dB one side of the group of 2 line modules, 140dB one bass LA3c *<\/span><\/li>\n<li>Parameters of D181 16Ohm modules:\n<ul>\n<li>Power 1 pc (nominal AES): 200W one piece<\/li>\n<li>Speakers: B&amp;C 8 &#8222;\/ 2&#8220; LF + 2&#215;1 &#8222;\/1.7&#8220; HF neodymium in line waveguide<\/li>\n<li>Frequency response (-3dB): 70Hz &#8211; 18kHz<\/li>\n<li>Efficiency (1W \/ 1m): 97dB<\/li>\n<li>Dimensions: 250h x 420w x 300d<\/li>\n<li>Weight: 14 kg<\/li>\n<\/ul>\n<\/li>\n<li>LA3c Bass Parameters:\n<ul>\n<li>Amplifier Power: SUB 2500W @ 4Ohm, MID: 800W @ 4Ohm, HI: 800W @ 4Ohm<\/li>\n<li>Speaker: B&amp;C 18 &#8222;\/ 4&#8220; with neodymium magnet and high Xmax with a nominal power of 1200W AES<\/li>\n<li>Frequency response (-3dB): 33Hz &#8211; 115Hz<\/li>\n<li>Maximum SPL (peakCF4 12dB): 140dB *<\/li>\n<li>Dimensions: 540H x 515W x 720D<\/li>\n<li>Weight: 44 kg<\/li>\n<\/ul>\n<\/li>\n<\/ul>\n<p>* max SPL (peak) at 1m, under halfspace (SUB) conditions using pink noise 12dB Crest factor<\/p>\n","protected":false},"excerpt":{"rendered":"<p>Cel mai mic set din grupul mobil, bazat pe 2 module liniare Duke D181 pe fiecare parte \u0219i doi basi activi LA3c. Dac\u0103 v\u0103 g\u00e2ndi\u021bi s\u0103 v\u0103 extinde\u021bi sistemul liniar \u00een viitor &#8211; acesta este punctul de plecare perfect.<br \/>\nSistemul este conceput pentru trupe, DJ \u0219i companii de sunet, at\u00e2t evenimente mici, c\u00e2t \u0219i mai mari. \u00cen configura\u021bia prezentat\u0103, ofer\u0103 un sunet excelent \u00een s\u0103li (\u0219i acustic dificil) \u0219i \u00een spa\u021bii mici \u00een aer liber de p\u00e2n\u0103 la 20m \u0219i este complet scalabil, ceea ce \u00eenseamn\u0103 posibilitatea extinderii la sistemele DUKE MID \u0219i MAX. DSP-urile \u00eencorporate \u00een bas pot fi conectate prin Ethernet \u0219i controlate de la distan\u021b\u0103 din pozi\u021bia mixerului.<\/p>\n","protected":false},"featured_media":7334,"comment_status":"open","ping_status":"closed","template":"","meta":[],"product_brand":[],"product_cat":[343,42],"product_tag":[69,406,410,139,408,409],"class_list":{"0":"post-7333","1":"product","2":"type-product","3":"status-publish","4":"has-post-thumbnail","6":"product_cat-naw-audio","7":"product_cat-promotii","8":"product_tag-bas","9":"product_tag-boxe","10":"product_tag-boxe-active","11":"product_tag-line-array","12":"product_tag-system-sunset","13":"product_tag-topi","15":"first","16":"instock","17":"sale","18":"purchasable","19":"product-type-simple"},"jetpack_sharing_enabled":true,"_links":{"self":[{"href":"https:\/\/quintett.eu\/index.php?rest_route=\/wp\/v2\/product\/7333","targetHints":{"allow":["GET"]}}],"collection":[{"href":"https:\/\/quintett.eu\/index.php?rest_route=\/wp\/v2\/product"}],"about":[{"href":"https:\/\/quintett.eu\/index.php?rest_route=\/wp\/v2\/types\/product"}],"replies":[{"embeddable":true,"href":"https:\/\/quintett.eu\/index.php?rest_route=%2Fwp%2Fv2%2Fcomments&post=7333"}],"wp:featuredmedia":[{"embeddable":true,"href":"https:\/\/quintett.eu\/index.php?rest_route=\/wp\/v2\/media\/7334"}],"wp:attachment":[{"href":"https:\/\/quintett.eu\/index.php?rest_route=%2Fwp%2Fv2%2Fmedia&parent=7333"}],"wp:term":[{"taxonomy":"product_brand","embeddable":true,"href":"https:\/\/quintett.eu\/index.php?rest_route=%2Fwp%2Fv2%2Fproduct_brand&post=7333"},{"taxonomy":"product_cat","embeddable":true,"href":"https:\/\/quintett.eu\/index.php?rest_route=%2Fwp%2Fv2%2Fproduct_cat&post=7333"},{"taxonomy":"product_tag","embeddable":true,"href":"https:\/\/quintett.eu\/index.php?rest_route=%2Fwp%2Fv2%2Fproduct_tag&post=7333"}],"curies":[{"name":"wp","href":"https:\/\/api.w.org\/{rel}","templated":true}]}}