{"id":7343,"date":"2022-01-26T18:58:57","date_gmt":"2022-01-26T16:58:57","guid":{"rendered":"https:\/\/quintett.eu\/?post_type=product&#038;p=7343"},"modified":"2025-03-05T16:16:26","modified_gmt":"2025-03-05T14:16:26","slug":"naw-ast-mbr-sound-system","status":"publish","type":"product","link":"https:\/\/quintett.eu\/?product=naw-ast-mbr-sound-system","title":{"rendered":"NAW AST + MBR Sound sysstem"},"content":{"rendered":"<p>SETUL INCLUDE:<br \/>\nDoi sateli\u021bi activi AST14a de 600 W cu DSP \u0219i difuzoare cu dou\u0103 amplificatoare<br \/>\nDoi basi activi MBR118aDSP cu un amplificator integrat de 3000 W, cu limitatoare de intrare \u0219i ie\u0219ire discrete \u00eencorporate care protejeaz\u0103 \u00eentregul sistem \u00eempotriva semnalului excesiv cu dou\u0103 moduri de operare &#8211; folosind un crossover \u0219i fullrange (doar al doilea canal)<br \/>\nCabluri de curent cu conectori Powercon<br \/>\nSuporti pentru difuzoare (pentru utilizatorii care apreciaz\u0103 mobilitatea sau cadrele care trebuie ag\u0103\u021bate \u00een instala\u021bie)<\/p>\n<p>&#8211; raza de actiune pana la 18m si 500 de persoane<br \/>\n&#8211; posibilitatea adaugarii basului pasiv si extinderea usoara a setului<br \/>\n&#8211; putere setat\u0103: 4200W (sateli\u021bi activi 14&#8243;2x600W, bas activ 18&#8243; 2x1500W),<br \/>\n&#8211; raspuns in frecventa: 34Hz &#8211; 18kHz,<br \/>\n&#8211; control de la distan\u021b\u0103 de ethernet \u00eentr-un singur mediu NAW Control<\/p>\n<p>&nbsp;<\/p>\n","protected":false},"excerpt":{"rendered":"<p>Calitatea si posibilitatile de configurare ale acestui mic set il plaseaza in fruntea produselor noastre destinate trupelor, DJ-ilor mobili si instalatiilor mici (centre culturale, teatre etc.) Componente active: Amplificatoarele de clasa D complet integrate cu procesoare DSP asigura cea mai mare putere posibila, confort \u0219i siguran\u021b\u0103 \u0219i control u\u0219or. Designul bine g\u00e2ndit al ghidului de und\u0103 asimetric AST14a \u00eei permite s\u0103 deserveasc\u0103 o gam\u0103 larg\u0103 de evenimente \u0219i s\u0103li de spectacol, de la un auditoriu mic p\u00e2n\u0103 la loca\u021bii mari \u00een aer liber. Conecta\u021bi cablurile de semnal \u0219i bucura\u021bi-v\u0103 de sunet de cea mai \u00eenalt\u0103 calitate. Pentru concerte mai mari de 500 de persoane &#8211; este u\u0219or! conecta\u021bi bas pasiv suplimentar MBR118 sau al\u021bi sateli\u021bi AST14a. Ca de obicei la NAW &#8211; acord\u0103m aten\u021bie scalabilit\u0103\u021bii \u0219i rentabilit\u0103\u021bii rapide a investi\u021biei dumneavoastr\u0103.<\/p>\n","protected":false},"featured_media":7344,"comment_status":"open","ping_status":"closed","template":"","meta":[],"product_brand":[],"product_cat":[343,42],"product_tag":[69,410,411,1370,1368,344,407,1371,1369,409],"class_list":{"0":"post-7343","1":"product","2":"type-product","3":"status-publish","4":"has-post-thumbnail","6":"product_cat-naw-audio","7":"product_cat-promotii","8":"product_tag-bas","9":"product_tag-boxe-active","10":"product_tag-boxe-pasive","11":"product_tag-instalatii-profesionale","12":"product_tag-instalatii-stadion","13":"product_tag-naw-audio","14":"product_tag-sistem-sunet","15":"product_tag-sonorizare-biserici","16":"product_tag-sonorizare-stadion","17":"product_tag-topi","19":"first","20":"instock","21":"sale","22":"purchasable","23":"product-type-simple"},"jetpack_sharing_enabled":true,"_links":{"self":[{"href":"https:\/\/quintett.eu\/index.php?rest_route=\/wp\/v2\/product\/7343","targetHints":{"allow":["GET"]}}],"collection":[{"href":"https:\/\/quintett.eu\/index.php?rest_route=\/wp\/v2\/product"}],"about":[{"href":"https:\/\/quintett.eu\/index.php?rest_route=\/wp\/v2\/types\/product"}],"replies":[{"embeddable":true,"href":"https:\/\/quintett.eu\/index.php?rest_route=%2Fwp%2Fv2%2Fcomments&post=7343"}],"wp:featuredmedia":[{"embeddable":true,"href":"https:\/\/quintett.eu\/index.php?rest_route=\/wp\/v2\/media\/7344"}],"wp:attachment":[{"href":"https:\/\/quintett.eu\/index.php?rest_route=%2Fwp%2Fv2%2Fmedia&parent=7343"}],"wp:term":[{"taxonomy":"product_brand","embeddable":true,"href":"https:\/\/quintett.eu\/index.php?rest_route=%2Fwp%2Fv2%2Fproduct_brand&post=7343"},{"taxonomy":"product_cat","embeddable":true,"href":"https:\/\/quintett.eu\/index.php?rest_route=%2Fwp%2Fv2%2Fproduct_cat&post=7343"},{"taxonomy":"product_tag","embeddable":true,"href":"https:\/\/quintett.eu\/index.php?rest_route=%2Fwp%2Fv2%2Fproduct_tag&post=7343"}],"curies":[{"name":"wp","href":"https:\/\/api.w.org\/{rel}","templated":true}]}}