{"id":7350,"date":"2022-01-27T10:50:05","date_gmt":"2022-01-27T08:50:05","guid":{"rendered":"https:\/\/quintett.eu\/?post_type=product&#038;p=7350"},"modified":"2025-03-05T16:15:38","modified_gmt":"2025-03-05T14:15:38","slug":"7350","status":"publish","type":"product","link":"https:\/\/quintett.eu\/?product=7350","title":{"rendered":"NAW VMS1512 Sound system"},"content":{"rendered":"<p>SETUL INCLUDE:<br \/>\nDoi sateli\u021bi pasivi VSC12f cu un difuzor coaxial \u00a0\u0219i un suport trepied cu un unghi de func\u021bionare reglabil continuu<br \/>\nMBR115a2.1 DSP bas activ,cu amplificator integrat de 4100 W cu 3 canale, preamplificator digital cu toate func\u021biile DSP, control prin Ethernet \u0219i software dedicat<br \/>\nBas pasiv MBR115<br \/>\nToate cablurile &#8211; cu conectica Neutrik Speakon (cablu 2,5 mm2) \u0219i cabluri de curent cu conectori Powercon<br \/>\nSuporturi la alegere \u00a0&#8211; Stand pentru difuzoare standard sau montat pe bas<\/p>\n<h3><span class=\"\">SYSTEM TECHNICAL INFORMATION:<\/span><\/h3>\n<ul>\n<li>Inputs: Number of inputs 2, Impedance 20kOhm, Dynamic range 120dB (A), 10 points parametric EQ, Nominal input level + 6dBu, Maximum input level + 23dBu, Headroom 17dBu, 24Bit processing, Input delay 800ms (274m),<\/li>\n<li>Outputs: Number of outputs 3, Dynamic range 117 dB (A), 10 points parametric EQ, 24-bit converter, Delay 8ms (2.74m)<\/li>\n<li>USB and Ethernet connectors for control from PC \/ MAC (NAW Control software included)<\/li>\n<li>VMS 1512 system power: <strong>3300W<\/strong>\n<ul>\n<li>2x400W satellites,<\/li>\n<li>2500W bass<\/li>\n<li>it is possible to connect additional 2 satellites and load the power amplifier up to 4Ohm<\/li>\n<\/ul>\n<\/li>\n<li>VSC12F satellite:\n<ul>\n<li>Power (nominal): 400W @ 8Ohm<\/li>\n<li><span class=\"\">Speaker: Coaxial B&amp;C 12 &#8222;\/ 3&#8220; LF + 1.5 &#8222;\/ 3&#8220; HF<\/span><\/li>\n<li>Frequency response (-3dB): 90Hz &#8211; 18kHz<\/li>\n<li>Efficiency (1W \/ 1m): 98dB<\/li>\n<li>Dimensions: 462H x 420W x 410D<\/li>\n<li>Weight: 19kg<\/li>\n<\/ul>\n<\/li>\n<li>Bass MBR115:\n<ul>\n<li>Power (nominal): 1000W @ 8Ohm<\/li>\n<li>Speaker: B&amp;C 15 &#8222;\/ 4&#8220; neodymium and high Xmax<\/li>\n<li>Frequency response (-3dB): 40Hz &#8211; 115Hz<\/li>\n<li>Efficiency (1W \/ 1m \/ halfspace): 97dB \/ 103dB<\/li>\n<li>Dimensions: 462H x 500W x 560D<\/li>\n<li>Weight: 28 kg<\/li>\n<\/ul>\n<\/li>\n<\/ul>\n","protected":false},"excerpt":{"rendered":"<p>Un sistem mobil, foarte mic \u0219i u\u0219or de utilizat pentru evenimentele de p\u00e2n\u0103 la 300 de persoane, cu DSP \u0219i control ethernet de la distan\u021b\u0103.<br \/>\nSistemul de sunet integrat al seriei VMS model 1512 este un set activ bazat pe componente de cea mai inalta calitate, oferind un SPL foarte ridicat si o calitate ridicata a sunetului datorita folosirii unor difuzoare si amplificatoare de putere inovatoare. Satelitul VSC12F bazat pe difuzorul coaxial MF12 &#8222;\/ HF3&#8243; \u0219i basul MBR115 de 15 &#8220; sunt reglate cu un amplificator \u00eencorporat cu trei canale \u0219i un preamplificator digital DSP dedicat. Sistemul cu patru elemente (2xbas 2x satelit) este capabil s\u0103 produc\u0103 peste 130dB SPL \u00een banda utilizabila (35Hz-18kHz).Preamplificatorul este dotat cu limitatoare de intrare si limitatoare de amplificatoare de putere care protejeaza optim sistemul .Amplificatoarele de putere realizate in clasa D din generatia a 3-a sunt echipate cu protectii de curent si termice in conformitate cu Standarde europene CE.Setul este perfect pentru trupe si DJ care apreciaza confortul &#8211; asamblare rapida, greutate redusa si sunet frumos .<br \/>\nMarele avantaj al setului este scalabilitatea acestuia, adic\u0103 posibilitatea extinderii cu module noi f\u0103r\u0103 fenomene acustice negative. Cu dou\u0103 astfel de seturi, pute\u021bi face mici activit\u0103\u021bi \u00een aer liber pentru aproximativ 1000 de persoane. Avem un set de accesorii pentru suspendarea sateli\u021bilor pe scene \u0219i \u00een instala\u021bii.<\/p>\n","protected":false},"featured_media":7352,"comment_status":"open","ping_status":"closed","template":"","meta":[],"product_brand":[],"product_cat":[343,42],"product_tag":[406,410,414,1370,1368,344,1374,1375,1371,1369,412],"class_list":{"0":"post-7350","1":"product","2":"type-product","3":"status-publish","4":"has-post-thumbnail","6":"product_cat-naw-audio","7":"product_cat-promotii","8":"product_tag-boxe","9":"product_tag-boxe-active","10":"product_tag-boxe-coaxiale","11":"product_tag-instalatii-profesionale","12":"product_tag-instalatii-stadion","13":"product_tag-naw-audio","14":"product_tag-sistem-de-sunet","15":"product_tag-sisteme-audio","16":"product_tag-sonorizare-biserici","17":"product_tag-sonorizare-stadion","18":"product_tag-systeme-audio","20":"first","21":"instock","22":"sale","23":"purchasable","24":"product-type-simple"},"jetpack_sharing_enabled":true,"_links":{"self":[{"href":"https:\/\/quintett.eu\/index.php?rest_route=\/wp\/v2\/product\/7350","targetHints":{"allow":["GET"]}}],"collection":[{"href":"https:\/\/quintett.eu\/index.php?rest_route=\/wp\/v2\/product"}],"about":[{"href":"https:\/\/quintett.eu\/index.php?rest_route=\/wp\/v2\/types\/product"}],"replies":[{"embeddable":true,"href":"https:\/\/quintett.eu\/index.php?rest_route=%2Fwp%2Fv2%2Fcomments&post=7350"}],"wp:featuredmedia":[{"embeddable":true,"href":"https:\/\/quintett.eu\/index.php?rest_route=\/wp\/v2\/media\/7352"}],"wp:attachment":[{"href":"https:\/\/quintett.eu\/index.php?rest_route=%2Fwp%2Fv2%2Fmedia&parent=7350"}],"wp:term":[{"taxonomy":"product_brand","embeddable":true,"href":"https:\/\/quintett.eu\/index.php?rest_route=%2Fwp%2Fv2%2Fproduct_brand&post=7350"},{"taxonomy":"product_cat","embeddable":true,"href":"https:\/\/quintett.eu\/index.php?rest_route=%2Fwp%2Fv2%2Fproduct_cat&post=7350"},{"taxonomy":"product_tag","embeddable":true,"href":"https:\/\/quintett.eu\/index.php?rest_route=%2Fwp%2Fv2%2Fproduct_tag&post=7350"}],"curies":[{"name":"wp","href":"https:\/\/api.w.org\/{rel}","templated":true}]}}